{"id":126,"date":"2022-02-13T18:52:24","date_gmt":"2022-02-13T18:52:24","guid":{"rendered":"https:\/\/whatthefont.net\/?page_id=126"},"modified":"2022-03-20T11:10:10","modified_gmt":"2022-03-20T11:10:10","slug":"infos-generales-2","status":"publish","type":"page","link":"https:\/\/intellikid.com\/en\/infos-generales-2\/","title":{"rendered":"General information"},"content":{"rendered":"\t\t<div data-elementor-type=\"wp-page\" data-elementor-id=\"126\" class=\"elementor elementor-126\" data-elementor-post-type=\"page\">\n\t\t\t\t\t\t<section class=\"elementor-section elementor-top-section elementor-element elementor-element-73e9666 elementor-section-content-bottom elementor-section-height-min-height elementor-section-items-stretch elementor-section-boxed elementor-section-height-default\" data-id=\"73e9666\" data-element_type=\"section\" data-e-type=\"section\" data-settings=\"{&quot;background_background&quot;:&quot;classic&quot;,&quot;animation&quot;:&quot;none&quot;,&quot;shape_divider_bottom&quot;:&quot;vamtam-waves&quot;,&quot;shape_divider_top&quot;:&quot;vamtam-waves&quot;}\">\n\t\t\t\t\t\t<div class=\"elementor-container elementor-column-gap-default\">\n\t\t\t\t\t<div class=\"elementor-column elementor-col-50 elementor-top-column elementor-element elementor-element-ec775e1\" data-id=\"ec775e1\" data-element_type=\"column\" data-e-type=\"column\">\n\t\t\t<div class=\"elementor-widget-wrap elementor-element-populated\">\n\t\t\t\t\t\t<div class=\"elementor-element elementor-element-9383ac5 elementor-widget elementor-widget-woocommerce-breadcrumb\" data-id=\"9383ac5\" data-element_type=\"widget\" data-e-type=\"widget\" data-widget_type=\"woocommerce-breadcrumb.default\">\n\t\t\t\t<div class=\"elementor-widget-container\">\n\t\t\t\t\t<nav class=\"woocommerce-breadcrumb\" aria-label=\"Breadcrumb\">Home<\/nav>\t\t\t\t<\/div>\n\t\t\t\t<\/div>\n\t\t\t\t\t<\/div>\n\t\t<\/div>\n\t\t\t\t<div class=\"elementor-column elementor-col-50 elementor-top-column elementor-element elementor-element-d4e9242 elementor-hidden-phone\" data-id=\"d4e9242\" data-element_type=\"column\" data-e-type=\"column\">\n\t\t\t<div class=\"elementor-widget-wrap elementor-element-populated\">\n\t\t\t\t\t\t<div class=\"elementor-element elementor-element-2c0a36d elementor-invisible elementor-widget elementor-widget-image\" data-id=\"2c0a36d\" data-element_type=\"widget\" data-e-type=\"widget\" data-settings=\"{&quot;_animation&quot;:&quot;bounceInUp&quot;,&quot;motion_fx_scale_effect&quot;:&quot;yes&quot;,&quot;motion_fx_scale_direction&quot;:&quot;in-out&quot;,&quot;motion_fx_scale_range&quot;:{&quot;unit&quot;:&quot;%&quot;,&quot;size&quot;:&quot;&quot;,&quot;sizes&quot;:{&quot;start&quot;:50,&quot;end&quot;:100}},&quot;motion_fx_motion_fx_scrolling&quot;:&quot;yes&quot;,&quot;motion_fx_scale_speed&quot;:{&quot;unit&quot;:&quot;px&quot;,&quot;size&quot;:6,&quot;sizes&quot;:[]},&quot;motion_fx_devices&quot;:[&quot;desktop&quot;]}\" data-widget_type=\"image.default\">\n\t\t\t\t<div class=\"elementor-widget-container\">\n\t\t\t\t\t\t\t\t\t\t\t\t\t\t\t<img loading=\"lazy\" decoding=\"async\" loading=\"lazy\" width=\"157\" height=\"145\" src=\"https:\/\/intellikid.com\/wp-content\/uploads\/2019\/11\/fox-color.svg\" class=\"attachment-large size-large wp-image-405\" alt=\"\" \/>\t\t\t\t\t\t\t\t\t\t\t\t\t\t\t<\/div>\n\t\t\t\t<\/div>\n\t\t\t\t\t<\/div>\n\t\t<\/div>\n\t\t\t\t\t<\/div>\n\t\t<\/section>\n\t\t\t\t<section class=\"elementor-section elementor-top-section elementor-element elementor-element-7a9dac8 elementor-section-boxed elementor-section-height-default elementor-section-height-default\" data-id=\"7a9dac8\" data-element_type=\"section\" data-e-type=\"section\">\n\t\t\t\t\t\t<div class=\"elementor-container elementor-column-gap-default\">\n\t\t\t\t\t<div class=\"elementor-column elementor-col-100 elementor-top-column elementor-element elementor-element-4bd9524\" data-id=\"4bd9524\" data-element_type=\"column\" data-e-type=\"column\">\n\t\t\t<div class=\"elementor-widget-wrap elementor-element-populated\">\n\t\t\t\t\t\t<div class=\"elementor-element elementor-element-2aa99c3 elementor-widget elementor-widget-text-editor\" data-id=\"2aa99c3\" data-element_type=\"widget\" data-e-type=\"widget\" data-widget_type=\"text-editor.default\">\n\t\t\t\t<div class=\"elementor-widget-container\">\n\t\t\t\t\t\t\t\t\t<p><strong>D\u00e9couverte et apprentissage par le jeu \u00e9ducatif : jeux questionnaires (Quiz) et jeux scientifiques.<\/strong><\/p><p>L\u2019objectif d\u2019INTELLI-KID est de faire vivre aux enfants, mais aussi aux jeunes et leurs familles des moments d\u2019apprentissage divertissants et \u00e9ducatifs visant la sensibilisation envers la nature, l\u2019environnement, les animaux menac\u00e9s, la sant\u00e9 et les saines habitudes de vie, les traditions et diff\u00e9rentes cultures du monde. Nous abordons aussi les th\u00e8mes comme la s\u00e9curit\u00e9 des jeunes, et la conservation des for\u00eats.Pour y arriver, nous avons d\u00e9velopp\u00e9 des jeux \u00e9ducatifs grand et petits formats ainsi que des animations de sensibilisation en lien \u00e0 ces th\u00e9matiques.<\/p><p>Les enfants apprennent tr\u00e8s facilement par le jeu car c\u2019est dans leur nature de jouer. Il est donc essentiel de profiter de cette facult\u00e9 qu\u2019ont les enfants \u00e0 apprendre tout en jouant et en ayant du plaisir.<\/p><p>\u00a0<\/p><p><strong>Les animations de sensibilisation du public de tous \u00e2ges avec des grandes roues de quiz portent sur des th\u00e8mes d\u2019actualit\u00e9 suivants:<\/strong> <br \/>Environnement (ENVIRO-QUIZ), 3RV (R\u00e9\u00e9ducation de d\u00e9chets, R\u00e9utilisation, Recyclage, Valorisation), BIODIVERSIT\u00c9, saines habitudes de vie (ENVIRO-SANT\u00c9), DIVERSIT\u00c9 CULTURELLE, S\u00c9CURIT\u00c9 des jeunes (public), FOR\u00caTS (FOR\u00caT en JEU, ROUE DE LA CHANCE,(pour tirages, pour s\u2019amuser), ROUE SANS TH\u00c8ME.<\/p><p>\u00a0<\/p><p><strong>Jeux et kits scientifiques:<\/strong> la majorit\u00e9 de kits et jeux scientifiques ont pour r\u00f4le d\u2019\u00e9veiller la curiosit\u00e9 des jeunes, de les encourager \u00e0 s\u2019\u00e9merveiller devant la science, tout en se questionnant sur le pourquoi et comment des ph\u00e9nom\u00e8nes et en r\u00e9fl\u00e9chissant \u00e0 des solutions ou \u00e0 des explications de leurs observations.<\/p><p><br \/><strong>POPULATIONS SERVIES :<\/strong><br \/>Individus \u2013 famille \u2013 enfants, \u00e9coles et services de garde, camps de jour, municipalit\u00e9s, ONG- OSBL. associations et groupes divers, biblioth\u00e8ques, r\u00e9sidences pour les retrait\u00e9s et familles.<\/p><p><strong>Pour plus d\u2019informations sur nos produit, consultez les autres cat\u00e9gories de cette section : PRODUITS &amp; SERVICES.<\/strong><\/p>\t\t\t\t\t\t\t\t<\/div>\n\t\t\t\t<\/div>\n\t\t\t\t\t<\/div>\n\t\t<\/div>\n\t\t\t\t\t<\/div>\n\t\t<\/section>\n\t\t\t\t<\/div>\n\t\t","protected":false},"excerpt":{"rendered":"<p>D\u00e9couverte et apprentissage par le jeu \u00e9ducatif : jeux questionnaires (Quiz) et jeux scientifiques. L\u2019objectif d\u2019INTELLI-KID est de faire vivre aux enfants, mais aussi aux jeunes et leurs familles des moments d\u2019apprentissage divertissants et \u00e9ducatifs visant la sensibilisation envers la nature, l\u2019environnement, les animaux menac\u00e9s, la sant\u00e9 et les saines habitudes de vie, les traditions&#8230;<\/p>","protected":false},"author":1,"featured_media":0,"parent":0,"menu_order":0,"comment_status":"closed","ping_status":"closed","template":"","meta":{"nf_dc_page":"","footnotes":""},"class_list":["post-126","page","type-page","status-publish","hentry"],"_links":{"self":[{"href":"https:\/\/intellikid.com\/en\/wp-json\/wp\/v2\/pages\/126","targetHints":{"allow":["GET"]}}],"collection":[{"href":"https:\/\/intellikid.com\/en\/wp-json\/wp\/v2\/pages"}],"about":[{"href":"https:\/\/intellikid.com\/en\/wp-json\/wp\/v2\/types\/page"}],"author":[{"embeddable":true,"href":"https:\/\/intellikid.com\/en\/wp-json\/wp\/v2\/users\/1"}],"replies":[{"embeddable":true,"href":"https:\/\/intellikid.com\/en\/wp-json\/wp\/v2\/comments?post=126"}],"version-history":[{"count":11,"href":"https:\/\/intellikid.com\/en\/wp-json\/wp\/v2\/pages\/126\/revisions"}],"predecessor-version":[{"id":988560,"href":"https:\/\/intellikid.com\/en\/wp-json\/wp\/v2\/pages\/126\/revisions\/988560"}],"wp:attachment":[{"href":"https:\/\/intellikid.com\/en\/wp-json\/wp\/v2\/media?parent=126"}],"curies":[{"name":"wp","href":"https:\/\/api.w.org\/{rel}","templated":true}]}}