{"id":128,"date":"2022-02-13T18:53:03","date_gmt":"2022-02-13T18:53:03","guid":{"rendered":"https:\/\/whatthefont.net\/?page_id=128"},"modified":"2022-05-16T17:06:07","modified_gmt":"2022-05-16T17:06:07","slug":"science-2","status":"publish","type":"page","link":"https:\/\/intellikid.com\/en\/science-2\/","title":{"rendered":"Science"},"content":{"rendered":"\t\t<div data-elementor-type=\"wp-page\" data-elementor-id=\"128\" class=\"elementor elementor-128\" data-elementor-post-type=\"page\">\n\t\t\t\t\t\t<section class=\"elementor-section elementor-top-section elementor-element elementor-element-8c66a0d elementor-section-content-bottom elementor-section-height-min-height elementor-section-items-stretch elementor-section-boxed elementor-section-height-default\" data-id=\"8c66a0d\" data-element_type=\"section\" data-e-type=\"section\" data-settings=\"{&quot;background_background&quot;:&quot;classic&quot;,&quot;animation&quot;:&quot;none&quot;,&quot;shape_divider_bottom&quot;:&quot;vamtam-waves&quot;,&quot;shape_divider_top&quot;:&quot;vamtam-waves&quot;}\">\n\t\t\t\t\t\t<div class=\"elementor-container elementor-column-gap-default\">\n\t\t\t\t\t<div class=\"elementor-column elementor-col-50 elementor-top-column elementor-element elementor-element-232beb2\" data-id=\"232beb2\" data-element_type=\"column\" data-e-type=\"column\">\n\t\t\t<div class=\"elementor-widget-wrap elementor-element-populated\">\n\t\t\t\t\t\t<div class=\"elementor-element elementor-element-d6cee3f elementor-widget elementor-widget-woocommerce-breadcrumb\" data-id=\"d6cee3f\" data-element_type=\"widget\" data-e-type=\"widget\" data-widget_type=\"woocommerce-breadcrumb.default\">\n\t\t\t\t<div class=\"elementor-widget-container\">\n\t\t\t\t\t<nav class=\"woocommerce-breadcrumb\" aria-label=\"Breadcrumb\">Home<\/nav>\t\t\t\t<\/div>\n\t\t\t\t<\/div>\n\t\t\t\t\t<\/div>\n\t\t<\/div>\n\t\t\t\t<div class=\"elementor-column elementor-col-50 elementor-top-column elementor-element elementor-element-4535a13 elementor-hidden-phone\" data-id=\"4535a13\" data-element_type=\"column\" data-e-type=\"column\">\n\t\t\t<div class=\"elementor-widget-wrap elementor-element-populated\">\n\t\t\t\t\t\t<div class=\"elementor-element elementor-element-633f87e elementor-invisible elementor-widget elementor-widget-image\" data-id=\"633f87e\" data-element_type=\"widget\" data-e-type=\"widget\" data-settings=\"{&quot;_animation&quot;:&quot;bounceInUp&quot;,&quot;motion_fx_scale_effect&quot;:&quot;yes&quot;,&quot;motion_fx_scale_direction&quot;:&quot;in-out&quot;,&quot;motion_fx_scale_range&quot;:{&quot;unit&quot;:&quot;%&quot;,&quot;size&quot;:&quot;&quot;,&quot;sizes&quot;:{&quot;start&quot;:50,&quot;end&quot;:100}},&quot;motion_fx_motion_fx_scrolling&quot;:&quot;yes&quot;,&quot;motion_fx_scale_speed&quot;:{&quot;unit&quot;:&quot;px&quot;,&quot;size&quot;:6,&quot;sizes&quot;:[]},&quot;motion_fx_devices&quot;:[&quot;desktop&quot;]}\" data-widget_type=\"image.default\">\n\t\t\t\t<div class=\"elementor-widget-container\">\n\t\t\t\t\t\t\t\t\t\t\t\t\t\t\t<img loading=\"lazy\" decoding=\"async\" loading=\"lazy\" width=\"157\" height=\"145\" src=\"https:\/\/intellikid.com\/wp-content\/uploads\/2019\/11\/fox-color.svg\" class=\"attachment-large size-large wp-image-405\" alt=\"\" \/>\t\t\t\t\t\t\t\t\t\t\t\t\t\t\t<\/div>\n\t\t\t\t<\/div>\n\t\t\t\t\t<\/div>\n\t\t<\/div>\n\t\t\t\t\t<\/div>\n\t\t<\/section>\n\t\t\t\t<section class=\"elementor-section elementor-top-section elementor-element elementor-element-937cdf3 elementor-section-boxed elementor-section-height-default elementor-section-height-default\" data-id=\"937cdf3\" data-element_type=\"section\" data-e-type=\"section\">\n\t\t\t\t\t\t<div class=\"elementor-container elementor-column-gap-default\">\n\t\t\t\t\t<div class=\"elementor-column elementor-col-100 elementor-top-column elementor-element elementor-element-fdcc6cc\" data-id=\"fdcc6cc\" data-element_type=\"column\" data-e-type=\"column\">\n\t\t\t<div class=\"elementor-widget-wrap elementor-element-populated\">\n\t\t\t\t\t\t<div class=\"elementor-element elementor-element-b14145b elementor-widget elementor-widget-text-editor\" data-id=\"b14145b\" data-element_type=\"widget\" data-e-type=\"widget\" data-widget_type=\"text-editor.default\">\n\t\t\t\t<div class=\"elementor-widget-container\">\n\t\t\t\t\t\t\t\t\t<p><b>DANS LES CAT\u00c9GORIES SUBS\u00c9QUENTES DE CETTE SECTION (PHOTOS\/VID\u00c9OS), VOUS TROUVEREZ DES PHOTOS ET VID\u00c9OS D\u00c9MONTRANT DES EXP\u00c9RIENCES SCIENTIFIQUES QU\u2019ON PEUT R\u00c9ALISER AVEC NOS PRODUITS.<\/b><\/p><p>\u00a0<\/p><p><b>Mais tout d\u2019abord un rappel sur les diff\u00e9rentes exp\u00e9riences que nous vous proposons.<\/b><b><br \/><br \/><\/b><\/p><p><b>INFORMATIONS SUR LES ACTIVIT\u00c9S OU PROJETS SCIENTIFIQUES AMUSANTS \u00c0 R\u00c9ALISER DANS LE MILIEU SCOLAIRE, PARASCOLAIRE ET FAMILIALE.\u00a0<\/b><\/p><p>\u00a0<\/p><p><span style=\"font-weight: 400;\">Vous pouvez aussi nous contacter pour obtenir plus d\u2019information ou pour obtenir un guide p\u00e9dagogique ou technique sur les produits relatifs aux sciences.<\/span><\/p><p>\u00a0<\/p><p><b>PROJET 1 : PLANTES ET LEURS RACINES.<\/b> <span style=\"font-weight: 400;\"><br \/><\/span><span style=\"font-weight: 400;\">Faire pousser les plantes dans le SOL CRISTALLIN. Le monde cach\u00e9 des racines: exp\u00e9riences fascinantes et captivantes!<\/span><\/p><p><span style=\"font-weight: 400;\">Il s\u2019agit de mettre en place un milieu de vie \u00e9quilibr\u00e9, sain et viable n\u00e9cessaire \u00e0 la survie et au d\u00e9veloppement optimal des plantes choisie(s) pour l\u2019\u00e9tude.\u00a0<\/span><\/p><p><span style=\"font-weight: 400;\">D\u00e9couverte quelques plantes, de leurs graines et de leurs racines : Scarlet Runner (haricot grimpant) et tournesol.<\/span><\/p><p><span style=\"font-weight: 400;\">Scarlet Runner : une plante spectaculaire, qui germe relativement vite, pousse rapidement, fleurie toute la saison et donne des succulents haricots.<\/span><\/p><p><span style=\"font-weight: 400;\">On peut se procurer le SOL CRISTALLIN avec les graines dans notre section PRODUITS &amp; SERVICES (Sciences).<\/span><\/p><p><span style=\"font-weight: 400;\">Pour plus d\u2019information sur ce projet, veuillez nous contacter.<\/span><\/p><p>\u00a0<\/p><p><b>PROJET 2 : TRIOPS<\/b><span style=\"font-weight: 400;\"> (cr\u00e9atures pr\u00e9historiques). Le projet consiste \u00e0 faire \u00e9clore les Triops, \u00e0 observer leur croissance et \u00e0 faire des relev\u00e9s des donn\u00e9es recueillies, et enfin \u00e0 tirer des conclusions.<\/span><\/p><p><span style=\"font-weight: 400;\">C\u00e9er tableau d\u2019observations du cycle de vie des Triops: \u00e9closion, nourriture et soins, suivie de la croissance, comportements, variation de facteurs, reproduction et la mort.<\/span><span style=\"font-weight: 400;\"><br \/><br \/><\/span><\/p><p><span style=\"font-weight: 400;\">Cet ensemble scientifique, TRIOPS, est un outil p\u00e9dagogique puissant pour favoriser le d\u00e9veloppement des comp\u00e9tences en sciences : formuler des observations, \u00e9mettre des hypoth\u00e8ses, utiliser l\u2019esprit critique, etc. <\/span><span style=\"font-weight: 400;\"><br \/><\/span><span style=\"font-weight: 400;\"><br \/><\/span><span style=\"font-weight: 400;\">L\u2019exp\u00e9rience avec les triops est unique, excitante et bien vivante que vous n\u2019oublierez jamais, ni vos \u00e9l\u00e8ves!\u00a0<\/span><\/p><p>\u00a0<\/p><p><b>PROJET 3 : D\u00c9LICE DES DINOSAURES.<\/b><\/p><p>\u00a0<\/p><p><span style=\"font-weight: 400;\">La plante D\u00c9LICE DES DINOSAURES, est une merveille unique et existe sur Terre depuis plus de 290 millions d\u2019ann\u00e9es. Elle a la capacit\u00e9 de \u00ab revenir \u00e0 la vie \u00bb encore et encore pendant des centaines d\u2019ann\u00e9es.<\/span><\/p><p>\u00a0<\/p><p><span style=\"font-weight: 400;\">Ce kit complet comprend tout le n\u00e9cessaire pour entretenir cette survivante de l\u2019\u00e2ge des dinosaures : la plante, son support, et des instructions. Pour plus d\u2019information, pri\u00e8re de communiquer avec nous.\u00a0<\/span><\/p><p>\u00a0<\/p><p><b>PROJET 4 : LES POIS SAUTEURS MEXICAINS.<\/b><span style=\"font-weight: 400;\"> Une exp\u00e9rience fascinante pour les jeunes.\u00a0<\/span><\/p><p>\u00a0<\/p><p><span style=\"font-weight: 400;\">Avec les Pois sauteurs mexicains, on peut r\u00e9aliser des exp\u00e9riences scientifiques tr\u00e8s int\u00e9ressantes et intrigantes. Explorer diff\u00e9rentes hypoth\u00e8ses : le pois sauteur est un animal; le pois sauteur est un fruit! Le pois sauteur saute car il a beaucoup d\u2019\u00e9nergie, d\u2019autres hypoth\u00e8ses sont possibles. \u00c0 la fin de l&#8217;exploration et de l&#8217;observation des Pois sauteurs, participants peuvent jouer en utilisent la petite planche de jeu fournie.<\/span><\/p><p><span style=\"font-weight: 400;\">Le feuillet d&#8217;instructions inclus dans sugg\u00e8re plusieurs exp\u00e9riences scientifiques tr\u00e8s, tr\u00e8s &#8220;cool&#8217; du niveau primaire et secondaire.<\/span><\/p><p><span style=\"font-weight: 400;\"><b style=\"color: var(--vamtam-primary-font-color); letter-spacing: var(--vamtam-primary-font-letter-spacing-desktop,normal); text-transform: var(--vamtam-primary-font-transform,none);\">PROJET 5 : NEIGE DE L\u2019ESPACE. Avec de la poudre de NEIGE DE L&#8217;ESPACE on peut r\u00e9aliser des exp\u00e9riences scientifiques tr\u00e8s int\u00e9ressantes et impressionnants. Elles sont tous d\u00e9taill\u00e9es dans le feuillet de r\u00e8glements inclus dans le l\u2019emballage. Apr\u00e8s les exp\u00e9riences, vous pouvez vous amuser \u00e0 faire de la neige instantan\u00e9e! Elle se garde pendant des semaines ! Elle est r\u00e9utilisable! Elle brille et scintille et ressemble \u00e0 de la vraie neige! Le feuillet d&#8217;instructions inclus dans sugg\u00e8re plusieurs exp\u00e9riences scientifiques tr\u00e8s, tr\u00e8s &#8220;cool&#8217; du niveau primaire et secondaire.PROJET 6 : SABLE DE MARS.\u00a0<\/b><br \/><\/span><\/p><p><b><br \/><\/b><span style=\"font-weight: 400;\">Avec de la poudre de SABLE DE MARS on peut r\u00e9aliser des exp\u00e9riences scientifiques tr\u00e8s int\u00e9ressantes et impressionnants. Ils sont tous d\u00e9taill\u00e9es dans le feuillet de r\u00e8glements inclus dans le l\u2019emballage. Apr\u00e8s les exp\u00e9riences, vous pouvez vous amuser \u00e0 jouer avec le sable dans l\u2019eau, \u00e0 construire sculptures, etc.\u00a0<\/span><\/p><p><span style=\"font-weight: 400;\">Le feuillet d&#8217;instructions inclus dans sugg\u00e8re plusieurs exp\u00e9riences scientifiques tr\u00e8s, tr\u00e8s &#8220;cool&#8217; du niveau primaire et secondaire.<\/span><span style=\"font-weight: 400;\"><br \/><\/span><span style=\"font-weight: 400;\"><br \/><\/span><b>PROJET 7\u00a0: PERLES DES \u00c9TOILES.<\/b><b><br \/><\/b><span style=\"font-weight: 400;\"><br \/><\/span><span style=\"font-weight: 400;\">Les Perles des \u00e9toiles ressemblent \u00e0 des perles blanches ordinaires sous la <\/span><\/p><p><span style=\"font-weight: 400;\">lumi\u00e8re d\u2019une lampe ordinaire, mais elles se colorent de diff\u00e9rentes couleurs lorsqu\u2019elles sont expos\u00e9es \u00e0 la lumi\u00e8re du soleil. En fait, elles r\u00e9agissent aux rayons ultra-violets du soleil.<\/span><\/p><p><span style=\"font-weight: 400;\">Avec les Perles des \u00c9toiles on peut r\u00e9aliser des exp\u00e9riences scientifiques tr\u00e8s int\u00e9ressantes et impressionnants.\u00a0<\/span><\/p><p><span style=\"font-weight: 400;\">Elles sont tous d\u00e9taill\u00e9es dans le feuillet de r\u00e8glements inclus dans le l\u2019emballage.lumi\u00e8re d\u2019une lampe ordinaire, mais elles se colorent de diff\u00e9rentes couleurs lorsqu\u2019elles sont expos\u00e9es \u00e0 la lumi\u00e8re du soleil. En fait, elles r\u00e9agissent aux rayons ultra-violets du soleil. Avec les Perles des \u00c9toiles on peut r\u00e9aliser des exp\u00e9riences scientifiques tr\u00e8s int\u00e9ressantes et impressionnants. Elles sont tous d\u00e9taill\u00e9es dans le feuillet de r\u00e8glements inclus dans le l\u2019emballage.<\/span><\/p><p><span style=\"font-weight: 400;\"> PROJET 8 : GEMMES DE SATURNE. Ces fragments de Gemmes de Saturne absorbent jusqu\u2019\u00e0 200 fois leur volume en eau. Ce sont des polym\u00e8res inoffensifs qui, en absorbant de l\u2019eau, grossissent de la taille d\u2019un grain de roche \u00e0 celle d\u2019un caillou.<\/span><\/p><p><span style=\"font-weight: 400;\">Pour plus d\u2019informations au sujet des exp\u00e9riences, pri\u00e8re de communiquer avec nous.<\/span><\/p><p>\u00a0<\/p><p><b>Pour l\u2019achat et la description de ces produits, veuillez consulter dans notre site internet,\u00a0la section \u00ab\u00a0PRODUITS &amp; SERVICES\u00a0\u00bb <\/b><\/p>\t\t\t\t\t\t\t\t<\/div>\n\t\t\t\t<\/div>\n\t\t\t\t\t<\/div>\n\t\t<\/div>\n\t\t\t\t\t<\/div>\n\t\t<\/section>\n\t\t\t\t<\/div>\n\t\t","protected":false},"excerpt":{"rendered":"<p>DANS LES CAT\u00c9GORIES SUBS\u00c9QUENTES DE CETTE SECTION (PHOTOS\/VID\u00c9OS), VOUS TROUVEREZ DES PHOTOS ET VID\u00c9OS D\u00c9MONTRANT DES EXP\u00c9RIENCES SCIENTIFIQUES QU\u2019ON PEUT R\u00c9ALISER AVEC NOS PRODUITS. \u00a0 Mais tout d\u2019abord un rappel sur les diff\u00e9rentes exp\u00e9riences que nous vous proposons. INFORMATIONS SUR LES ACTIVIT\u00c9S OU PROJETS SCIENTIFIQUES AMUSANTS \u00c0 R\u00c9ALISER DANS LE MILIEU SCOLAIRE, PARASCOLAIRE ET FAMILIALE.\u00a0&#8230;<\/p>","protected":false},"author":1,"featured_media":0,"parent":0,"menu_order":0,"comment_status":"closed","ping_status":"closed","template":"","meta":{"nf_dc_page":"","footnotes":""},"class_list":["post-128","page","type-page","status-publish","hentry"],"_links":{"self":[{"href":"https:\/\/intellikid.com\/en\/wp-json\/wp\/v2\/pages\/128","targetHints":{"allow":["GET"]}}],"collection":[{"href":"https:\/\/intellikid.com\/en\/wp-json\/wp\/v2\/pages"}],"about":[{"href":"https:\/\/intellikid.com\/en\/wp-json\/wp\/v2\/types\/page"}],"author":[{"embeddable":true,"href":"https:\/\/intellikid.com\/en\/wp-json\/wp\/v2\/users\/1"}],"replies":[{"embeddable":true,"href":"https:\/\/intellikid.com\/en\/wp-json\/wp\/v2\/comments?post=128"}],"version-history":[{"count":5,"href":"https:\/\/intellikid.com\/en\/wp-json\/wp\/v2\/pages\/128\/revisions"}],"predecessor-version":[{"id":989002,"href":"https:\/\/intellikid.com\/en\/wp-json\/wp\/v2\/pages\/128\/revisions\/989002"}],"wp:attachment":[{"href":"https:\/\/intellikid.com\/en\/wp-json\/wp\/v2\/media?parent=128"}],"curies":[{"name":"wp","href":"https:\/\/api.w.org\/{rel}","templated":true}]}}