{"id":32,"date":"2022-02-13T18:38:59","date_gmt":"2022-02-13T18:38:59","guid":{"rendered":"https:\/\/whatthefont.net\/?page_id=32"},"modified":"2022-03-31T11:04:26","modified_gmt":"2022-03-31T11:04:26","slug":"familles","status":"publish","type":"page","link":"https:\/\/intellikid.com\/en\/familles\/","title":{"rendered":"Families"},"content":{"rendered":"\t\t<div data-elementor-type=\"wp-page\" data-elementor-id=\"32\" class=\"elementor elementor-32\" data-elementor-post-type=\"page\">\n\t\t\t\t\t\t<section class=\"elementor-section elementor-top-section elementor-element elementor-element-c579f6d elementor-section-content-bottom elementor-section-height-min-height elementor-section-items-stretch elementor-section-boxed elementor-section-height-default\" data-id=\"c579f6d\" data-element_type=\"section\" data-e-type=\"section\" data-settings=\"{&quot;background_background&quot;:&quot;classic&quot;,&quot;animation&quot;:&quot;none&quot;,&quot;shape_divider_bottom&quot;:&quot;vamtam-waves&quot;,&quot;shape_divider_top&quot;:&quot;vamtam-waves&quot;}\">\n\t\t\t\t\t\t<div class=\"elementor-container elementor-column-gap-default\">\n\t\t\t\t\t<div class=\"elementor-column elementor-col-50 elementor-top-column elementor-element elementor-element-da4633e\" data-id=\"da4633e\" data-element_type=\"column\" data-e-type=\"column\">\n\t\t\t<div class=\"elementor-widget-wrap elementor-element-populated\">\n\t\t\t\t\t\t<div class=\"elementor-element elementor-element-127e515 elementor-widget elementor-widget-woocommerce-breadcrumb\" data-id=\"127e515\" data-element_type=\"widget\" data-e-type=\"widget\" data-widget_type=\"woocommerce-breadcrumb.default\">\n\t\t\t\t<div class=\"elementor-widget-container\">\n\t\t\t\t\t<nav class=\"woocommerce-breadcrumb\" aria-label=\"Breadcrumb\">Home<\/nav>\t\t\t\t<\/div>\n\t\t\t\t<\/div>\n\t\t\t\t\t<\/div>\n\t\t<\/div>\n\t\t\t\t<div class=\"elementor-column elementor-col-50 elementor-top-column elementor-element elementor-element-4490f66 elementor-hidden-phone\" data-id=\"4490f66\" data-element_type=\"column\" data-e-type=\"column\">\n\t\t\t<div class=\"elementor-widget-wrap elementor-element-populated\">\n\t\t\t\t\t\t<div class=\"elementor-element elementor-element-a4fce5e elementor-invisible elementor-widget elementor-widget-image\" data-id=\"a4fce5e\" data-element_type=\"widget\" data-e-type=\"widget\" data-settings=\"{&quot;_animation&quot;:&quot;bounceInUp&quot;,&quot;motion_fx_scale_effect&quot;:&quot;yes&quot;,&quot;motion_fx_scale_direction&quot;:&quot;in-out&quot;,&quot;motion_fx_scale_range&quot;:{&quot;unit&quot;:&quot;%&quot;,&quot;size&quot;:&quot;&quot;,&quot;sizes&quot;:{&quot;start&quot;:50,&quot;end&quot;:100}},&quot;motion_fx_motion_fx_scrolling&quot;:&quot;yes&quot;,&quot;motion_fx_scale_speed&quot;:{&quot;unit&quot;:&quot;px&quot;,&quot;size&quot;:6,&quot;sizes&quot;:[]},&quot;motion_fx_devices&quot;:[&quot;desktop&quot;]}\" data-widget_type=\"image.default\">\n\t\t\t\t<div class=\"elementor-widget-container\">\n\t\t\t\t\t\t\t\t\t\t\t\t\t\t\t<img loading=\"lazy\" decoding=\"async\" loading=\"lazy\" width=\"157\" height=\"145\" src=\"https:\/\/intellikid.com\/wp-content\/uploads\/2019\/11\/fox-color.svg\" class=\"attachment-large size-large wp-image-405\" alt=\"\" \/>\t\t\t\t\t\t\t\t\t\t\t\t\t\t\t<\/div>\n\t\t\t\t<\/div>\n\t\t\t\t\t<\/div>\n\t\t<\/div>\n\t\t\t\t\t<\/div>\n\t\t<\/section>\n\t\t\t\t<section class=\"elementor-section elementor-top-section elementor-element elementor-element-89a5ca4 elementor-hidden-desktop elementor-hidden-tablet elementor-hidden-mobile elementor-section-boxed elementor-section-height-default elementor-section-height-default\" data-id=\"89a5ca4\" data-element_type=\"section\" data-e-type=\"section\">\n\t\t\t\t\t\t<div class=\"elementor-container elementor-column-gap-default\">\n\t\t\t\t\t<div class=\"elementor-column elementor-col-100 elementor-top-column elementor-element elementor-element-1d694d3\" data-id=\"1d694d3\" data-element_type=\"column\" data-e-type=\"column\">\n\t\t\t<div class=\"elementor-widget-wrap elementor-element-populated\">\n\t\t\t\t\t\t<div class=\"elementor-element elementor-element-a4715e6 elementor-widget elementor-widget-text-editor\" data-id=\"a4715e6\" data-element_type=\"widget\" data-e-type=\"widget\" data-widget_type=\"text-editor.default\">\n\t\t\t\t<div class=\"elementor-widget-container\">\n\t\t\t\t\t\t\t\t\t<p>Toutes les animations que nous offrons aux institutions (\u00e9coles, et ONG) peuvent \u00eatre adapt\u00e9es aux activit\u00e9s familiales, telles que les f\u00eates de familles, les anniversaires, les f\u00eates des voisins, etc.<\/p><p><br \/>Chaque jeu de quiz ou kit scientifique que nous proposons, offre une vari\u00e9t\u00e9 d\u2019activit\u00e9s \u00e9ducatives, int\u00e9ressantes et palpitantes \u00e0 r\u00e9aliser \u00e0 la maison, entre amis et avec supervision parentale (voir dans PRODUITS &amp; SERVICES).<\/p><p><br \/>L\u2019emballage de chacun de nos produit scientifique ou jeu relatif \u00e0 l\u2019environnement et la sant\u00e9, contient des r\u00e8glements tr\u00e8s d\u00e9taill\u00e9s pour r\u00e9aliser des exp\u00e9riences ou pour jouer \u00e0 un jeu particulier. Il suffit de les lire avec vos enfants et de passer \u00e0 l\u2019action. Cette \u00e9tape est importante pour bien r\u00e9ussir les exp\u00e9riences et \u00e9merveiller les enfants.<\/p><p>\u00a0<\/p><p><strong>VOICI QUELQUES EXEMPLES D\u2019EXP\u00c9RIENCES SCIENTIFIQUES :<\/strong><\/p><p><br \/><strong>SCIENCES avec nos KITS de TRIOPS dans une classe, c&#8217;est facile et fascinant :<\/strong> <br \/>Les kits de Triops se pr\u00e9sentent sous diverses formes, tout d\u00e9pend du contenu, de la qualit\u00e9 de l&#8217;aquarium et de l&#8217;emballage. Les incroyables TRIOPS datent du temps des dinosaures. En g\u00e9n\u00e9ral un ensemble contient des \u0153ufs de triops, un aquarium, des nutriments, de la nourriture, une loupe et une r\u00e9glette, un thermom\u00e8tre, (et certains du gravier, un fossile et des billes fluorescentes). Les \u0153ufs de triops se trouvent dans un \u00e9tat d&#8217;hibernation et peuvent rester sous cette forme pendant des ann\u00e9es. Ils \u00e9closent en dedans de 24 heures et grandissent tr\u00e8s vite. Un ensemble scientifique de TRIOPS est un outil p\u00e9dagogique puissant pour favoriser le d\u00e9veloppement des comp\u00e9tences en sciences : formuler des observations, \u00e9mettre des hypoth\u00e8ses, utiliser l&#8217;esprit critique, etc. L&#8217;exp\u00e9rience avec les triops est unique, excitante et bien vivante que vous n&#8217;oublierez jamais, ni vos \u00e9l\u00e8ves! ge : 6 ans \u00e0 adulte.<\/p><p><br \/><strong>SCIENCES captivantes avec nos ENSEMBLES DE PLANTES<\/strong><\/p><p><br \/>Ce kit de classe contient 10 ensembles compos\u00e9 chacun de : tube, graines, cristaux de sol cristallin et des instructions.<br \/>Un sachet renferme 20 graines de tournesol, 20 graines de haricots. En faisant pousser les graines dans un gobelet en plastique transparent rempli de sol cristallin, on peut observer facilement les racines et la germination (3-5 jours) de ces plantes. Par la suite, on sugg\u00e8re de les transplanter en terre et \u00e0 l\u2019ext\u00e9rieur.<\/p><p><br \/><strong>PRI\u00c8RE DE CONSULTER LES AUTRES CAT\u00c9GORIES DE CETTE SECTION (PRODUITS &amp; SERVICES) POUR VOIR LES AUTRES PRODUITS.<\/strong><\/p>\t\t\t\t\t\t\t\t<\/div>\n\t\t\t\t<\/div>\n\t\t\t\t\t<\/div>\n\t\t<\/div>\n\t\t\t\t\t<\/div>\n\t\t<\/section>\n\t\t\t\t<section class=\"elementor-section elementor-top-section elementor-element elementor-element-fab5c52 elementor-section-boxed elementor-section-height-default elementor-section-height-default\" data-id=\"fab5c52\" data-element_type=\"section\" data-e-type=\"section\">\n\t\t\t\t\t\t<div class=\"elementor-container elementor-column-gap-default\">\n\t\t\t\t\t<div class=\"elementor-column elementor-col-100 elementor-top-column elementor-element elementor-element-cd2c361\" data-id=\"cd2c361\" data-element_type=\"column\" data-e-type=\"column\">\n\t\t\t<div class=\"elementor-widget-wrap elementor-element-populated\">\n\t\t\t\t\t\t<div class=\"elementor-element elementor-element-289d0a3 elementor-widget elementor-widget-image\" data-id=\"289d0a3\" data-element_type=\"widget\" data-e-type=\"widget\" data-widget_type=\"image.default\">\n\t\t\t\t<div class=\"elementor-widget-container\">\n\t\t\t\t\t\t\t\t\t\t\t\t\t\t\t<img loading=\"lazy\" decoding=\"async\" loading=\"lazy\" width=\"768\" height=\"1920\" src=\"https:\/\/intellikid.com\/wp-content\/uploads\/2022\/03\/FAMILLES-P1.jpg\" class=\"attachment-full size-full wp-image-988832\" alt=\"\" srcset=\"https:\/\/intellikid.com\/wp-content\/uploads\/2022\/03\/FAMILLES-P1.jpg 768w, https:\/\/intellikid.com\/wp-content\/uploads\/2022\/03\/FAMILLES-P1-120x300.jpg 120w, https:\/\/intellikid.com\/wp-content\/uploads\/2022\/03\/FAMILLES-P1-410x1024.jpg 410w, https:\/\/intellikid.com\/wp-content\/uploads\/2022\/03\/FAMILLES-P1-614x1536.jpg 614w, https:\/\/intellikid.com\/wp-content\/uploads\/2022\/03\/FAMILLES-P1-630x1575.jpg 630w, https:\/\/intellikid.com\/wp-content\/uploads\/2022\/03\/FAMILLES-P1-420x1050.jpg 420w, https:\/\/intellikid.com\/wp-content\/uploads\/2022\/03\/FAMILLES-P1-315x788.jpg 315w\" sizes=\"auto, (max-width: 768px) 100vw, 768px\" \/>\t\t\t\t\t\t\t\t\t\t\t\t\t\t\t<\/div>\n\t\t\t\t<\/div>\n\t\t\t\t\t<\/div>\n\t\t<\/div>\n\t\t\t\t\t<\/div>\n\t\t<\/section>\n\t\t\t\t<\/div>\n\t\t","protected":false},"excerpt":{"rendered":"<p>Toutes les animations que nous offrons aux institutions (\u00e9coles, et ONG) peuvent \u00eatre adapt\u00e9es aux activit\u00e9s familiales, telles que les f\u00eates de familles, les anniversaires, les f\u00eates des voisins, etc. Chaque jeu de quiz ou kit scientifique que nous proposons, offre une vari\u00e9t\u00e9 d\u2019activit\u00e9s \u00e9ducatives, int\u00e9ressantes et palpitantes \u00e0 r\u00e9aliser \u00e0 la maison, entre amis&#8230;<\/p>","protected":false},"author":1,"featured_media":0,"parent":0,"menu_order":0,"comment_status":"closed","ping_status":"closed","template":"","meta":{"nf_dc_page":"","footnotes":""},"class_list":["post-32","page","type-page","status-publish","hentry"],"_links":{"self":[{"href":"https:\/\/intellikid.com\/en\/wp-json\/wp\/v2\/pages\/32","targetHints":{"allow":["GET"]}}],"collection":[{"href":"https:\/\/intellikid.com\/en\/wp-json\/wp\/v2\/pages"}],"about":[{"href":"https:\/\/intellikid.com\/en\/wp-json\/wp\/v2\/types\/page"}],"author":[{"embeddable":true,"href":"https:\/\/intellikid.com\/en\/wp-json\/wp\/v2\/users\/1"}],"replies":[{"embeddable":true,"href":"https:\/\/intellikid.com\/en\/wp-json\/wp\/v2\/comments?post=32"}],"version-history":[{"count":14,"href":"https:\/\/intellikid.com\/en\/wp-json\/wp\/v2\/pages\/32\/revisions"}],"predecessor-version":[{"id":988835,"href":"https:\/\/intellikid.com\/en\/wp-json\/wp\/v2\/pages\/32\/revisions\/988835"}],"wp:attachment":[{"href":"https:\/\/intellikid.com\/en\/wp-json\/wp\/v2\/media?parent=32"}],"curies":[{"name":"wp","href":"https:\/\/api.w.org\/{rel}","templated":true}]}}