{"id":33,"date":"2022-02-13T18:39:17","date_gmt":"2022-02-13T18:39:17","guid":{"rendered":"https:\/\/whatthefont.net\/?page_id=33"},"modified":"2022-03-31T11:05:59","modified_gmt":"2022-03-31T11:05:59","slug":"ecoles","status":"publish","type":"page","link":"https:\/\/intellikid.com\/en\/ecoles\/","title":{"rendered":"Schools"},"content":{"rendered":"\t\t<div data-elementor-type=\"wp-page\" data-elementor-id=\"33\" class=\"elementor elementor-33\" data-elementor-post-type=\"page\">\n\t\t\t\t\t\t<section class=\"elementor-section elementor-top-section elementor-element elementor-element-8846147 elementor-section-content-bottom elementor-section-height-min-height elementor-section-items-stretch elementor-section-boxed elementor-section-height-default\" data-id=\"8846147\" data-element_type=\"section\" data-e-type=\"section\" data-settings=\"{&quot;background_background&quot;:&quot;classic&quot;,&quot;animation&quot;:&quot;none&quot;,&quot;shape_divider_bottom&quot;:&quot;vamtam-waves&quot;,&quot;shape_divider_top&quot;:&quot;vamtam-waves&quot;}\">\n\t\t\t\t\t\t<div class=\"elementor-container elementor-column-gap-default\">\n\t\t\t\t\t<div class=\"elementor-column elementor-col-50 elementor-top-column elementor-element elementor-element-ae96402\" data-id=\"ae96402\" data-element_type=\"column\" data-e-type=\"column\">\n\t\t\t<div class=\"elementor-widget-wrap elementor-element-populated\">\n\t\t\t\t\t\t<div class=\"elementor-element elementor-element-3d851cd elementor-widget elementor-widget-woocommerce-breadcrumb\" data-id=\"3d851cd\" data-element_type=\"widget\" data-e-type=\"widget\" data-widget_type=\"woocommerce-breadcrumb.default\">\n\t\t\t\t<div class=\"elementor-widget-container\">\n\t\t\t\t\t<nav class=\"woocommerce-breadcrumb\" aria-label=\"Breadcrumb\">Home<\/nav>\t\t\t\t<\/div>\n\t\t\t\t<\/div>\n\t\t\t\t\t<\/div>\n\t\t<\/div>\n\t\t\t\t<div class=\"elementor-column elementor-col-50 elementor-top-column elementor-element elementor-element-187c57b elementor-hidden-phone\" data-id=\"187c57b\" data-element_type=\"column\" data-e-type=\"column\">\n\t\t\t<div class=\"elementor-widget-wrap elementor-element-populated\">\n\t\t\t\t\t\t<div class=\"elementor-element elementor-element-6943689 elementor-invisible elementor-widget elementor-widget-image\" data-id=\"6943689\" data-element_type=\"widget\" data-e-type=\"widget\" data-settings=\"{&quot;_animation&quot;:&quot;bounceInUp&quot;,&quot;motion_fx_scale_effect&quot;:&quot;yes&quot;,&quot;motion_fx_scale_direction&quot;:&quot;in-out&quot;,&quot;motion_fx_scale_range&quot;:{&quot;unit&quot;:&quot;%&quot;,&quot;size&quot;:&quot;&quot;,&quot;sizes&quot;:{&quot;start&quot;:50,&quot;end&quot;:100}},&quot;motion_fx_motion_fx_scrolling&quot;:&quot;yes&quot;,&quot;motion_fx_scale_speed&quot;:{&quot;unit&quot;:&quot;px&quot;,&quot;size&quot;:6,&quot;sizes&quot;:[]},&quot;motion_fx_devices&quot;:[&quot;desktop&quot;]}\" data-widget_type=\"image.default\">\n\t\t\t\t<div class=\"elementor-widget-container\">\n\t\t\t\t\t\t\t\t\t\t\t\t\t\t\t<img loading=\"lazy\" decoding=\"async\" loading=\"lazy\" width=\"157\" height=\"145\" src=\"https:\/\/intellikid.com\/wp-content\/uploads\/2019\/11\/fox-color.svg\" class=\"attachment-large size-large wp-image-405\" alt=\"\" \/>\t\t\t\t\t\t\t\t\t\t\t\t\t\t\t<\/div>\n\t\t\t\t<\/div>\n\t\t\t\t\t<\/div>\n\t\t<\/div>\n\t\t\t\t\t<\/div>\n\t\t<\/section>\n\t\t\t\t<section class=\"elementor-section elementor-top-section elementor-element elementor-element-89caeb5 elementor-hidden-desktop elementor-hidden-tablet elementor-hidden-mobile elementor-section-boxed elementor-section-height-default elementor-section-height-default\" data-id=\"89caeb5\" data-element_type=\"section\" data-e-type=\"section\">\n\t\t\t\t\t\t<div class=\"elementor-container elementor-column-gap-default\">\n\t\t\t\t\t<div class=\"elementor-column elementor-col-100 elementor-top-column elementor-element elementor-element-f8ea127\" data-id=\"f8ea127\" data-element_type=\"column\" data-e-type=\"column\">\n\t\t\t<div class=\"elementor-widget-wrap elementor-element-populated\">\n\t\t\t\t\t\t<div class=\"elementor-element elementor-element-7e2cea1 elementor-widget elementor-widget-text-editor\" data-id=\"7e2cea1\" data-element_type=\"widget\" data-e-type=\"widget\" data-widget_type=\"text-editor.default\">\n\t\t\t\t<div class=\"elementor-widget-container\">\n\t\t\t\t\t\t\t\t\t<p>les roues de quiz sont des jeu ouverts et \u00e9volutifs, int\u00e9grant le fran\u00e7ais, l\u2019anglais et autres mati\u00e8res. Nous constatons qu&#8217;il y a un grand besoin d\u2019outils comme ceux-l\u00e0, qui permettraient aux \u00e9coles de rejoindre le plus de jeunes en m\u00eame temps. On peut aussi les utiliser dans un camp de jour, aux services de garde, etc.<\/p><p><br \/><strong>\u00c0 L\u2019\u00c9COLE : COMIT\u00c9 VERT, BRIGADE VERTE, COMIT\u00c9 SANT\u00c9.<\/strong><\/p><p><br \/><strong>La grande roue de quiz est une id\u00e9e g\u00e9niale pour occuper, \u00e9duquer, et amuser les jeunes, par les jeunes, et pour l\u2019enseignant elle permet de respirer une moment.<\/strong> Voir tourner les grandes roues et participer au jeu, c\u2019est les adopter, Un ensemble de grandes roues avec des questions document\u00e9es permet aux jeunes de faire des animations eux-m\u00eames avec un minimum de supervision. Les jeunes apprendront facilement dans un contexte ludique qui leur est naturel, un tas de choses \u00e0 propos des animaux menac\u00e9s, des saines habitudes de vie, du recyclage et 3RV, de l\u2019eau, de l\u2019air, de leur s\u00e9curit\u00e9, et de la diversit\u00e9 culturelle. L\u2019apprentissage deviant alors dynamique, amusant et \u00e9ducatif.<\/p><p><br \/><strong>AVANTAGES DE LA SENSIBILISATION ET D\u2019\u00c9DUCATION DANS UN CONTEXTE LUDIQUE<\/strong><\/p><p>La joie et la bonne humeur particuli\u00e8res au contexte ludique permettent d\u2019int\u00e9grer plus facilement les apprentissages relatifs \u00e0 la protection de l\u2019environnement, aux saines habitudes de vie, \u00e0 la s\u00e9curit\u00e9 des jeunes, \u00e0 l\u2019\u00e9co-citoyennet\u00e9, etc.<\/p><p><br \/>Le fait que dans un contexte ludique l\u2019erreur soit permise et qu\u2019il y ait toujours une part de hasard, l\u2019expression verbale devient alors plus facile et moins contraignante, r\u00e9sultant ainsi en une meilleure participation compar\u00e9e au contexte d\u2019apprentissage conventionnel.<\/p><p>\u00a0<\/p><p>L\u2019ambiance relaxe et conviviale fait en sorte qu\u2019on se sent moins menac\u00e9 pour donner une r\u00e9ponse \u00e0 une question.<\/p><p><br \/><strong>LA GESTION ENVIRONNEMENTALE D\u2019UNE \u00c9COLE<\/strong> <strong>devrait impliquer tout le monde :<\/strong> les enseignants, le personnel de support et surtout les jeunes. Leur implication sera efficace s\u2019ils sont inform\u00e9s et sensibilis\u00e9s aux grandes probl\u00e9matiques environnementales telles que les d\u00e9chets et le recyclage, leur r\u00e9duction \u00e0 la source, la pollution de l\u2019eau et de l\u2019air ou l\u2019\u00e9conomie d\u2019\u00e9nergie. Nos grands jeux permettront de le faire tout en jouant et en ayant du plaisir car c\u2019est seulement dans un contexte d\u00e9tendu et amusant qu\u2019on v\u00e9hiculer des messages importants, apprendre et ensuite passer \u00e0 l\u2019action avec la joie et la bonne humeur. <strong>Ainsi, \u00e0 l\u2019aide de nos jeux, des roues de quiz grand format et des questions bien document\u00e9es, vous pouvez mettre sur pied un groupe de jeunes (comit\u00e9 vert ou brigade verte) qui ferait de la sensibilisation aupr\u00e8s d&#8217;autres jeunes dans votre \u00e9cole ou dans la communaut\u00e9 comme activit\u00e9 int\u00e9gratrice.<\/strong> Nous avons d\u00e9velopp\u00e9 diff\u00e9rentes fa\u00e7ons de jouer en grands groupes de sorte que l\u2019enseignante ou les jeunes seront tout \u00e0 fait \u00e0 l\u2019aise de faire des animations avec ces outils. Ils seront tr\u00e8s impliqu\u00e9s et feront tous les efforts n\u00e9cessaires avec un peu de supervision de la part de l\u2019enseignant.<\/p><p><br \/><strong>On peut visualiser quelques vid\u00e9os \u00e0 l\u2019adresse suivante<\/strong> sur <a href=\"http:\/\/www.youtube.com\/watch?v=gayr-zVw_tk\"><strong>http:\/\/www.youtube.com\/watch?v=gayr-zVw_tk<\/strong><\/a><\/p><p><br \/><strong>POUR PLUS D\u2019INFORMATION \u00c0 CE SUJET PRI\u00c8RE DE CONSLUTER \u00ab Animations et ateliers \u00bb dans la section des \u00ab PRODUITS &amp; SERVICES \u00bb de ce site.<\/strong><\/p>\t\t\t\t\t\t\t\t<\/div>\n\t\t\t\t<\/div>\n\t\t\t\t\t<\/div>\n\t\t<\/div>\n\t\t\t\t\t<\/div>\n\t\t<\/section>\n\t\t\t\t<section class=\"elementor-section elementor-top-section elementor-element elementor-element-5c41147 elementor-section-boxed elementor-section-height-default elementor-section-height-default\" data-id=\"5c41147\" data-element_type=\"section\" data-e-type=\"section\">\n\t\t\t\t\t\t<div class=\"elementor-container elementor-column-gap-default\">\n\t\t\t\t\t<div class=\"elementor-column elementor-col-100 elementor-top-column elementor-element elementor-element-a75370e\" data-id=\"a75370e\" data-element_type=\"column\" data-e-type=\"column\">\n\t\t\t<div class=\"elementor-widget-wrap elementor-element-populated\">\n\t\t\t\t\t\t<div class=\"elementor-element elementor-element-cc42306 elementor-widget elementor-widget-image\" data-id=\"cc42306\" data-element_type=\"widget\" data-e-type=\"widget\" data-widget_type=\"image.default\">\n\t\t\t\t<div class=\"elementor-widget-container\">\n\t\t\t\t\t\t\t\t\t\t\t\t\t\t\t<img loading=\"lazy\" decoding=\"async\" loading=\"lazy\" width=\"768\" height=\"2208\" src=\"https:\/\/intellikid.com\/wp-content\/uploads\/2022\/03\/ECOLE-1-1.jpg\" class=\"attachment-full size-full wp-image-988841\" alt=\"\" srcset=\"https:\/\/intellikid.com\/wp-content\/uploads\/2022\/03\/ECOLE-1-1.jpg 768w, https:\/\/intellikid.com\/wp-content\/uploads\/2022\/03\/ECOLE-1-1-104x300.jpg 104w, https:\/\/intellikid.com\/wp-content\/uploads\/2022\/03\/ECOLE-1-1-356x1024.jpg 356w, https:\/\/intellikid.com\/wp-content\/uploads\/2022\/03\/ECOLE-1-1-534x1536.jpg 534w, https:\/\/intellikid.com\/wp-content\/uploads\/2022\/03\/ECOLE-1-1-712x2048.jpg 712w, https:\/\/intellikid.com\/wp-content\/uploads\/2022\/03\/ECOLE-1-1-630x1811.jpg 630w, https:\/\/intellikid.com\/wp-content\/uploads\/2022\/03\/ECOLE-1-1-420x1208.jpg 420w, https:\/\/intellikid.com\/wp-content\/uploads\/2022\/03\/ECOLE-1-1-315x906.jpg 315w\" sizes=\"auto, (max-width: 768px) 100vw, 768px\" \/>\t\t\t\t\t\t\t\t\t\t\t\t\t\t\t<\/div>\n\t\t\t\t<\/div>\n\t\t\t\t<div class=\"elementor-element elementor-element-448f902 elementor-widget elementor-widget-image\" data-id=\"448f902\" data-element_type=\"widget\" data-e-type=\"widget\" data-widget_type=\"image.default\">\n\t\t\t\t<div class=\"elementor-widget-container\">\n\t\t\t\t\t\t\t\t\t\t\t\t\t\t\t<img loading=\"lazy\" decoding=\"async\" loading=\"lazy\" width=\"768\" height=\"1920\" src=\"https:\/\/intellikid.com\/wp-content\/uploads\/2022\/03\/ECOLE-1-2.jpg\" class=\"attachment-full size-full wp-image-988842\" alt=\"\" srcset=\"https:\/\/intellikid.com\/wp-content\/uploads\/2022\/03\/ECOLE-1-2.jpg 768w, https:\/\/intellikid.com\/wp-content\/uploads\/2022\/03\/ECOLE-1-2-120x300.jpg 120w, https:\/\/intellikid.com\/wp-content\/uploads\/2022\/03\/ECOLE-1-2-410x1024.jpg 410w, https:\/\/intellikid.com\/wp-content\/uploads\/2022\/03\/ECOLE-1-2-614x1536.jpg 614w, https:\/\/intellikid.com\/wp-content\/uploads\/2022\/03\/ECOLE-1-2-630x1575.jpg 630w, https:\/\/intellikid.com\/wp-content\/uploads\/2022\/03\/ECOLE-1-2-420x1050.jpg 420w, https:\/\/intellikid.com\/wp-content\/uploads\/2022\/03\/ECOLE-1-2-315x788.jpg 315w\" sizes=\"auto, (max-width: 768px) 100vw, 768px\" \/>\t\t\t\t\t\t\t\t\t\t\t\t\t\t\t<\/div>\n\t\t\t\t<\/div>\n\t\t\t\t\t<\/div>\n\t\t<\/div>\n\t\t\t\t\t<\/div>\n\t\t<\/section>\n\t\t\t\t<\/div>\n\t\t","protected":false},"excerpt":{"rendered":"<p>les roues de quiz sont des jeu ouverts et \u00e9volutifs, int\u00e9grant le fran\u00e7ais, l\u2019anglais et autres mati\u00e8res. Nous constatons qu&#8217;il y a un grand besoin d\u2019outils comme ceux-l\u00e0, qui permettraient aux \u00e9coles de rejoindre le plus de jeunes en m\u00eame temps. On peut aussi les utiliser dans un camp de jour, aux services de garde,&#8230;<\/p>","protected":false},"author":1,"featured_media":0,"parent":0,"menu_order":0,"comment_status":"closed","ping_status":"closed","template":"","meta":{"nf_dc_page":"","footnotes":""},"class_list":["post-33","page","type-page","status-publish","hentry"],"_links":{"self":[{"href":"https:\/\/intellikid.com\/en\/wp-json\/wp\/v2\/pages\/33","targetHints":{"allow":["GET"]}}],"collection":[{"href":"https:\/\/intellikid.com\/en\/wp-json\/wp\/v2\/pages"}],"about":[{"href":"https:\/\/intellikid.com\/en\/wp-json\/wp\/v2\/types\/page"}],"author":[{"embeddable":true,"href":"https:\/\/intellikid.com\/en\/wp-json\/wp\/v2\/users\/1"}],"replies":[{"embeddable":true,"href":"https:\/\/intellikid.com\/en\/wp-json\/wp\/v2\/comments?post=33"}],"version-history":[{"count":14,"href":"https:\/\/intellikid.com\/en\/wp-json\/wp\/v2\/pages\/33\/revisions"}],"predecessor-version":[{"id":988845,"href":"https:\/\/intellikid.com\/en\/wp-json\/wp\/v2\/pages\/33\/revisions\/988845"}],"wp:attachment":[{"href":"https:\/\/intellikid.com\/en\/wp-json\/wp\/v2\/media?parent=33"}],"curies":[{"name":"wp","href":"https:\/\/api.w.org\/{rel}","templated":true}]}}