{"id":38,"date":"2022-02-13T18:39:55","date_gmt":"2022-02-13T18:39:55","guid":{"rendered":"https:\/\/whatthefont.net\/?page_id=38"},"modified":"2022-03-20T11:46:01","modified_gmt":"2022-03-20T11:46:01","slug":"ongs","status":"publish","type":"page","link":"https:\/\/intellikid.com\/en\/ongs\/","title":{"rendered":"NGOs"},"content":{"rendered":"\t\t<div data-elementor-type=\"wp-page\" data-elementor-id=\"38\" class=\"elementor elementor-38\" data-elementor-post-type=\"page\">\n\t\t\t\t\t\t<section class=\"elementor-section elementor-top-section elementor-element elementor-element-961350d elementor-section-content-bottom elementor-section-height-min-height elementor-section-items-stretch elementor-section-boxed elementor-section-height-default\" data-id=\"961350d\" data-element_type=\"section\" data-e-type=\"section\" data-settings=\"{&quot;background_background&quot;:&quot;classic&quot;,&quot;animation&quot;:&quot;none&quot;,&quot;shape_divider_bottom&quot;:&quot;vamtam-waves&quot;,&quot;shape_divider_top&quot;:&quot;vamtam-waves&quot;}\">\n\t\t\t\t\t\t<div class=\"elementor-container elementor-column-gap-default\">\n\t\t\t\t\t<div class=\"elementor-column elementor-col-50 elementor-top-column elementor-element elementor-element-4cb7fca\" data-id=\"4cb7fca\" data-element_type=\"column\" data-e-type=\"column\">\n\t\t\t<div class=\"elementor-widget-wrap elementor-element-populated\">\n\t\t\t\t\t\t<div class=\"elementor-element elementor-element-ec5ee74 elementor-widget elementor-widget-woocommerce-breadcrumb\" data-id=\"ec5ee74\" data-element_type=\"widget\" data-e-type=\"widget\" data-widget_type=\"woocommerce-breadcrumb.default\">\n\t\t\t\t<div class=\"elementor-widget-container\">\n\t\t\t\t\t<nav class=\"woocommerce-breadcrumb\" aria-label=\"Breadcrumb\">Home<\/nav>\t\t\t\t<\/div>\n\t\t\t\t<\/div>\n\t\t\t\t\t<\/div>\n\t\t<\/div>\n\t\t\t\t<div class=\"elementor-column elementor-col-50 elementor-top-column elementor-element elementor-element-15cd37f elementor-hidden-phone\" data-id=\"15cd37f\" data-element_type=\"column\" data-e-type=\"column\">\n\t\t\t<div class=\"elementor-widget-wrap elementor-element-populated\">\n\t\t\t\t\t\t<div class=\"elementor-element elementor-element-ff308e0 elementor-invisible elementor-widget elementor-widget-image\" data-id=\"ff308e0\" data-element_type=\"widget\" data-e-type=\"widget\" data-settings=\"{&quot;_animation&quot;:&quot;bounceInUp&quot;,&quot;motion_fx_scale_effect&quot;:&quot;yes&quot;,&quot;motion_fx_scale_direction&quot;:&quot;in-out&quot;,&quot;motion_fx_scale_range&quot;:{&quot;unit&quot;:&quot;%&quot;,&quot;size&quot;:&quot;&quot;,&quot;sizes&quot;:{&quot;start&quot;:50,&quot;end&quot;:100}},&quot;motion_fx_motion_fx_scrolling&quot;:&quot;yes&quot;,&quot;motion_fx_scale_speed&quot;:{&quot;unit&quot;:&quot;px&quot;,&quot;size&quot;:6,&quot;sizes&quot;:[]},&quot;motion_fx_devices&quot;:[&quot;desktop&quot;]}\" data-widget_type=\"image.default\">\n\t\t\t\t<div class=\"elementor-widget-container\">\n\t\t\t\t\t\t\t\t\t\t\t\t\t\t\t<img loading=\"lazy\" decoding=\"async\" loading=\"lazy\" width=\"157\" height=\"145\" src=\"https:\/\/intellikid.com\/wp-content\/uploads\/2019\/11\/fox-color.svg\" class=\"attachment-large size-large wp-image-405\" alt=\"\" \/>\t\t\t\t\t\t\t\t\t\t\t\t\t\t\t<\/div>\n\t\t\t\t<\/div>\n\t\t\t\t\t<\/div>\n\t\t<\/div>\n\t\t\t\t\t<\/div>\n\t\t<\/section>\n\t\t\t\t<section class=\"elementor-section elementor-top-section elementor-element elementor-element-f7f1c60 elementor-section-boxed elementor-section-height-default elementor-section-height-default\" data-id=\"f7f1c60\" data-element_type=\"section\" data-e-type=\"section\">\n\t\t\t\t\t\t<div class=\"elementor-container elementor-column-gap-default\">\n\t\t\t\t\t<div class=\"elementor-column elementor-col-100 elementor-top-column elementor-element elementor-element-a90038a\" data-id=\"a90038a\" data-element_type=\"column\" data-e-type=\"column\">\n\t\t\t<div class=\"elementor-widget-wrap elementor-element-populated\">\n\t\t\t\t\t\t<div class=\"elementor-element elementor-element-891edba elementor-widget elementor-widget-text-editor\" data-id=\"891edba\" data-element_type=\"widget\" data-e-type=\"widget\" data-widget_type=\"text-editor.default\">\n\t\t\t\t<div class=\"elementor-widget-container\">\n\t\t\t\t\t\t\t\t\t<p><b>ROUES DE QUIZ UTILIS\u00c9ES PAR LES ONG (OSBL): INFORMATIONS G\u00c9N\u00c9RALES.<\/b><\/p>\n<p><b><br><\/b>Nous avons maintenant un nouveau <b>format de roues de quiz (format moyen)<\/b><\/p>\n<p><b>&nbsp;th\u00e9matiques <\/b>accompagn\u00e9es<b> des questions dans diverses cat\u00e9gories.<\/b><\/p>\n<p><b><br><\/b>Les <b>roues th\u00e9matiques sont les suivantes : saines habitudes de vie, s\u00e9curit\u00e9 des jeunes, diversit\u00e9 culturelle, environnement, 3RV et le recyclage, biodiversit\u00e9, for\u00eat, et une roue de la chance pour toutes sortes d\u2019occasions.<\/b><\/p>\n<p><b><br><\/b>Ces jeux collectifs, format moyen, sont offerts en fran\u00e7ais, certains sont aussi en anglais et ils sont produits au Canada. Les questions ont \u00e9t\u00e9 valid\u00e9es par Sant\u00e9 Canada, Biod\u00f4me de Montr\u00e9al, Environnement Canada et Union Mondiale pour la nature (UICN), UNICEF, Recyc-Qu\u00e9bec, Suret\u00e9 du Qu\u00e9bec, Universit\u00e9 de Sherbrooke et plusieurs autres partenaires.<\/p>\n<p><br>Ces nouvelles roues de quiz sont magnifiques, elles sont assez grandes pour une table, tr\u00e8s color\u00e9es et constituent un spectacle en elles-m\u00eames. <b>Elles sont tr\u00e8s faciles \u00e0 transporter et \u00e0 monter et feront la r\u00e9ussite de toutes les activit\u00e9s d\u2019animation, de sensibilisation et d\u2019\u00e9ducation (\u00e0 utiliser lors des f\u00eates de quartier, dans les centres de jeunes, par les brigades vertes, comit\u00e9s de saines habitudes de vie, kiosques, biblioth\u00e8ques, services de garde ou camps de jours, en classe, et plus).<\/b><\/p>\n<p><b><br><\/b><\/p>\n<p>Les roues sont r\u00e9versibles donc polyvalentes, pouvant \u00eatre utilis\u00e9es sur des sujets tr\u00e8s vari\u00e9s. <b>On peut m\u00eame les utiliser lors des f\u00eates familiales et d\u2019anniversaire.<\/b><\/p>\n<p><b><br><\/b><\/p>\n<p><b>Chaque ensemble est fourni avec le tr\u00e9pied, le m\u00e9canisme de fonctionnement (noyaux central) et un grand sac pour le transporter et plusieurs autres accessoires.<br>Les questions sont bien vulgaris\u00e9es et peuvent s\u2019adapter \u00e0 une multitude de client\u00e8les.<\/b><\/p>\n<p><b><br>Les quiz en \u00e9quipes permettent de faire des animations interactives et amusantes tout en sensibilisant et d\u2019\u00e9duquant les jeunes et en les encourageant \u00e0 d\u00e9velopper des habilit\u00e9s suivantes:<br>R\u00e9flexion et d\u00e9bats sur les enjeux environnementaux<br>Connaissances diverses, surtout au niveau des 3RV, en environnement et en sant\u00e9<\/b><\/p>\n<p><b><br><\/b>Vivacit\u00e9 d\u2019esprit<br>Expression orale<br>Vocabulaire<br>Lecture <br>M\u00e9moire<br>Audace et courage de s\u2019exprimer devant les autres<br>Participation et affirmation<br>Le bon sens<br>Etc.<\/p>\n<p><br><\/p>\n<p>Pour plus d\u2019information au sujet de chaque roue th\u00e9matique pri\u00e8re de vous r\u00e9f\u00e9rer \u00e0 la section \u00ab Roues de quiz \u00bb ou \u00ab Animations &amp; ateliers \u00bb dans la section \u00ab PRODUITS &amp; SERVICES \u00bb<\/p>\n<p><br><\/p>\n<p><b>GRANDE ROUE DE QUIZ = GRANDJEU RASSEMBLEUR<\/b><\/p>\n<p><b><br><\/b>Une grande roue de chance permet d\u2019attirer et de rassembler plusieurs personnes pour jouer en m\u00eame temps au jeu de quiz. Lorsqu\u2019un groupe de personnes se rassemble autour d\u2019une roulette pour r\u00e9pondre aux questions, on peut alors soit diviser le groupe en deux, soit de faire participer tout le monde au m\u00eame moment ou encore d\u2019attribuer des num\u00e9ros aux joueurs et proc\u00e9der \u00e0 la pige. En effet, ces fa\u00e7ons ont \u00e9t\u00e9 d\u00e9velopp\u00e9es pour stimuler la r\u00e9flexion, les \u00e9changes d\u2019id\u00e9es et d\u2019information et enfin la discussion entre les joueurs avant de donner une r\u00e9ponse \u00e0 une question. Le fait de cr\u00e9er un \u00eelot de personnes autour d\u2019un outil comme la grande roue de quiz, attire d\u2019autres personnes plus ou moins int\u00e9ress\u00e9es en stimulant leur curiosit\u00e9 et en augmentant la synergie de groupe qui a alors un impact positif sur la participation de tout le monde.<\/p>\n<p><br><\/p>\n<p><b>Activit\u00e9s grand public lors des JOURN\u00c9ES INTERNATIONALES D\u00c9CR\u00c9T\u00c9ES PAR L\u2019ONU, F\u00caTES DE QUARTIER.<\/b><\/p>\n<p>&nbsp; <br>En effet ces jeux grand format, sont tr\u00e8s utiles lors des journ\u00e9es internationales sur l&#8217;environnement, les 3RV ou les saines habitudes de vie.<\/p>\n<p><br><\/p>\n<p>Une activit\u00e9 grand public lors d\u2019une f\u00eate de quartier\/village, le Jour de la Terre ou la semaine canadienne de l&#8217;environnement par exemple, permet de sensibiliser beaucoup de personnes \u00e0 la fois tout en s&#8217;amusant. Elles se pr\u00eatent \u00e9galement dans les animations devant un supermarch\u00e9, une caisse populaire ou lors d\u2019une f\u00eate nationale, d\u2019une lev\u00e9e de fonds, dans une r\u00e9sidence pour personnes \u00e2g\u00e9e ou handicap\u00e9es. Des moments de d\u00e9tente et de plaisir dans un contexte ludique sont en g\u00e9n\u00e9ral des ingr\u00e9dients d&#8217;une combinaison gagnante et tr\u00e8s efficace pour s\u2019amuser, sensibiliser et \u00e9duquer le plus de monde \u00e0 la fois.<\/p>\n<p><br><\/p>\n<p><b>COMMENT JOUER?<\/b><\/p>\n<p><b><br><\/b>Avant de jouer, expliquez aux jeunes les diff\u00e9rentes cat\u00e9gories pr\u00e9sentes sur les roues de quiz. De cette mani\u00e8re-l\u00e0, ils auront tout de suite une id\u00e9e des questions qui leur seront pos\u00e9es. Expliquer aussi pourquoi cette division a \u00e9t\u00e9 adopt\u00e9e. Par exemple, les cat\u00e9gories et les classements de questions ont \u00e9t\u00e9 choisis par type d\u2019objets qui ont certaines caract\u00e9ristiques communes et qui correspondent g\u00e9n\u00e9ralement \u00e0 des fili\u00e8res de recyclage diff\u00e9rentes.<\/p>\n<p><br><\/p>\n<p><b>Comment jouer au jeu de base en grands groupes ?<\/b><\/p>\n<p><b><br><\/b><\/p>\n<p>Le joueur doit tourner la roue ou la fl\u00e8che, qui va s&#8217;arr\u00eater \u00e0 un moment donn\u00e9 sur un symbole correspondant \u00e0 une cat\u00e9gorie de questions soit au niveau du recyclage soit au niveau de l&#8217;environnement en g\u00e9n\u00e9ral. Il y en a entre 22 et 25 th\u00e9matiques dans les deux jeux de quiz. Chaque bonne r\u00e9ponse \u00e0 une question donne 5 ou 10 points d\u00e9pendant de la difficult\u00e9. Le joueur ou l&#8217;\u00e9quipe qui a remport\u00e9 le plus de points gagne la partie. \u00c0 la fin, on peut lire les explications qui sont fournies pour chaque r\u00e9ponse \u00e0 une question donn\u00e9e. Les jeunes auront ainsi plus de chance d&#8217;apprendre et de r\u00e9fl\u00e9chir sur diff\u00e9rents aspects de l&#8217;environnement.<\/p>\n<p><br><\/p>\n<p><b>Voici quelques autres fa\u00e7ons de jouer :<\/b><\/p>\n<p><br><\/p>\n<p>Jouer avec un grand groupe de plus de 20 personnes :<br>Diviser le groupe en deux grandes \u00e9quipes. Elles doivent se poser des questions mutuellement. <br>Nous vous sugg\u00e9rons aussi de vous inspirer des r\u00e8glements du jeu ENVIRO-QUIZ. <br>On peut faire aussi des jeux de tombola, des jeux de mimes et d&#8217;interaction.<\/p>\n<p><br><\/p>\n<p>Jeux de quiz relatifs \u00e0 l&#8217;environnement et au recyclage, r\u00e9alis\u00e9s en fonctions des journ\u00e9es internationales d\u00e9cr\u00e9t\u00e9es par les Nations Unis.<\/p>\n<p><br>Utiliser les cartes questions du \u00e0 la \u00abpige\u00bb.<\/p>\n<p>&nbsp; <br><b>Utiliser les jeux RECYCLAGE et ENVIRO-QUIZ en petites \u00e9quipes, en atelier, en coop\u00e9ration.<\/b><\/p>\n<p><b>O\u00d9 JOUER?<\/b><\/p>\n<p><b><br>Avec les grandes roues de quiz, on peut jouer en grands groupes (jusqu\u2019\u00e0 100 personnes)<\/b> lors des journ\u00e9es sp\u00e9ciales telles que : jour de la terre, journ\u00e9e ou semaine de l\u2019environnement ou autres journ\u00e9es sp\u00e9ciales d\u00e9cr\u00e9t\u00e9es par les nations-unies. Lors des activit\u00e9s et des f\u00eates de quartier organis\u00e9es par la ville.<\/p>\n<p><br><\/p>\n<p><b>DEHORS<\/b><\/p>\n<p><br>devant un \u00e9co-quartier<br>devant une \u00e9cole<br>dans un camps de vacances<br>devant une mairie<br>dans un parc<br>sur une place publique ou dans une rue<br>devant une \u00e9glise<\/p>\n<p><br><\/p>\n<p><b>\u00c0 L\u2019INT\u00c9RIEUR<\/b><\/p>\n<p><br><\/p>\n<p>dans une biblioth\u00e8que<br>dans un \u00e9co-quartier<br>dans une garderie<br>dans une classe<br>dans un gymnase<br>dans un sous-sol d\u2019une \u00e9glise<br>dans une institution ou universit\u00e9<br>dans un endroit am\u00e9nag\u00e9 pour des scoutes, des ONG<br>dans un centre commercial<\/p><p><br><\/p>\n<p><b>Jouer en petits groupes :<\/b><\/p><p><br>dans un camps de vacances<br>\u00e0 une f\u00eate de quartier<br>en atelier, dans une classe<br>au service de garde<\/p>\n<p><\/p>\t\t\t\t\t\t\t\t<\/div>\n\t\t\t\t<\/div>\n\t\t\t\t\t<\/div>\n\t\t<\/div>\n\t\t\t\t\t<\/div>\n\t\t<\/section>\n\t\t\t\t<\/div>\n\t\t","protected":false},"excerpt":{"rendered":"<p>ROUES DE QUIZ UTILIS\u00c9ES PAR LES ONG (OSBL): INFORMATIONS G\u00c9N\u00c9RALES. Nous avons maintenant un nouveau format de roues de quiz (format moyen) &nbsp;th\u00e9matiques accompagn\u00e9es des questions dans diverses cat\u00e9gories. Les roues th\u00e9matiques sont les suivantes : saines habitudes de vie, s\u00e9curit\u00e9 des jeunes, diversit\u00e9 culturelle, environnement, 3RV et le recyclage, biodiversit\u00e9, for\u00eat, et une roue&#8230;<\/p>","protected":false},"author":1,"featured_media":0,"parent":0,"menu_order":0,"comment_status":"closed","ping_status":"closed","template":"","meta":{"nf_dc_page":"","footnotes":""},"class_list":["post-38","page","type-page","status-publish","hentry"],"_links":{"self":[{"href":"https:\/\/intellikid.com\/en\/wp-json\/wp\/v2\/pages\/38","targetHints":{"allow":["GET"]}}],"collection":[{"href":"https:\/\/intellikid.com\/en\/wp-json\/wp\/v2\/pages"}],"about":[{"href":"https:\/\/intellikid.com\/en\/wp-json\/wp\/v2\/types\/page"}],"author":[{"embeddable":true,"href":"https:\/\/intellikid.com\/en\/wp-json\/wp\/v2\/users\/1"}],"replies":[{"embeddable":true,"href":"https:\/\/intellikid.com\/en\/wp-json\/wp\/v2\/comments?post=38"}],"version-history":[{"count":35,"href":"https:\/\/intellikid.com\/en\/wp-json\/wp\/v2\/pages\/38\/revisions"}],"predecessor-version":[{"id":988614,"href":"https:\/\/intellikid.com\/en\/wp-json\/wp\/v2\/pages\/38\/revisions\/988614"}],"wp:attachment":[{"href":"https:\/\/intellikid.com\/en\/wp-json\/wp\/v2\/media?parent=38"}],"curies":[{"name":"wp","href":"https:\/\/api.w.org\/{rel}","templated":true}]}}