{"id":62,"date":"2022-02-13T18:42:59","date_gmt":"2022-02-13T18:42:59","guid":{"rendered":"https:\/\/whatthefont.net\/?page_id=62"},"modified":"2022-05-16T16:24:43","modified_gmt":"2022-05-16T16:24:43","slug":"historique","status":"publish","type":"page","link":"https:\/\/intellikid.com\/en\/historique\/","title":{"rendered":"History"},"content":{"rendered":"\t\t<div data-elementor-type=\"wp-page\" data-elementor-id=\"62\" class=\"elementor elementor-62\" data-elementor-post-type=\"page\">\n\t\t\t\t\t\t<section class=\"elementor-section elementor-top-section elementor-element elementor-element-f2df19c elementor-section-content-bottom elementor-section-height-min-height elementor-section-items-stretch elementor-section-boxed elementor-section-height-default\" data-id=\"f2df19c\" data-element_type=\"section\" data-e-type=\"section\" data-settings=\"{&quot;background_background&quot;:&quot;classic&quot;,&quot;animation&quot;:&quot;none&quot;,&quot;shape_divider_bottom&quot;:&quot;vamtam-waves&quot;,&quot;shape_divider_top&quot;:&quot;vamtam-waves&quot;}\">\n\t\t\t\t\t\t<div class=\"elementor-container elementor-column-gap-default\">\n\t\t\t\t\t<div class=\"elementor-column elementor-col-50 elementor-top-column elementor-element elementor-element-b3bb3a0\" data-id=\"b3bb3a0\" data-element_type=\"column\" data-e-type=\"column\">\n\t\t\t<div class=\"elementor-widget-wrap elementor-element-populated\">\n\t\t\t\t\t\t<div class=\"elementor-element elementor-element-6479d2a elementor-widget elementor-widget-woocommerce-breadcrumb\" data-id=\"6479d2a\" data-element_type=\"widget\" data-e-type=\"widget\" data-widget_type=\"woocommerce-breadcrumb.default\">\n\t\t\t\t<div class=\"elementor-widget-container\">\n\t\t\t\t\t<nav class=\"woocommerce-breadcrumb\" aria-label=\"Breadcrumb\">Home<\/nav>\t\t\t\t<\/div>\n\t\t\t\t<\/div>\n\t\t\t\t\t<\/div>\n\t\t<\/div>\n\t\t\t\t<div class=\"elementor-column elementor-col-50 elementor-top-column elementor-element elementor-element-c9035c5 elementor-hidden-phone\" data-id=\"c9035c5\" data-element_type=\"column\" data-e-type=\"column\">\n\t\t\t<div class=\"elementor-widget-wrap elementor-element-populated\">\n\t\t\t\t\t\t<div class=\"elementor-element elementor-element-dc4360e elementor-invisible elementor-widget elementor-widget-image\" data-id=\"dc4360e\" data-element_type=\"widget\" data-e-type=\"widget\" data-settings=\"{&quot;_animation&quot;:&quot;bounceInUp&quot;,&quot;motion_fx_scale_effect&quot;:&quot;yes&quot;,&quot;motion_fx_scale_direction&quot;:&quot;in-out&quot;,&quot;motion_fx_scale_range&quot;:{&quot;unit&quot;:&quot;%&quot;,&quot;size&quot;:&quot;&quot;,&quot;sizes&quot;:{&quot;start&quot;:50,&quot;end&quot;:100}},&quot;motion_fx_motion_fx_scrolling&quot;:&quot;yes&quot;,&quot;motion_fx_scale_speed&quot;:{&quot;unit&quot;:&quot;px&quot;,&quot;size&quot;:6,&quot;sizes&quot;:[]},&quot;motion_fx_devices&quot;:[&quot;desktop&quot;]}\" data-widget_type=\"image.default\">\n\t\t\t\t<div class=\"elementor-widget-container\">\n\t\t\t\t\t\t\t\t\t\t\t\t\t\t\t<img loading=\"lazy\" decoding=\"async\" loading=\"lazy\" width=\"157\" height=\"145\" src=\"https:\/\/intellikid.com\/wp-content\/uploads\/2019\/11\/fox-color.svg\" class=\"attachment-large size-large wp-image-405\" alt=\"\" \/>\t\t\t\t\t\t\t\t\t\t\t\t\t\t\t<\/div>\n\t\t\t\t<\/div>\n\t\t\t\t\t<\/div>\n\t\t<\/div>\n\t\t\t\t\t<\/div>\n\t\t<\/section>\n\t\t\t\t<section class=\"elementor-section elementor-top-section elementor-element elementor-element-b522c6e elementor-section-boxed elementor-section-height-default elementor-section-height-default\" data-id=\"b522c6e\" data-element_type=\"section\" data-e-type=\"section\" data-settings=\"{&quot;background_background&quot;:&quot;classic&quot;,&quot;background_motion_fx_motion_fx_scrolling&quot;:&quot;yes&quot;,&quot;background_motion_fx_translateX_effect&quot;:&quot;yes&quot;,&quot;background_motion_fx_translateX_speed&quot;:{&quot;unit&quot;:&quot;px&quot;,&quot;size&quot;:10,&quot;sizes&quot;:[]},&quot;background_motion_fx_translateX_affectedRange&quot;:{&quot;unit&quot;:&quot;%&quot;,&quot;size&quot;:&quot;&quot;,&quot;sizes&quot;:{&quot;start&quot;:31,&quot;end&quot;:100}},&quot;background_motion_fx_devices&quot;:[&quot;desktop&quot;]}\">\n\t\t\t\t\t\t<div class=\"elementor-container elementor-column-gap-default\">\n\t\t\t\t\t<div class=\"elementor-column elementor-col-33 elementor-top-column elementor-element elementor-element-6fb091d\" data-id=\"6fb091d\" data-element_type=\"column\" data-e-type=\"column\" data-settings=\"{&quot;background_background&quot;:&quot;classic&quot;}\">\n\t\t\t<div class=\"elementor-widget-wrap\">\n\t\t\t\t\t\t\t<\/div>\n\t\t<\/div>\n\t\t\t\t<div class=\"elementor-column elementor-col-33 elementor-top-column elementor-element elementor-element-1c53aa2\" data-id=\"1c53aa2\" data-element_type=\"column\" data-e-type=\"column\" data-settings=\"{&quot;background_background&quot;:&quot;classic&quot;}\">\n\t\t\t<div class=\"elementor-widget-wrap elementor-element-populated\">\n\t\t\t\t\t\t<div class=\"elementor-element elementor-element-9280e7d elementor-invisible elementor-widget elementor-widget-heading\" data-id=\"9280e7d\" data-element_type=\"widget\" data-e-type=\"widget\" data-settings=\"{&quot;_animation&quot;:&quot;fadeIn&quot;,&quot;_animation_delay&quot;:200}\" data-widget_type=\"heading.default\">\n\t\t\t\t<div class=\"elementor-widget-container\">\n\t\t\t\t\t<h2 class=\"elementor-heading-title elementor-size-default\">Historique de INTELLI-KID<\/h2>\t\t\t\t<\/div>\n\t\t\t\t<\/div>\n\t\t\t\t<div class=\"elementor-element elementor-element-b6fb747 elementor-widget elementor-widget-text-editor\" data-id=\"b6fb747\" data-element_type=\"widget\" data-e-type=\"widget\" data-widget_type=\"text-editor.default\">\n\t\t\t\t<div class=\"elementor-widget-container\">\n\t\t\t\t\t\t\t\t\t<p><span style=\"font-weight: 400;\">INTELLI-KID a \u00e9t\u00e9 cr\u00e9\u00e9 en 1995, par V\u00e9ronique Janiak et Robert Martin. Apr\u00e8s avoir travaill\u00e9 en Afrique et en Ha\u00efti sur des projets de coop\u00e9ration de l&#8217;ACDI et de la Banque mondiale pendant plusieurs ann\u00e9es, nous avons pris davantage conscience que l&#8217;\u00e9ducation est un facteur de d\u00e9veloppement tr\u00e8s important.<\/span><\/p><p>\u00a0<\/p><p>\u00a0<\/p>\t\t\t\t\t\t\t\t<\/div>\n\t\t\t\t<\/div>\n\t\t\t\t\t<\/div>\n\t\t<\/div>\n\t\t\t\t<div class=\"elementor-column elementor-col-33 elementor-top-column elementor-element elementor-element-4d78eca\" data-id=\"4d78eca\" data-element_type=\"column\" data-e-type=\"column\" data-settings=\"{&quot;background_background&quot;:&quot;classic&quot;}\">\n\t\t\t<div class=\"elementor-widget-wrap\">\n\t\t\t\t\t\t\t<\/div>\n\t\t<\/div>\n\t\t\t\t\t<\/div>\n\t\t<\/section>\n\t\t\t\t<section class=\"elementor-section elementor-top-section elementor-element elementor-element-7644614 elementor-section-boxed elementor-section-height-default elementor-section-height-default\" data-id=\"7644614\" data-element_type=\"section\" data-e-type=\"section\" data-settings=\"{&quot;shape_divider_top&quot;:&quot;vamtam-waves&quot;}\">\n\t\t\t\t\t\t<div class=\"elementor-container elementor-column-gap-default\">\n\t\t\t\t\t<div class=\"elementor-column elementor-col-100 elementor-top-column elementor-element elementor-element-c372cab\" data-id=\"c372cab\" data-element_type=\"column\" data-e-type=\"column\">\n\t\t\t<div class=\"elementor-widget-wrap elementor-element-populated\">\n\t\t\t\t\t\t<div class=\"elementor-element elementor-element-16714d4 elementor-widget elementor-widget-text-editor\" data-id=\"16714d4\" data-element_type=\"widget\" data-e-type=\"widget\" data-widget_type=\"text-editor.default\">\n\t\t\t\t<div class=\"elementor-widget-container\">\n\t\t\t\t\t\t\t\t\t<p><span style=\"font-weight: 400;\">INTELLI-KID a \u00e9t\u00e9 cr\u00e9\u00e9 en 1995, par V\u00e9ronique Janiak et Robert Martin. Apr\u00e8s avoir travaill\u00e9 en Afrique et en Ha\u00efti sur des projets de coop\u00e9ration de l&#8217;ACDI et de la Banque mondiale pendant plusieurs ann\u00e9es, nous avons pris davantage conscience que l&#8217;\u00e9ducation est un facteur de d\u00e9veloppement tr\u00e8s important.<\/span><\/p><p><span style=\"font-weight: 400;\">Au cours de ces projets, nous avons eu la chance d&#8217;admirer les merveilles de l&#8217;Afrique et des Cara\u00efbes, mais nous avons \u00e9galement v\u00e9cu des exp\u00e9riences difficiles et observ\u00e9 des dommages environnementaux qui nous ont beaucoup boulevers\u00e9s (d\u00e9gradation des sols, d\u00e9labrement des for\u00eats, d\u00e9chets humains, pollution de l&#8217;eau, toutes mena\u00e7ant la survie humaine et la vie sur Terre).<\/span><\/p><p><span style=\"font-weight: 400;\">A notre retour d&#8217;Afrique, nous avons donc d\u00e9cid\u00e9 de sensibiliser le monde entier \u00e0 la protection de l&#8217;environnement et de la sant\u00e9 en d\u00e9veloppant des jeux \u00e9ducatifs et en organisant des \u00e9v\u00e9nements grand public. Nous avons donc d\u00e9velopp\u00e9 une s\u00e9rie de jeux grand format (type roues de la chance) sur les th\u00e8mes suivants : roue des 3RV, roue sur l&#8217;environnement (ENVIRO-QUIZ), roue de la biodiversit\u00e9 animale, roue de la s\u00e9curit\u00e9 pour les jeunes, roue culturelle diversit\u00e9, roue sur la for\u00eat, roue sur les modes de vie sains et plus encore. Chacune des roues comprend une s\u00e9rie de questions et r\u00e9ponses bien expliqu\u00e9es, dans diverses cat\u00e9gories.<\/span><\/p><p><span style=\"font-weight: 400;\">Nos jeux tr\u00e8s bien document\u00e9s et tr\u00e8s accessibles sont maintenant utilis\u00e9s en Ha\u00efti et dans divers pays d&#8217;Afrique et d&#8217;Asie, en Europe et dans les Cara\u00efbes. En effet, plusieurs organisations internationales ont acquis des milliers de nos jeux, comme l&#8217;OMEP (Organisation mondiale pour l&#8217;\u00e9ducation de la petite enfance), l&#8217;OIF-Organisation Internationale de la Francophonie (bas\u00e9e en France) et la FOFHAD (Fondation pour l&#8217;\u00e9ducation en Ha\u00efti). Ainsi, nous avons pu contribuer encore plus et mieux \u00e0 l&#8217;alphab\u00e9tisation, \u00e0 la protection de l&#8217;environnement et \u00e0 la sant\u00e9 du monde.<\/span><\/p><p><span style=\"font-weight: 400;\">Les trois grands principes qui guident la cr\u00e9ation de nos jeux sont : le plaisir de jouer, l&#8217;apprentissage et les valeurs v\u00e9hicul\u00e9es (ex : respect de l&#8217;environnement et des personnes) et enfin une grande vari\u00e9t\u00e9 de jeux dans une bo\u00eete pour profiter au maximum de votre achat.<\/span><\/p><p><span style=\"font-weight: 400;\">\u00a0<\/span><\/p><p><span style=\"font-weight: 400;\">En 1996, le premier jeu, LA M\u00c9MOIRE DU BOUFFON (version anglaise : Jester&#8217;s Memory), est sorti.\u00a0<\/span><\/p><p><span style=\"font-weight: 400;\">Commercialisation du jeu BALAZOOM en 1997.<\/span><\/p><p><span style=\"font-weight: 400;\">Aussi, plusieurs organismes d&#8217;importance internationale ont acquis des quantit\u00e9s importantes du jeu La m\u00e9moire du bouffon, \u00e0 savoir :<\/span><\/p><p><span style=\"font-weight: 400;\">\u2013 L&#8217;agence francophone (ACCT : Agence de Coop\u00e9ration Culturelle et Technique) bas\u00e9e en France et qui soutient la langue fran\u00e7aise dans le monde : 2300 jeux. PHOTO<\/span><\/p><p><span style=\"font-weight: 400;\">\u2013 La FOFHADD (Fondation Ha\u00eftienne pour l&#8217;Enseignement \u00e0 Distance en Ha\u00efti) en collaboration avec l&#8217;Association des Ing\u00e9nieurs Ha\u00eftiens du Canada : 3060 jeux. PHOTO<\/span><\/p><p><span style=\"font-weight: 400;\">\u2013 SOFEG et CSDM, projet commun d&#8217;appui \u00e0 l&#8217;enseignement primaire au Burkina Faso en Afrique : 1000 jeux. Le projet est financ\u00e9 par l&#8217;Agence canadienne de d\u00e9veloppement international (ACDI).<\/span><\/p><p><span style=\"font-weight: 400;\">\u2013 Organisation mondiale pour l&#8217;\u00e9ducation de la petite enfance (OMEP) : 500 jeux<\/span><\/p><p><span style=\"font-weight: 400;\">QUATRE DR.TOY AWARDS AUX \u00c9TATS-UNIS : BALAZOOM ET JESTER\u2019S MEMORY (version anglaise de<\/span><\/p><p><span style=\"font-weight: 400;\">LA M\u00c9MOIRE DU BUFFON) class\u00e9 parmi les meilleurs jeux r\u00e9cr\u00e9atifs de l&#8217;ann\u00e9e 1998 aux \u00c9tats-Unis. Par ailleurs, LA M\u00c9MOIRE DU BUFFON a \u00e9t\u00e9 class\u00e9e en 1998 parmi les 10 meilleurs jeux pour enfants et a \u00e9t\u00e9 s\u00e9lectionn\u00e9e parmi les 100 meilleurs produits pour enfants aux \u00c9tats-Unis, toutes cat\u00e9gories confondues.<\/span><\/p><p><span style=\"font-weight: 400;\">\u00a0Obtention d\u2019une commande 2500 jeux BALAZOOM par une soci\u00e9t\u00e9 fran\u00e7aise Eveil &amp; Jeux.<\/span><\/p><p><span style=\"font-weight: 400;\">Commercialisation du jeu ANIMOTRAX sur l&#8217;environnement et les esp\u00e8ces menac\u00e9s en novembre 1998.<\/span><\/p><p><span style=\"font-weight: 400;\">\u00a0Le jeu ANIMOTRAX a \u00e9t\u00e9 r\u00e9alis\u00e9 en collaboration avec le BIOD\u00d4ME DE MONTR\u00c9AL, le FONDS MONDIAL POUR LA FAUNE \u2013 CANADA (WWF) et L&#8217;UNION MONDIALE POUR LA CONSERVATION (UICN). Le jeu est \u00e9galement parrain\u00e9 par ces organisations.<\/span><\/p><p><span style=\"font-weight: 400;\">\u00a0Les trois jeux BALAZOOM, ANIMOTRAX ET LA M\u00c9MOIRE DU BUFFON (JESTER&#8217;S MEMORY est la version anglaise de LA M\u00c9MOIRE DU BUFFON) sont pr\u00e9sents depuis janvier 2000 dans un catalogue qui est envoy\u00e9 \u00e0 2 millions d&#8217;exemplaires \u00e0 toutes les \u00e9coles primaires et cr\u00e8ches des \u00c9tats-Unis -Uni.<\/span><\/p><p><span style=\"font-weight: 400;\">Tous nos jeux sont bilingues ou trilingues.<\/span><\/p><p><span style=\"font-weight: 400;\">\u00a0Par la suite nous avons d\u00e9velopp\u00e9 et commercialis\u00e9 un nouveau jeu sur l&#8217;environnement ENVIRO-QUIZ. C&#8217;est un jeu de 420 questions-r\u00e9ponses sur les menaces et solutions relatives \u00e0 l&#8217;environnement et sur les esp\u00e8ces animales en danger d&#8217;extinction. Chaque question est accompagn\u00e9e d&#8217;explications scientifiques. Le jeu a \u00e9t\u00e9 extr\u00eamement bien accueilli dans les \u00e9coles et les familles o\u00f9 nous l&#8217;avons test\u00e9. Le contenu, les questions et les explications de ce jeu ont \u00e9t\u00e9 valid\u00e9s par l&#8217;UICN (Union mondiale pour la nature) et le Biod\u00f4me de Montr\u00e9al.<\/span><\/p><p><span style=\"font-weight: 400;\">Enfin, nous avons d\u00e9velopp\u00e9 une s\u00e9rie de jeux grand format sur les th\u00e8mes suivants : roue des 3RV, roue de l&#8217;environnement, roue de la biodiversit\u00e9 animale, roue de la s\u00e9curit\u00e9 des jeunes, roue de la diversit\u00e9 culturelle, roue de la for\u00eat, roue des saines habitudes de vie et roue de la chance. Chacune des roues comprend une s\u00e9rie de questions bien document\u00e9es dans diverses cat\u00e9gories.<\/span><\/p>\t\t\t\t\t\t\t\t<\/div>\n\t\t\t\t<\/div>\n\t\t\t\t\t<\/div>\n\t\t<\/div>\n\t\t\t\t\t<\/div>\n\t\t<\/section>\n\t\t\t\t<\/div>\n\t\t","protected":false},"excerpt":{"rendered":"<p>Historique de INTELLI-KID INTELLI-KID a \u00e9t\u00e9 cr\u00e9\u00e9 en 1995, par V\u00e9ronique Janiak et Robert Martin. Apr\u00e8s avoir travaill\u00e9 en Afrique et en Ha\u00efti sur des projets de coop\u00e9ration de l&#8217;ACDI et de la Banque mondiale pendant plusieurs ann\u00e9es, nous avons pris davantage conscience que l&#8217;\u00e9ducation est un facteur de d\u00e9veloppement tr\u00e8s important. \u00a0 \u00a0 INTELLI-KID&#8230;<\/p>","protected":false},"author":1,"featured_media":0,"parent":0,"menu_order":0,"comment_status":"closed","ping_status":"closed","template":"","meta":{"nf_dc_page":"","footnotes":""},"class_list":["post-62","page","type-page","status-publish","hentry"],"_links":{"self":[{"href":"https:\/\/intellikid.com\/en\/wp-json\/wp\/v2\/pages\/62","targetHints":{"allow":["GET"]}}],"collection":[{"href":"https:\/\/intellikid.com\/en\/wp-json\/wp\/v2\/pages"}],"about":[{"href":"https:\/\/intellikid.com\/en\/wp-json\/wp\/v2\/types\/page"}],"author":[{"embeddable":true,"href":"https:\/\/intellikid.com\/en\/wp-json\/wp\/v2\/users\/1"}],"replies":[{"embeddable":true,"href":"https:\/\/intellikid.com\/en\/wp-json\/wp\/v2\/comments?post=62"}],"version-history":[{"count":5,"href":"https:\/\/intellikid.com\/en\/wp-json\/wp\/v2\/pages\/62\/revisions"}],"predecessor-version":[{"id":988990,"href":"https:\/\/intellikid.com\/en\/wp-json\/wp\/v2\/pages\/62\/revisions\/988990"}],"wp:attachment":[{"href":"https:\/\/intellikid.com\/en\/wp-json\/wp\/v2\/media?parent=62"}],"curies":[{"name":"wp","href":"https:\/\/api.w.org\/{rel}","templated":true}]}}