{"id":63,"date":"2022-02-13T18:43:40","date_gmt":"2022-02-13T18:43:40","guid":{"rendered":"https:\/\/whatthefont.net\/?page_id=63"},"modified":"2022-03-20T10:58:14","modified_gmt":"2022-03-20T10:58:14","slug":"reconnaissances-et-prix","status":"publish","type":"page","link":"https:\/\/intellikid.com\/en\/reconnaissances-et-prix\/","title":{"rendered":"Recognitions and awards"},"content":{"rendered":"\t\t<div data-elementor-type=\"wp-page\" data-elementor-id=\"63\" class=\"elementor elementor-63\" data-elementor-post-type=\"page\">\n\t\t\t\t\t\t<section class=\"elementor-section elementor-top-section elementor-element elementor-element-b5575e5 elementor-section-content-bottom elementor-section-height-min-height elementor-section-items-stretch elementor-section-boxed elementor-section-height-default\" data-id=\"b5575e5\" data-element_type=\"section\" data-e-type=\"section\" data-settings=\"{&quot;background_background&quot;:&quot;classic&quot;,&quot;animation&quot;:&quot;none&quot;,&quot;shape_divider_bottom&quot;:&quot;vamtam-waves&quot;,&quot;shape_divider_top&quot;:&quot;vamtam-waves&quot;}\">\n\t\t\t\t\t\t<div class=\"elementor-container elementor-column-gap-default\">\n\t\t\t\t\t<div class=\"elementor-column elementor-col-50 elementor-top-column elementor-element elementor-element-5c2ccaf\" data-id=\"5c2ccaf\" data-element_type=\"column\" data-e-type=\"column\">\n\t\t\t<div class=\"elementor-widget-wrap elementor-element-populated\">\n\t\t\t\t\t\t<div class=\"elementor-element elementor-element-daf6aa4 elementor-widget elementor-widget-woocommerce-breadcrumb\" data-id=\"daf6aa4\" data-element_type=\"widget\" data-e-type=\"widget\" data-widget_type=\"woocommerce-breadcrumb.default\">\n\t\t\t\t<div class=\"elementor-widget-container\">\n\t\t\t\t\t<nav class=\"woocommerce-breadcrumb\" aria-label=\"Breadcrumb\">Home<\/nav>\t\t\t\t<\/div>\n\t\t\t\t<\/div>\n\t\t\t\t\t<\/div>\n\t\t<\/div>\n\t\t\t\t<div class=\"elementor-column elementor-col-50 elementor-top-column elementor-element elementor-element-cf61a96 elementor-hidden-phone\" data-id=\"cf61a96\" data-element_type=\"column\" data-e-type=\"column\">\n\t\t\t<div class=\"elementor-widget-wrap elementor-element-populated\">\n\t\t\t\t\t\t<div class=\"elementor-element elementor-element-c4ac6ba elementor-invisible elementor-widget elementor-widget-image\" data-id=\"c4ac6ba\" data-element_type=\"widget\" data-e-type=\"widget\" data-settings=\"{&quot;_animation&quot;:&quot;bounceInUp&quot;,&quot;motion_fx_scale_effect&quot;:&quot;yes&quot;,&quot;motion_fx_scale_direction&quot;:&quot;in-out&quot;,&quot;motion_fx_scale_range&quot;:{&quot;unit&quot;:&quot;%&quot;,&quot;size&quot;:&quot;&quot;,&quot;sizes&quot;:{&quot;start&quot;:50,&quot;end&quot;:100}},&quot;motion_fx_motion_fx_scrolling&quot;:&quot;yes&quot;,&quot;motion_fx_scale_speed&quot;:{&quot;unit&quot;:&quot;px&quot;,&quot;size&quot;:6,&quot;sizes&quot;:[]},&quot;motion_fx_devices&quot;:[&quot;desktop&quot;]}\" data-widget_type=\"image.default\">\n\t\t\t\t<div class=\"elementor-widget-container\">\n\t\t\t\t\t\t\t\t\t\t\t\t\t\t\t<img loading=\"lazy\" decoding=\"async\" loading=\"lazy\" width=\"157\" height=\"145\" src=\"https:\/\/intellikid.com\/wp-content\/uploads\/2019\/11\/fox-color.svg\" class=\"attachment-large size-large wp-image-405\" alt=\"\" \/>\t\t\t\t\t\t\t\t\t\t\t\t\t\t\t<\/div>\n\t\t\t\t<\/div>\n\t\t\t\t\t<\/div>\n\t\t<\/div>\n\t\t\t\t\t<\/div>\n\t\t<\/section>\n\t\t\t\t<section class=\"elementor-section elementor-top-section elementor-element elementor-element-2824508 elementor-section-boxed elementor-section-height-default elementor-section-height-default\" data-id=\"2824508\" data-element_type=\"section\" data-e-type=\"section\">\n\t\t\t\t\t\t<div class=\"elementor-container elementor-column-gap-default\">\n\t\t\t\t\t<div class=\"elementor-column elementor-col-100 elementor-top-column elementor-element elementor-element-b75ce06\" data-id=\"b75ce06\" data-element_type=\"column\" data-e-type=\"column\">\n\t\t\t<div class=\"elementor-widget-wrap elementor-element-populated\">\n\t\t\t\t\t\t<div class=\"elementor-element elementor-element-0b69be6 elementor-list-item-link-inline elementor-icon-list--layout-traditional elementor-widget elementor-widget-icon-list\" data-id=\"0b69be6\" data-element_type=\"widget\" data-e-type=\"widget\" data-widget_type=\"icon-list.default\">\n\t\t\t\t<div class=\"elementor-widget-container\">\n\t\t\t\t\t\t\t<ul class=\"elementor-icon-list-items\">\n\t\t\t\t\t\t\t<li class=\"elementor-icon-list-item\">\n\t\t\t\t\t\t\t\t\t\t\t<span class=\"elementor-icon-list-icon\">\n\t\t\t\t\t\t\t<i aria-hidden=\"true\" class=\"fas fa-circle\"><\/i>\t\t\t\t\t\t<\/span>\n\t\t\t\t\t\t\t\t\t\t<span class=\"elementor-icon-list-text\">La F\u00e9d\u00e9ration Canadienne des Enseignants (FCE) approuve nos jeux relatifs \u00e0 l\u2019environnement, la biodiversit\u00e9 et la sant\u00e9 : ENVIRO-QUIZ, ANIMOTRAX ET ENVIRO-SANT\u00c9.<\/span>\n\t\t\t\t\t\t\t\t\t<\/li>\n\t\t\t\t\t\t\t\t<li class=\"elementor-icon-list-item\">\n\t\t\t\t\t\t\t\t\t\t\t<span class=\"elementor-icon-list-icon\">\n\t\t\t\t\t\t\t<i aria-hidden=\"true\" class=\"fas fa-circle\"><\/i>\t\t\t\t\t\t<\/span>\n\t\t\t\t\t\t\t\t\t\t<span class=\"elementor-icon-list-text\">Le minist\u00e8re de l\u2019\u00c9ducation du Nouveau Brunswick approuve les jeux ENVIRO-QUIZ et ANIMOTRAX comme support \u00e0 son Curriculum scolaire. Consulter la section RECOMMANDATIONS sur notre site, pour visualiser la lettre d'approbation et d'acceptation par le minist\u00e8re. Les districts scolaires devront \u00eatre inform\u00e9s de cette d\u00e9cision tr\u00e8s rapidement.<\/span>\n\t\t\t\t\t\t\t\t\t<\/li>\n\t\t\t\t\t\t\t\t<li class=\"elementor-icon-list-item\">\n\t\t\t\t\t\t\t\t\t\t\t<span class=\"elementor-icon-list-icon\">\n\t\t\t\t\t\t\t<i aria-hidden=\"true\" class=\"fas fa-circle\"><\/i>\t\t\t\t\t\t<\/span>\n\t\t\t\t\t\t\t\t\t\t<span class=\"elementor-icon-list-text\">PRIX : Nous sommes heureux de vous annoncer que nos deux derniers jeux ENVIRO-QUIZ et TRIOPS ont obtenu des cotes tr\u00e8s bonnes lors de l'\u00e9valuation par le Conseil canadien d'\u00e9valuation des jouets et par Prot\u00e9gez-vous. En effet, ENVIRO-QUIZ et TRIOPS ont obtenu le maximum 3 \u00e9toiles par le Conseil canadien d'\u00e9valuation des jouets et 5 points par le Prot\u00e9gez-vous. Leur bonne description dans ces deux revues d\u00e9montre que les familles \u00e9valuatrices les ont beaucoup appr\u00e9ci\u00e9s.<\/span>\n\t\t\t\t\t\t\t\t\t<\/li>\n\t\t\t\t\t\t\t\t<li class=\"elementor-icon-list-item\">\n\t\t\t\t\t\t\t\t\t\t\t<span class=\"elementor-icon-list-icon\">\n\t\t\t\t\t\t\t<i aria-hidden=\"true\" class=\"fas fa-circle\"><\/i>\t\t\t\t\t\t<\/span>\n\t\t\t\t\t\t\t\t\t\t<span class=\"elementor-icon-list-text\">PRIX : Notre autre jeu LA M\u00c9MOIRE DU BOUFFON a aussi obtenu la cote maximum de 3 \u00e9toiles par le Conseil canadien d'\u00e9valuation des jouets et 5 points par Prot\u00e9gez-vous.<\/span>\n\t\t\t\t\t\t\t\t\t<\/li>\n\t\t\t\t\t\t\t\t<li class=\"elementor-icon-list-item\">\n\t\t\t\t\t\t\t\t\t\t\t<span class=\"elementor-icon-list-icon\">\n\t\t\t\t\t\t\t<i aria-hidden=\"true\" class=\"fas fa-circle\"><\/i>\t\t\t\t\t\t<\/span>\n\t\t\t\t\t\t\t\t\t\t<span class=\"elementor-icon-list-text\">NOUVEAU JEU SUR LE MARCH\u00c9 : ENVIRO-QUIZ, un jeu de 420 questions r\u00e9ponses sur l'environnement (menaces et solutions) et les esp\u00e8ces menac\u00e9es.  Le jeu ENVIRO-QUIZ est con\u00e7u et r\u00e9alis\u00e9 par NTELLI-KID, cependant, des organisations de renomm\u00e9 mondiale ou provinciale ont \u00e9t\u00e9 impliqu\u00e9es soit dans la validation de son contenu soit dans sa r\u00e9alisation : l'UICN-Union Mondiale pour la nature, le Biod\u00f4me de Montr\u00e9al, les Clubs 4-H, un \u00c9co-quartier.<\/span>\n\t\t\t\t\t\t\t\t\t<\/li>\n\t\t\t\t\t\t\t\t<li class=\"elementor-icon-list-item\">\n\t\t\t\t\t\t\t\t\t\t\t<span class=\"elementor-icon-list-icon\">\n\t\t\t\t\t\t\t<i aria-hidden=\"true\" class=\"fas fa-circle\"><\/i>\t\t\t\t\t\t<\/span>\n\t\t\t\t\t\t\t\t\t\t<span class=\"elementor-icon-list-text\"> La station de t\u00e9l\u00e9vision M\u00c9T\u00c9OM\u00c9DIA utilise le jeu ENVIRO-QUIZ afin de publier les capsules d'information diffus\u00e9es chaque jour \u00e0 l'\u00e9mission M\u00e9t\u00e9o-Matin.<\/span>\n\t\t\t\t\t\t\t\t\t<\/li>\n\t\t\t\t\t\t\t\t<li class=\"elementor-icon-list-item\">\n\t\t\t\t\t\t\t\t\t\t\t<span class=\"elementor-icon-list-icon\">\n\t\t\t\t\t\t\t<i aria-hidden=\"true\" class=\"fas fa-circle\"><\/i>\t\t\t\t\t\t<\/span>\n\t\t\t\t\t\t\t\t\t\t<span class=\"elementor-icon-list-text\"> M\u00c9T\u00c9OM\u00c9DIA a aussi lanc\u00e9 un concours en ondes \u00e0 partir du 14 jusqu'au 22 d\u00e9cembre, bas\u00e9 sur les questions extraites du jeu ENVIRO-QUIZ.<\/span>\n\t\t\t\t\t\t\t\t\t<\/li>\n\t\t\t\t\t\t<\/ul>\n\t\t\t\t\t\t<\/div>\n\t\t\t\t<\/div>\n\t\t\t\t\t<\/div>\n\t\t<\/div>\n\t\t\t\t\t<\/div>\n\t\t<\/section>\n\t\t\t\t<\/div>\n\t\t","protected":false},"excerpt":{"rendered":"<p>La F\u00e9d\u00e9ration Canadienne des Enseignants (FCE) approuve nos jeux relatifs \u00e0 l\u2019environnement, la biodiversit\u00e9 et la sant\u00e9 : ENVIRO-QUIZ, ANIMOTRAX ET ENVIRO-SANT\u00c9. Le minist\u00e8re de l\u2019\u00c9ducation du Nouveau Brunswick approuve les jeux ENVIRO-QUIZ et ANIMOTRAX comme support \u00e0 son Curriculum scolaire. Consulter la section RECOMMANDATIONS sur notre site, pour visualiser la lettre d&#8217;approbation et d&#8217;acceptation&#8230;<\/p>","protected":false},"author":1,"featured_media":0,"parent":0,"menu_order":0,"comment_status":"closed","ping_status":"closed","template":"","meta":{"nf_dc_page":"","footnotes":""},"class_list":["post-63","page","type-page","status-publish","hentry"],"_links":{"self":[{"href":"https:\/\/intellikid.com\/en\/wp-json\/wp\/v2\/pages\/63","targetHints":{"allow":["GET"]}}],"collection":[{"href":"https:\/\/intellikid.com\/en\/wp-json\/wp\/v2\/pages"}],"about":[{"href":"https:\/\/intellikid.com\/en\/wp-json\/wp\/v2\/types\/page"}],"author":[{"embeddable":true,"href":"https:\/\/intellikid.com\/en\/wp-json\/wp\/v2\/users\/1"}],"replies":[{"embeddable":true,"href":"https:\/\/intellikid.com\/en\/wp-json\/wp\/v2\/comments?post=63"}],"version-history":[{"count":15,"href":"https:\/\/intellikid.com\/en\/wp-json\/wp\/v2\/pages\/63\/revisions"}],"predecessor-version":[{"id":988551,"href":"https:\/\/intellikid.com\/en\/wp-json\/wp\/v2\/pages\/63\/revisions\/988551"}],"wp:attachment":[{"href":"https:\/\/intellikid.com\/en\/wp-json\/wp\/v2\/media?parent=63"}],"curies":[{"name":"wp","href":"https:\/\/api.w.org\/{rel}","templated":true}]}}