{"id":64,"date":"2022-02-13T18:42:10","date_gmt":"2022-02-13T18:42:10","guid":{"rendered":"https:\/\/whatthefont.net\/?page_id=64"},"modified":"2022-03-20T11:32:44","modified_gmt":"2022-03-20T11:32:44","slug":"entreprises","status":"publish","type":"page","link":"https:\/\/intellikid.com\/en\/entreprises\/","title":{"rendered":"Companies"},"content":{"rendered":"\t\t<div data-elementor-type=\"wp-page\" data-elementor-id=\"64\" class=\"elementor elementor-64\" data-elementor-post-type=\"page\">\n\t\t\t\t\t\t<section class=\"elementor-section elementor-top-section elementor-element elementor-element-75f1c35 elementor-section-content-bottom elementor-section-height-min-height elementor-section-items-stretch elementor-section-boxed elementor-section-height-default\" data-id=\"75f1c35\" data-element_type=\"section\" data-e-type=\"section\" data-settings=\"{&quot;background_background&quot;:&quot;classic&quot;,&quot;animation&quot;:&quot;none&quot;,&quot;shape_divider_bottom&quot;:&quot;vamtam-waves&quot;,&quot;shape_divider_top&quot;:&quot;vamtam-waves&quot;}\">\n\t\t\t\t\t\t<div class=\"elementor-container elementor-column-gap-default\">\n\t\t\t\t\t<div class=\"elementor-column elementor-col-50 elementor-top-column elementor-element elementor-element-c5f378f\" data-id=\"c5f378f\" data-element_type=\"column\" data-e-type=\"column\">\n\t\t\t<div class=\"elementor-widget-wrap elementor-element-populated\">\n\t\t\t\t\t\t<div class=\"elementor-element elementor-element-089fb3d elementor-widget elementor-widget-woocommerce-breadcrumb\" data-id=\"089fb3d\" data-element_type=\"widget\" data-e-type=\"widget\" data-widget_type=\"woocommerce-breadcrumb.default\">\n\t\t\t\t<div class=\"elementor-widget-container\">\n\t\t\t\t\t<nav class=\"woocommerce-breadcrumb\" aria-label=\"Breadcrumb\">Home<\/nav>\t\t\t\t<\/div>\n\t\t\t\t<\/div>\n\t\t\t\t\t<\/div>\n\t\t<\/div>\n\t\t\t\t<div class=\"elementor-column elementor-col-50 elementor-top-column elementor-element elementor-element-a2f3451 elementor-hidden-phone\" data-id=\"a2f3451\" data-element_type=\"column\" data-e-type=\"column\">\n\t\t\t<div class=\"elementor-widget-wrap elementor-element-populated\">\n\t\t\t\t\t\t<div class=\"elementor-element elementor-element-a486241 elementor-invisible elementor-widget elementor-widget-image\" data-id=\"a486241\" data-element_type=\"widget\" data-e-type=\"widget\" data-settings=\"{&quot;_animation&quot;:&quot;bounceInUp&quot;,&quot;motion_fx_scale_effect&quot;:&quot;yes&quot;,&quot;motion_fx_scale_direction&quot;:&quot;in-out&quot;,&quot;motion_fx_scale_range&quot;:{&quot;unit&quot;:&quot;%&quot;,&quot;size&quot;:&quot;&quot;,&quot;sizes&quot;:{&quot;start&quot;:50,&quot;end&quot;:100}},&quot;motion_fx_motion_fx_scrolling&quot;:&quot;yes&quot;,&quot;motion_fx_scale_speed&quot;:{&quot;unit&quot;:&quot;px&quot;,&quot;size&quot;:6,&quot;sizes&quot;:[]},&quot;motion_fx_devices&quot;:[&quot;desktop&quot;]}\" data-widget_type=\"image.default\">\n\t\t\t\t<div class=\"elementor-widget-container\">\n\t\t\t\t\t\t\t\t\t\t\t\t\t\t\t<img loading=\"lazy\" decoding=\"async\" loading=\"lazy\" width=\"157\" height=\"145\" src=\"https:\/\/intellikid.com\/wp-content\/uploads\/2019\/11\/fox-color.svg\" class=\"attachment-large size-large wp-image-405\" alt=\"\" \/>\t\t\t\t\t\t\t\t\t\t\t\t\t\t\t<\/div>\n\t\t\t\t<\/div>\n\t\t\t\t\t<\/div>\n\t\t<\/div>\n\t\t\t\t\t<\/div>\n\t\t<\/section>\n\t\t\t\t<section class=\"elementor-section elementor-top-section elementor-element elementor-element-a737785 elementor-section-boxed elementor-section-height-default elementor-section-height-default\" data-id=\"a737785\" data-element_type=\"section\" data-e-type=\"section\">\n\t\t\t\t\t\t<div class=\"elementor-container elementor-column-gap-default\">\n\t\t\t\t\t<div class=\"elementor-column elementor-col-100 elementor-top-column elementor-element elementor-element-592d21a\" data-id=\"592d21a\" data-element_type=\"column\" data-e-type=\"column\">\n\t\t\t<div class=\"elementor-widget-wrap elementor-element-populated\">\n\t\t\t\t\t\t<div class=\"elementor-element elementor-element-b652be9 elementor-widget elementor-widget-text-editor\" data-id=\"b652be9\" data-element_type=\"widget\" data-e-type=\"widget\" data-widget_type=\"text-editor.default\">\n\t\t\t\t<div class=\"elementor-widget-container\">\n\t\t\t\t\t\t\t\t\t<p><strong>Des entreprises priv\u00e9es font de plus en plus appel \u00e0 nous pour faire des animations lors des journ\u00e9es internationales relatives \u00e0 l\u2019environnement, \u00e0 la sant\u00e9, \u00e0 la biodiversit\u00e9, et \u00e0 l\u2019interculturel:<\/strong><\/p><p><br \/>22 AVRIL, JOUR DE LA TERRE<br \/>5 MAI, JOURN\u00c9E INTERNATIONALE DE L\u2019ENVIRONNMENT<br \/>MARS, LE MOIS DE LA NUTRITION ET DE LA SANT\u00c9<br \/>F\u00c9VRIER, MOIS DES NOIRS<br \/>JUIN, MOIS DES FOR\u00caTS<br \/>OCTOBRE, MOIS SANS D\u00c9CHETS<\/p><p><br \/><strong>Des compagnies d\u2019envergure ont d\u00e9j\u00e0 fait appel \u00e0 nous :<\/strong> ALCOA, DESJARDINS, YVES-ROCHER, PHARMACIES, etc.<\/p><p><br \/><strong>Si vous \u00eates int\u00e9ress\u00e9s par une animation ou une acquisition d\u2019une roue de quiz th\u00e9matique, pri\u00e8re de nous contacter \u00e0 l\u2019adresse suivante :<\/strong> <a href=\"mailto:info@intellikid.com\"><strong>info@intellikid.com<\/strong><\/a><\/p><p><strong>Vous pouvez aussi consulter notre section PRODUITS &amp; SERVICES pour plus d\u2019informations.<\/strong><\/p><p>\u00a0<\/p><p><strong>COMMENT JOUER?<\/strong><\/p><p><br \/>Avant de jouer, expliquez aux participants les diff\u00e9rentes cat\u00e9gories pr\u00e9sentes sur les roues de quiz. De cette mani\u00e8re-l\u00e0, ils auront tout de suite une id\u00e9e des questions qui leur seront pos\u00e9es. Expliquer aussi pourquoi cette division a \u00e9t\u00e9 adopt\u00e9e. Par exemple, les cat\u00e9gories et les classements de questions ont \u00e9t\u00e9 choisis par type d\u2019objets qui ont certaines caract\u00e9ristiques communes et qui correspondent g\u00e9n\u00e9ralement \u00e0 des fili\u00e8res de recyclage diff\u00e9rentes, par exemple.<\/p><p><br \/><strong>Comment jouer au jeu de base en grands groupes ?<\/strong><\/p><p>\u00a0<\/p><p>Le joueur (ou l\u2019animateur) tourne la roue (ou la fl\u00e8che), qui va s&#8217;arr\u00eater \u00e0 un moment donn\u00e9 sur un symbole correspondant \u00e0 une cat\u00e9gorie de questions soit au niveau du recyclage soit au niveau de l&#8217;environnement en g\u00e9n\u00e9ral. Il y en a 24 th\u00e9matiques dans les deux jeux de quiz. Chaque bonne r\u00e9ponse \u00e0 une question donne 5 ou 10 points d\u00e9pendant de la difficult\u00e9. Le joueur ou l&#8217;\u00e9quipe qui a remport\u00e9 le plus de points gagne la partie. \u00c0 la fin, on peut lire les explications qui sont fournies pour chaque r\u00e9ponse \u00e0 une question donn\u00e9e. Les jeunes auront ainsi plus de chance d&#8217;apprendre et de r\u00e9fl\u00e9chir sur diff\u00e9rents aspects de l&#8217;environnement.<\/p><p>\u00a0<\/p><p><strong>Voici quelques autres fa\u00e7ons de jouer :<\/strong><\/p><p>Jouer avec un grand groupe de plus de 20 personnes, c\u2019est facile :<\/p><p><br \/>Diviser le groupe en deux grandes \u00e9quipes. Elles doivent se poser des questions mutuellement.<\/p><p><br \/>Nous vous sugg\u00e9rons aussi de vous inspirer des r\u00e8glements du jeu ENVIRO-QUIZ. <br \/>On peut faire aussi des jeux de tombola, des jeux de mimes et d&#8217;interaction.<\/p><p>Jeux de quiz relatifs \u00e0 l&#8217;environnement et au recyclage, r\u00e9alis\u00e9s en fonctions des journ\u00e9es internationales d\u00e9cr\u00e9t\u00e9es par les Nations Unis.<br \/>Utiliser les cartes questions du \u00e0 la \u00abpige\u00bb.<\/p><p><br \/>Organiser une tombola en se servant des questions du jeu ENVIRO-QUIZ.<br \/>Utiliser les jeux RECYCLAGE et ENVIRO-QUIZ en petites \u00e9quipes, en atelier, en coop\u00e9ration. <\/p>\t\t\t\t\t\t\t\t<\/div>\n\t\t\t\t<\/div>\n\t\t\t\t\t<\/div>\n\t\t<\/div>\n\t\t\t\t\t<\/div>\n\t\t<\/section>\n\t\t\t\t<\/div>\n\t\t","protected":false},"excerpt":{"rendered":"<p>Des entreprises priv\u00e9es font de plus en plus appel \u00e0 nous pour faire des animations lors des journ\u00e9es internationales relatives \u00e0 l\u2019environnement, \u00e0 la sant\u00e9, \u00e0 la biodiversit\u00e9, et \u00e0 l\u2019interculturel: 22 AVRIL, JOUR DE LA TERRE5 MAI, JOURN\u00c9E INTERNATIONALE DE L\u2019ENVIRONNMENTMARS, LE MOIS DE LA NUTRITION ET DE LA SANT\u00c9F\u00c9VRIER, MOIS DES NOIRSJUIN, MOIS&#8230;<\/p>","protected":false},"author":1,"featured_media":0,"parent":0,"menu_order":0,"comment_status":"closed","ping_status":"closed","template":"","meta":{"nf_dc_page":"","footnotes":""},"class_list":["post-64","page","type-page","status-publish","hentry"],"_links":{"self":[{"href":"https:\/\/intellikid.com\/en\/wp-json\/wp\/v2\/pages\/64","targetHints":{"allow":["GET"]}}],"collection":[{"href":"https:\/\/intellikid.com\/en\/wp-json\/wp\/v2\/pages"}],"about":[{"href":"https:\/\/intellikid.com\/en\/wp-json\/wp\/v2\/types\/page"}],"author":[{"embeddable":true,"href":"https:\/\/intellikid.com\/en\/wp-json\/wp\/v2\/users\/1"}],"replies":[{"embeddable":true,"href":"https:\/\/intellikid.com\/en\/wp-json\/wp\/v2\/comments?post=64"}],"version-history":[{"count":8,"href":"https:\/\/intellikid.com\/en\/wp-json\/wp\/v2\/pages\/64\/revisions"}],"predecessor-version":[{"id":988583,"href":"https:\/\/intellikid.com\/en\/wp-json\/wp\/v2\/pages\/64\/revisions\/988583"}],"wp:attachment":[{"href":"https:\/\/intellikid.com\/en\/wp-json\/wp\/v2\/media?parent=64"}],"curies":[{"name":"wp","href":"https:\/\/api.w.org\/{rel}","templated":true}]}}