{"id":79,"date":"2022-02-13T18:44:25","date_gmt":"2022-02-13T18:44:25","guid":{"rendered":"https:\/\/whatthefont.net\/?page_id=79"},"modified":"2022-05-16T16:37:59","modified_gmt":"2022-05-16T16:37:59","slug":"ong-associees","status":"publish","type":"page","link":"https:\/\/intellikid.com\/en\/ong-associees\/","title":{"rendered":"Associated NGO"},"content":{"rendered":"\t\t<div data-elementor-type=\"wp-page\" data-elementor-id=\"79\" class=\"elementor elementor-79\" data-elementor-post-type=\"page\">\n\t\t\t\t\t\t<section class=\"elementor-section elementor-top-section elementor-element elementor-element-fcf552d elementor-section-content-bottom elementor-section-height-min-height elementor-section-items-stretch elementor-section-boxed elementor-section-height-default\" data-id=\"fcf552d\" data-element_type=\"section\" data-e-type=\"section\" data-settings=\"{&quot;background_background&quot;:&quot;classic&quot;,&quot;animation&quot;:&quot;none&quot;,&quot;shape_divider_bottom&quot;:&quot;vamtam-waves&quot;,&quot;shape_divider_top&quot;:&quot;vamtam-waves&quot;}\">\n\t\t\t\t\t\t<div class=\"elementor-container elementor-column-gap-default\">\n\t\t\t\t\t<div class=\"elementor-column elementor-col-50 elementor-top-column elementor-element elementor-element-e8c587c\" data-id=\"e8c587c\" data-element_type=\"column\" data-e-type=\"column\">\n\t\t\t<div class=\"elementor-widget-wrap elementor-element-populated\">\n\t\t\t\t\t\t<div class=\"elementor-element elementor-element-2779f9f elementor-widget elementor-widget-woocommerce-breadcrumb\" data-id=\"2779f9f\" data-element_type=\"widget\" data-e-type=\"widget\" data-widget_type=\"woocommerce-breadcrumb.default\">\n\t\t\t\t<div class=\"elementor-widget-container\">\n\t\t\t\t\t<nav class=\"woocommerce-breadcrumb\" aria-label=\"Breadcrumb\">Home<\/nav>\t\t\t\t<\/div>\n\t\t\t\t<\/div>\n\t\t\t\t\t<\/div>\n\t\t<\/div>\n\t\t\t\t<div class=\"elementor-column elementor-col-50 elementor-top-column elementor-element elementor-element-1722420 elementor-hidden-phone\" data-id=\"1722420\" data-element_type=\"column\" data-e-type=\"column\">\n\t\t\t<div class=\"elementor-widget-wrap elementor-element-populated\">\n\t\t\t\t\t\t<div class=\"elementor-element elementor-element-08647c7 elementor-invisible elementor-widget elementor-widget-image\" data-id=\"08647c7\" data-element_type=\"widget\" data-e-type=\"widget\" data-settings=\"{&quot;_animation&quot;:&quot;bounceInUp&quot;,&quot;motion_fx_scale_effect&quot;:&quot;yes&quot;,&quot;motion_fx_scale_direction&quot;:&quot;in-out&quot;,&quot;motion_fx_scale_range&quot;:{&quot;unit&quot;:&quot;%&quot;,&quot;size&quot;:&quot;&quot;,&quot;sizes&quot;:{&quot;start&quot;:50,&quot;end&quot;:100}},&quot;motion_fx_motion_fx_scrolling&quot;:&quot;yes&quot;,&quot;motion_fx_scale_speed&quot;:{&quot;unit&quot;:&quot;px&quot;,&quot;size&quot;:6,&quot;sizes&quot;:[]},&quot;motion_fx_devices&quot;:[&quot;desktop&quot;]}\" data-widget_type=\"image.default\">\n\t\t\t\t<div class=\"elementor-widget-container\">\n\t\t\t\t\t\t\t\t\t\t\t\t\t\t\t<img loading=\"lazy\" decoding=\"async\" loading=\"lazy\" width=\"157\" height=\"145\" src=\"https:\/\/intellikid.com\/wp-content\/uploads\/2019\/11\/fox-color.svg\" class=\"attachment-large size-large wp-image-405\" alt=\"\" \/>\t\t\t\t\t\t\t\t\t\t\t\t\t\t\t<\/div>\n\t\t\t\t<\/div>\n\t\t\t\t\t<\/div>\n\t\t<\/div>\n\t\t\t\t\t<\/div>\n\t\t<\/section>\n\t\t\t\t<section class=\"elementor-section elementor-top-section elementor-element elementor-element-a4459e5 elementor-section-boxed elementor-section-height-default elementor-section-height-default\" data-id=\"a4459e5\" data-element_type=\"section\" data-e-type=\"section\">\n\t\t\t\t\t\t<div class=\"elementor-container elementor-column-gap-default\">\n\t\t\t\t\t<div class=\"elementor-column elementor-col-100 elementor-top-column elementor-element elementor-element-310e784\" data-id=\"310e784\" data-element_type=\"column\" data-e-type=\"column\">\n\t\t\t<div class=\"elementor-widget-wrap elementor-element-populated\">\n\t\t\t\t\t\t<div class=\"elementor-element elementor-element-659813e elementor-widget elementor-widget-text-editor\" data-id=\"659813e\" data-element_type=\"widget\" data-e-type=\"widget\" data-widget_type=\"text-editor.default\">\n\t\t\t\t<div class=\"elementor-widget-container\">\n\t\t\t\t\t\t\t\t\t<p><b>PLUSIEURS ORGANISATIONS NON GOUVERNEMENTALES (ONG) ET GOUVERNEMENTALES SE SONT ASSOCI\u00c9ES \u00c0 INTELLI-KID AFIN DE CONTRIBUER \u00c0 LA VALIDATION DE CERTAINS JEUX.<\/b><\/p><p><b><br \/>Notre nouveau jeu Enviro-Sant\u00e9 a \u00e9t\u00e9 valid\u00e9 et approuv\u00e9 par les minist\u00e8res de Sant\u00e9 Canada, Environnement Canada et par Vert l&#8217;Action. Tout le contenu est donc v\u00e9rifi\u00e9 et \u00e0 jour.<\/b><\/p><p><b>\u00a0<\/b><\/p><p><b>VERT L\u2019ACTION<\/b><\/p><p><b><br \/><\/b><span style=\"font-weight: 400;\">Vert l\u2019action, le Programme sur la vie active et l\u2019environnement, est un organisme de bienfaisance national \u00e0 but non lucratif qui a pour mission d\u2019encourager les Canadiennes et Canadiens \u00e0 pratiquer des activit\u00e9s physiques en plein air tout en faisant preuve d\u2019\u00e9co-civisme. Vert l\u2019action identifie et propose des solutions communautaires qui apportent une contribution positive \u00e0 la soci\u00e9t\u00e9 canadienne.<\/span><\/p><p><span style=\"font-weight: 400;\">Un des programmes de Vert l\u2019action est Aller-retour actif et s\u00e9curitaire pour l\u2019\u00e9cole. Ce programme national encourage l\u2019utilisation de moyens de transport actifs pour se rendre et revenir de l\u2019\u00e9cole. Ainsi, les autobus scolaires p\u00e9destres et de cyclistes sont maintenant un \u00e9v\u00e9nement familier dans nos quartiers.<\/span><\/p><p>\u00a0<\/p><p><b>IUCN \u2013 Union mondiale pour la nature<\/b><b><br \/><br \/><\/b><\/p><p><span style=\"font-weight: 400;\">Cr\u00e9\u00e9e en 1948, elle est la plus grande organisation mondiale de conservation de la nature. Elle rassemble 76 \u00e9tats, 111 organismes publics, 732 ONG, 36 affili\u00e9s et environ 10 000 scientifiques et experts de 181 pays en un partenariat unique. Depuis plus d\u2019un demi-si\u00e8cle, l\u2019UICN a entrepris de fa\u00e7onner un monde juste qui ch\u00e9risse et conserve la nature. Elle s\u2019est donn\u00e9e pour mission d\u2019influer sur les soci\u00e9t\u00e9s du monde entier, de les encourager et de les aider pour qu\u2019elles conservent l\u2019int\u00e9grit\u00e9 et la diversit\u00e9 de la nature et veillent \u00e0 ce que toute utilisation des ressources naturelles soit \u00e9quitable et \u00e9cologiquement durable. L\u2019UICN est le plus grand r\u00e9seau de connaissances sur l\u2019environnement. Dans le cadre de conventions internationales, elle encourage le d\u00e9veloppement durable et a aid\u00e9 plus de 50 pays \u00e0 r\u00e9diger et \u00e0 appliquer une strat\u00e9gie nationale de conservation et de biodiversit\u00e9. L\u2019UICN compte environ 1000 employ\u00e9s, dont une centaine travaillent au si\u00e8ge social, \u00e0 Gland, en Suisse. Les autres employ\u00e9s se trouvent dans 42 pays diff\u00e9rents.<\/span><\/p><p><span style=\"font-weight: 400;\"><br \/><\/span><span style=\"font-weight: 400;\">Pour en savoir plus au sujet de l\u2019UICN \u2013 Union mondiale pour la nature, voir le site Internet http:\/\/www.iucn.org. Le site Internet du Bureau de l\u2019UICN au Canada est http:\/\/www.iucn.ca et l\u2019adresse \u00e9lectronique est poste@iucn.ca<\/span><\/p><p>\u00a0<\/p><p><b>Biod\u00f4me de Montr\u00e9al<\/b><\/p><p>\u00a0<\/p><p><span style=\"font-weight: 400;\">Situ\u00e9 en plein c\u0153ur de la Ville, dans l\u2019ancien V\u00e9lodrome olympique, \u00e0 proximit\u00e9 du Jardin botanique et de la Tour de Montr\u00e9al, le Biod\u00f4me de Montr\u00e9al a \u00e9t\u00e9 inaugur\u00e9 le 19 juin 1992. Ce mus\u00e9e de l\u2019Environnement demeure aujourd\u2019hui unique au monde. Il vise \u00e0 sensibiliser le visiteur \u00e0 la beaut\u00e9 de la Plan\u00e8te, \u00e0 sa fragilit\u00e9 et \u00e0 l\u2019importance de la pr\u00e9server. N\u2019\u00e9tant ni un jardin botanique, ni un aquarium, ni un jardin zoologique mais un peu tout cela \u00e0 la fois, le Biod\u00f4me de Montr\u00e9al am\u00e8ne le visiteur \u00e0 d\u00e9couvrir les liens multiples qui unissent le vivant au non vivant, l\u2019animal au v\u00e9g\u00e9tal et l\u2019homme \u00e0 la nature. Invitant \u00e0 une exp\u00e9rience sensorielle de tous les instants, il permet l\u2019exploration de quatre des plus beaux milieux naturels des Am\u00e9riques : la for\u00eat tropicale, la for\u00eat laurentienne, le Saint-Laurent marin et le monde polaire (arctique et antarctique). Une importante programmation d\u2019activit\u00e9s contribue \u00e0 renouveler et enrichir l\u2019exp\u00e9rience v\u00e9cue par les visiteurs. Que l\u2019on pense aux expositions temporaires, aux projections de films, aux conf\u00e9rences, aux animations ou aux activit\u00e9s saisonni\u00e8res comme l\u2019Halloween et No\u00ebl, tout est vraiment mis en \u0153uvre pour que la visite soit la plus enrichissante possible.<\/span><\/p><p>\u00a0<\/p><p><b>LES CLUBS 4-H DU QU\u00c9BEC<\/b><b><br \/><\/b><span style=\"font-weight: 400;\"><br \/><\/span><span style=\"font-weight: 400;\">Les Clubs 4-H du Qu\u00e9bec inc. est un organisme qui a \u00e9t\u00e9 fond\u00e9 en 1942 par l\u2019Association foresti\u00e8re qu\u00e9b\u00e9coise. En effet, cette association a vite pris conscience qu\u2019elle pourrait accomplir plus efficacement sa mission d\u2019\u00e9duquer la population \u00e0 la protection et \u00e0 la conservation des ressources naturelles en int\u00e9ressant la jeunesse \u00e0 son \u0153uvre. Les Clubs 4-H sont rest\u00e9s fid\u00e8les \u00e0 leurs origines foresti\u00e8res. Toutefois, ils n\u2019ont pas h\u00e9sit\u00e9 \u00e0 \u00e9largir leur champ d\u2019action \u00e0 l\u2019environnement et aux sciences naturelles et ce, pour r\u00e9pondre aux besoins de la soci\u00e9t\u00e9 qu\u00e9b\u00e9coise. Le Mouvement 4-H est un organisme qu\u00e9b\u00e9cois de jeunesse qui \u0153uvre \u00e0 la conservation de l\u2019arbre, du milieu forestier et de tout l\u2019environnement. Orient\u00e9 vers le loisir scientifique, son but premier est de d\u00e9velopper chez les jeunes un int\u00e9r\u00eat actif pour la conservation et l\u2019am\u00e9lioration de la qualit\u00e9 de l\u2019environnement. \u00a0 La devise pr\u00e9sente \u00e0 ses membres quatre valeurs qu\u2019ils doivent tendre \u00e0 d\u00e9velopper et ce, autant par leurs actions au sein du Mouvement 4-H qu\u2019\u00e0 travers leurs activit\u00e9s quotidiennes.<\/span><\/p><p>\u00a0<\/p><p><span style=\"font-weight: 400;\">Ces 4 valeurs sont : H \u2013 Honneur dans les actes; H \u2013 Honn\u00eatet\u00e9 dans les moyens; H \u2013 Habilet\u00e9 dans le travail; H \u2013 Humanit\u00e9 dans la conduite.<\/span><\/p><p><br \/><br \/><br \/><\/p><p><b>\u00c9CO-QUARTIER Peter-McGill<\/b><\/p><p>\u00a0<\/p><p><span style=\"font-weight: 400;\">\u00c9coquartier est un programme d\u2019\u00e9ducation, de sensibilisation et d\u2019am\u00e9lioration environnementales con\u00e7u par la Ville de Montr\u00e9al en 1995 et appliqu\u00e9 \u00e0 l\u2019\u00e9chelle de chacun des quartiers par des organismes locaux sans but lucratif. Ainsi, les actions de propret\u00e9, d\u2019embellissement, de naturalisation et des \u00ab3R\u00bb (r\u00e9duction, r\u00e9emploi, recyclage) sont ajust\u00e9es selon les caract\u00e9ristiques et les r\u00e9alit\u00e9s locales. L\u2019objectif ultime est de d\u00e9velopper la notion \u00abd\u2019\u00e9co-civisme\u00bb et la prise en charge du quartier par les gens qui l\u2019habitent. \u00c9coquartier Peter-McGill dessert le territoire du centre-ville de Montr\u00e9al.<\/span><\/p>\t\t\t\t\t\t\t\t<\/div>\n\t\t\t\t<\/div>\n\t\t\t\t\t<\/div>\n\t\t<\/div>\n\t\t\t\t\t<\/div>\n\t\t<\/section>\n\t\t\t\t<\/div>\n\t\t","protected":false},"excerpt":{"rendered":"<p>PLUSIEURS ORGANISATIONS NON GOUVERNEMENTALES (ONG) ET GOUVERNEMENTALES SE SONT ASSOCI\u00c9ES \u00c0 INTELLI-KID AFIN DE CONTRIBUER \u00c0 LA VALIDATION DE CERTAINS JEUX. Notre nouveau jeu Enviro-Sant\u00e9 a \u00e9t\u00e9 valid\u00e9 et approuv\u00e9 par les minist\u00e8res de Sant\u00e9 Canada, Environnement Canada et par Vert l&#8217;Action. Tout le contenu est donc v\u00e9rifi\u00e9 et \u00e0 jour. \u00a0 VERT L\u2019ACTION Vert&#8230;<\/p>","protected":false},"author":1,"featured_media":0,"parent":0,"menu_order":0,"comment_status":"closed","ping_status":"closed","template":"","meta":{"nf_dc_page":"","footnotes":""},"class_list":["post-79","page","type-page","status-publish","hentry"],"_links":{"self":[{"href":"https:\/\/intellikid.com\/en\/wp-json\/wp\/v2\/pages\/79","targetHints":{"allow":["GET"]}}],"collection":[{"href":"https:\/\/intellikid.com\/en\/wp-json\/wp\/v2\/pages"}],"about":[{"href":"https:\/\/intellikid.com\/en\/wp-json\/wp\/v2\/types\/page"}],"author":[{"embeddable":true,"href":"https:\/\/intellikid.com\/en\/wp-json\/wp\/v2\/users\/1"}],"replies":[{"embeddable":true,"href":"https:\/\/intellikid.com\/en\/wp-json\/wp\/v2\/comments?post=79"}],"version-history":[{"count":5,"href":"https:\/\/intellikid.com\/en\/wp-json\/wp\/v2\/pages\/79\/revisions"}],"predecessor-version":[{"id":988993,"href":"https:\/\/intellikid.com\/en\/wp-json\/wp\/v2\/pages\/79\/revisions\/988993"}],"wp:attachment":[{"href":"https:\/\/intellikid.com\/en\/wp-json\/wp\/v2\/media?parent=79"}],"curies":[{"name":"wp","href":"https:\/\/api.w.org\/{rel}","templated":true}]}}