{"id":80,"date":"2022-02-13T18:44:37","date_gmt":"2022-02-13T18:44:37","guid":{"rendered":"https:\/\/whatthefont.net\/?page_id=80"},"modified":"2022-05-21T13:42:29","modified_gmt":"2022-05-21T13:42:29","slug":"infos-generales","status":"publish","type":"page","link":"https:\/\/intellikid.com\/en\/infos-generales\/","title":{"rendered":"Infos-g\u00e9n\u00e9rales"},"content":{"rendered":"\t\t<div data-elementor-type=\"wp-page\" data-elementor-id=\"80\" class=\"elementor elementor-80\" data-elementor-post-type=\"page\">\n\t\t\t\t\t\t<section class=\"elementor-section elementor-top-section elementor-element elementor-element-0513746 elementor-section-content-bottom elementor-section-height-min-height elementor-section-items-stretch elementor-section-boxed elementor-section-height-default\" data-id=\"0513746\" data-element_type=\"section\" data-e-type=\"section\" data-settings=\"{&quot;background_background&quot;:&quot;classic&quot;,&quot;animation&quot;:&quot;none&quot;,&quot;shape_divider_bottom&quot;:&quot;vamtam-waves&quot;,&quot;shape_divider_top&quot;:&quot;vamtam-waves&quot;}\">\n\t\t\t\t\t\t<div class=\"elementor-container elementor-column-gap-default\">\n\t\t\t\t\t<div class=\"elementor-column elementor-col-50 elementor-top-column elementor-element elementor-element-484d425\" data-id=\"484d425\" data-element_type=\"column\" data-e-type=\"column\">\n\t\t\t<div class=\"elementor-widget-wrap elementor-element-populated\">\n\t\t\t\t\t\t<div class=\"elementor-element elementor-element-e37e986 elementor-widget elementor-widget-woocommerce-breadcrumb\" data-id=\"e37e986\" data-element_type=\"widget\" data-e-type=\"widget\" data-widget_type=\"woocommerce-breadcrumb.default\">\n\t\t\t\t<div class=\"elementor-widget-container\">\n\t\t\t\t\t<nav class=\"woocommerce-breadcrumb\" aria-label=\"Breadcrumb\">Home<\/nav>\t\t\t\t<\/div>\n\t\t\t\t<\/div>\n\t\t\t\t\t<\/div>\n\t\t<\/div>\n\t\t\t\t<div class=\"elementor-column elementor-col-50 elementor-top-column elementor-element elementor-element-d848294 elementor-hidden-phone\" data-id=\"d848294\" data-element_type=\"column\" data-e-type=\"column\">\n\t\t\t<div class=\"elementor-widget-wrap elementor-element-populated\">\n\t\t\t\t\t\t<div class=\"elementor-element elementor-element-0dee746 elementor-invisible elementor-widget elementor-widget-image\" data-id=\"0dee746\" data-element_type=\"widget\" data-e-type=\"widget\" data-settings=\"{&quot;_animation&quot;:&quot;bounceInUp&quot;,&quot;motion_fx_scale_effect&quot;:&quot;yes&quot;,&quot;motion_fx_scale_direction&quot;:&quot;in-out&quot;,&quot;motion_fx_scale_range&quot;:{&quot;unit&quot;:&quot;%&quot;,&quot;size&quot;:&quot;&quot;,&quot;sizes&quot;:{&quot;start&quot;:50,&quot;end&quot;:100}},&quot;motion_fx_motion_fx_scrolling&quot;:&quot;yes&quot;,&quot;motion_fx_scale_speed&quot;:{&quot;unit&quot;:&quot;px&quot;,&quot;size&quot;:6,&quot;sizes&quot;:[]},&quot;motion_fx_devices&quot;:[&quot;desktop&quot;]}\" data-widget_type=\"image.default\">\n\t\t\t\t<div class=\"elementor-widget-container\">\n\t\t\t\t\t\t\t\t\t\t\t\t\t\t\t<img loading=\"lazy\" decoding=\"async\" loading=\"lazy\" width=\"157\" height=\"145\" src=\"https:\/\/intellikid.com\/wp-content\/uploads\/2019\/11\/fox-color.svg\" class=\"attachment-large size-large wp-image-405\" alt=\"\" \/>\t\t\t\t\t\t\t\t\t\t\t\t\t\t\t<\/div>\n\t\t\t\t<\/div>\n\t\t\t\t\t<\/div>\n\t\t<\/div>\n\t\t\t\t\t<\/div>\n\t\t<\/section>\n\t\t\t\t<section class=\"elementor-section elementor-top-section elementor-element elementor-element-c45458b elementor-section-boxed elementor-section-height-default elementor-section-height-default\" data-id=\"c45458b\" data-element_type=\"section\" data-e-type=\"section\">\n\t\t\t\t\t\t<div class=\"elementor-container elementor-column-gap-default\">\n\t\t\t\t\t<div class=\"elementor-column elementor-col-100 elementor-top-column elementor-element elementor-element-97575bb\" data-id=\"97575bb\" data-element_type=\"column\" data-e-type=\"column\">\n\t\t\t<div class=\"elementor-widget-wrap elementor-element-populated\">\n\t\t\t\t\t\t<div class=\"elementor-element elementor-element-4c39503 elementor-widget elementor-widget-text-editor\" data-id=\"4c39503\" data-element_type=\"widget\" data-e-type=\"widget\" data-widget_type=\"text-editor.default\">\n\t\t\t\t<div class=\"elementor-widget-container\">\n\t\t\t\t\t\t\t\t\t<p><strong>BIENVENUE sur le site de INTELLI-KID<\/strong><\/p><p><strong>\u00a0<\/strong><\/p><p><strong style=\"background-color: var(--vamtam-accent-color-5); letter-spacing: var(--vamtam-primary-font-letter-spacing-desktop,normal);\">Informations g\u00e9n\u00e9rales<\/strong><\/p><p>La mission d\u2019INTELLI-KID est de faire vivre aux enfants, mais aussi aux jeunes et leurs familles des moments d\u2019apprentissage divertissants et \u00e9ducatifs visant la sensibilisation envers la nature, l\u2019environnement, les animaux menac\u00e9s, la sant\u00e9 et les saines habitudes de vie, les traditions et diff\u00e9rentes cultures du monde. Nous abordons aussi les th\u00e8mes comme la s\u00e9curit\u00e9 des jeunes, et la conservation des for\u00eats.<br \/>Pour y arriver, nous avons d\u00e9velopp\u00e9 des jeux \u00e9ducatifs grand et petits formats ainsi que des animations de sensibilisation en lien \u00e0 ces th\u00e9matiques. Les enfants apprennent tr\u00e8s facilement par le jeu car c\u2019est dans leur nature de jouer. Il est donc essentiel de profiter de cette facult\u00e9 qu\u2019ont les enfants \u00e0 apprendre tout en jouant et en ayant du plaisir.<\/p><p>\u00a0<\/p><p>\u00a0<\/p><p>Les jeux sont fabriqu\u00e9s au Canada (Qu\u00e9bec) par notre entreprise qui a une forte mission sociale, environnementale et \u00e9ducative. Ils ont \u00e9t\u00e9 endoss\u00e9s par des organismes respect\u00e9s tels que la F\u00e9d\u00e9ration canadienne des enseignantes et des enseignants, Environnement Canada et Sant\u00e9 Canada, UICN &#8211; Union mondiale pour la nature.<\/p><p>\u00a0<\/p><p>Plus de d\u00e9tails :\u00a0<a style=\"font-family: inherit; font-size: inherit; font-style: inherit; font-variant-ligatures: inherit; font-variant-caps: inherit; font-weight: inherit; background-color: var(--vamtam-accent-color-5); letter-spacing: var(--vamtam-primary-font-letter-spacing-desktop,normal);\" href=\"https:\/\/www.youtube.com\/user\/intelliv\/videos\" target=\"_blank\" rel=\"noopener\">VID\u00c9OS DE NOS JEUX sur Youtube<\/a><\/p><p>\u00a0<\/p><p>Jusqu\u2019\u00e0 maintenant, nous avons d\u00e9velopp\u00e9 8 nouvelles roues de quiz th\u00e9matiques et plus de 1300 questions document\u00e9es permettant d&#8217;\u00e9duquer la population et surtout les jeunes \u00e0 l&#8217;\u00e9co-citoyennet\u00e9, aux 3RV*, \u00e0 la protection de l&#8217;environnement, \u00e0 la sant\u00e9, aux animaux menac\u00e9s et la Biodiversit\u00e9, \u00e0 la s\u00e9curit\u00e9 et \u00e0 la diversit\u00e9 culturelle.<\/p><p>\u00a0<\/p><p>\u00a0<\/p><p>La communication et l\u2019apprentissage dans un contexte ludique deviennent plus faciles, interactifs et amusants. Dans le contexte scolaire il sera plus facile d\u2019atteindre des objectifs d\u2019\u00e9ducation et de coop\u00e9ration.<\/p><p>\u00a0<\/p><p>\u00a0<\/p><p>\u00c0 noter que les jeux grand format (grandes roues de quiz) sont tr\u00e8s utiles lors des journ\u00e9es internationales sur l&#8217;environnement, la nutrition et la sant\u00e9 et les 3RV. Une activit\u00e9 grand public le Jour de la Terre ou la semaine canadienne de l&#8217;environnement par exemple, permet de sensibiliser beaucoup de monde \u00e0 la fois tout en s&#8217;amusant. Des moments de d\u00e9tente et de plaisir dans un contexte ludique sont en g\u00e9n\u00e9ral des ingr\u00e9dients d&#8217;une combinaison gagnante et tr\u00e8s efficace pour \u00e9duquer le plus de monde \u00e0 la fois. Ainsi, ils s\u2019adaptent tr\u00e8s bien aux services de garde et aux camps de jour.<\/p><p>\u00a0<\/p><p>\u00a0<\/p><p><b>Animations de sensibilisation du public de tous \u00e2ges peuvent se faire tr\u00e8s facilement avec les grandes roues de quiz sur des th\u00e8mes suivants :<\/b><br \/>ENVIRONNEMENT (ENVIRO-QUIZ)<br \/>3RV (R\u00e9\u00e9ducation de d\u00e9chets \u00e0 la source, R\u00e9utilisation, Recyclage, Valorisation)<br \/>BIODIVERSIT\u00c9<br \/>SAINES HABITUDES DE VIE (ENVIRO-SANT\u00c9)<br \/>DIVERSIT\u00c9 CULTURELLE<br \/>S\u00c9CURIT\u00c9 DES JEUNES (public)<br \/>FOR\u00caTS (FOR\u00caT en JEU<\/p><p>ROUE DE LA CHANCE<br \/>(pour tirages, pour s\u2019amuser)<br \/>ROUE SANS TH\u00c8ME (\u00e0 vous de d\u00e9velopper et rajouter des questions)<\/p><p>\u00a0<\/p><p>Les roues \u00e9tant r\u00e9versibles, les utilisateurs peuvent d\u00e9velopper des questions suppl\u00e9mentaires et ainsi r\u00e9aliser leur propre roue de quiz sur les th\u00e8mes tels que le fran\u00e7ais, les maths, la g\u00e9ographie, les sciences, etc.<\/p><p>\u00a0<\/p><p>\u00a0<\/p><p><b>Pour plus<\/b> <b>d\u2019informations sur les animations, pri\u00e8re de consulter \u00ab Animations &amp; atelier \u00bb dans cette section.<\/b><\/p>\t\t\t\t\t\t\t\t<\/div>\n\t\t\t\t<\/div>\n\t\t\t\t\t<\/div>\n\t\t<\/div>\n\t\t\t\t\t<\/div>\n\t\t<\/section>\n\t\t\t\t<section class=\"elementor-section elementor-top-section elementor-element elementor-element-c0fb4c2 elementor-section-boxed elementor-section-height-default elementor-section-height-default\" data-id=\"c0fb4c2\" data-element_type=\"section\" data-e-type=\"section\">\n\t\t\t\t\t\t<div class=\"elementor-container elementor-column-gap-default\">\n\t\t\t\t\t<div class=\"elementor-column elementor-col-100 elementor-top-column elementor-element elementor-element-0c06d2a\" data-id=\"0c06d2a\" data-element_type=\"column\" data-e-type=\"column\">\n\t\t\t<div class=\"elementor-widget-wrap elementor-element-populated\">\n\t\t\t\t\t\t<div class=\"elementor-element elementor-element-89ea188 elementor-widget elementor-widget-heading\" data-id=\"89ea188\" data-element_type=\"widget\" data-e-type=\"widget\" data-widget_type=\"heading.default\">\n\t\t\t\t<div class=\"elementor-widget-container\">\n\t\t\t\t\t<h2 class=\"elementor-heading-title elementor-size-default\">OUR GAMES VIDEOS ON YOUTUBE: \n<\/h2>\t\t\t\t<\/div>\n\t\t\t\t<\/div>\n\t\t\t\t\t<\/div>\n\t\t<\/div>\n\t\t\t\t\t<\/div>\n\t\t<\/section>\n\t\t\t\t<\/div>\n\t\t","protected":false},"excerpt":{"rendered":"<p>BIENVENUE sur le site de INTELLI-KID \u00a0 Informations g\u00e9n\u00e9rales La mission d\u2019INTELLI-KID est de faire vivre aux enfants, mais aussi aux jeunes et leurs familles des moments d\u2019apprentissage divertissants et \u00e9ducatifs visant la sensibilisation envers la nature, l\u2019environnement, les animaux menac\u00e9s, la sant\u00e9 et les saines habitudes de vie, les traditions et diff\u00e9rentes cultures du&#8230;<\/p>","protected":false},"author":1,"featured_media":0,"parent":0,"menu_order":0,"comment_status":"closed","ping_status":"closed","template":"","meta":{"nf_dc_page":"","footnotes":""},"class_list":["post-80","page","type-page","status-publish","hentry"],"_links":{"self":[{"href":"https:\/\/intellikid.com\/en\/wp-json\/wp\/v2\/pages\/80","targetHints":{"allow":["GET"]}}],"collection":[{"href":"https:\/\/intellikid.com\/en\/wp-json\/wp\/v2\/pages"}],"about":[{"href":"https:\/\/intellikid.com\/en\/wp-json\/wp\/v2\/types\/page"}],"author":[{"embeddable":true,"href":"https:\/\/intellikid.com\/en\/wp-json\/wp\/v2\/users\/1"}],"replies":[{"embeddable":true,"href":"https:\/\/intellikid.com\/en\/wp-json\/wp\/v2\/comments?post=80"}],"version-history":[{"count":5,"href":"https:\/\/intellikid.com\/en\/wp-json\/wp\/v2\/pages\/80\/revisions"}],"predecessor-version":[{"id":989136,"href":"https:\/\/intellikid.com\/en\/wp-json\/wp\/v2\/pages\/80\/revisions\/989136"}],"wp:attachment":[{"href":"https:\/\/intellikid.com\/en\/wp-json\/wp\/v2\/media?parent=80"}],"curies":[{"name":"wp","href":"https:\/\/api.w.org\/{rel}","templated":true}]}}