{"id":988341,"date":"2022-03-02T17:04:55","date_gmt":"2022-03-02T17:04:55","guid":{"rendered":"https:\/\/whatthefont.net\/?page_id=988341"},"modified":"2022-04-01T16:59:14","modified_gmt":"2022-04-01T16:59:14","slug":"animations-ateliers","status":"publish","type":"page","link":"https:\/\/intellikid.com\/en\/animations-ateliers\/","title":{"rendered":"Fun and educational activities"},"content":{"rendered":"\t\t<div data-elementor-type=\"wp-page\" data-elementor-id=\"988341\" class=\"elementor elementor-988341\" data-elementor-post-type=\"page\">\n\t\t\t\t\t\t<section class=\"elementor-section elementor-top-section elementor-element elementor-element-fed423a elementor-section-content-bottom elementor-section-height-min-height elementor-section-items-stretch elementor-section-boxed elementor-section-height-default\" data-id=\"fed423a\" data-element_type=\"section\" data-e-type=\"section\" data-settings=\"{&quot;background_background&quot;:&quot;classic&quot;,&quot;animation&quot;:&quot;none&quot;,&quot;shape_divider_top&quot;:&quot;vamtam-waves&quot;}\">\n\t\t\t\t\t\t<div class=\"elementor-container elementor-column-gap-default\">\n\t\t\t\t\t<div class=\"elementor-column elementor-col-50 elementor-top-column elementor-element elementor-element-ee42870\" data-id=\"ee42870\" data-element_type=\"column\" data-e-type=\"column\">\n\t\t\t<div class=\"elementor-widget-wrap elementor-element-populated\">\n\t\t\t\t\t\t<div class=\"elementor-element elementor-element-cc1f0b0 elementor-widget elementor-widget-woocommerce-breadcrumb\" data-id=\"cc1f0b0\" data-element_type=\"widget\" data-e-type=\"widget\" data-widget_type=\"woocommerce-breadcrumb.default\">\n\t\t\t\t<div class=\"elementor-widget-container\">\n\t\t\t\t\t<nav class=\"woocommerce-breadcrumb\" aria-label=\"Breadcrumb\">Home<\/nav>\t\t\t\t<\/div>\n\t\t\t\t<\/div>\n\t\t\t\t\t<\/div>\n\t\t<\/div>\n\t\t\t\t<div class=\"elementor-column elementor-col-50 elementor-top-column elementor-element elementor-element-44b0cc5 elementor-hidden-phone\" data-id=\"44b0cc5\" data-element_type=\"column\" data-e-type=\"column\">\n\t\t\t<div class=\"elementor-widget-wrap elementor-element-populated\">\n\t\t\t\t\t\t<div class=\"elementor-element elementor-element-9354443 elementor-invisible elementor-widget elementor-widget-image\" data-id=\"9354443\" data-element_type=\"widget\" data-e-type=\"widget\" data-settings=\"{&quot;_animation&quot;:&quot;bounceInUp&quot;,&quot;motion_fx_scale_effect&quot;:&quot;yes&quot;,&quot;motion_fx_scale_direction&quot;:&quot;in-out&quot;,&quot;motion_fx_scale_range&quot;:{&quot;unit&quot;:&quot;%&quot;,&quot;size&quot;:&quot;&quot;,&quot;sizes&quot;:{&quot;start&quot;:50,&quot;end&quot;:100}},&quot;motion_fx_motion_fx_scrolling&quot;:&quot;yes&quot;,&quot;motion_fx_scale_speed&quot;:{&quot;unit&quot;:&quot;px&quot;,&quot;size&quot;:6,&quot;sizes&quot;:[]},&quot;motion_fx_devices&quot;:[&quot;desktop&quot;]}\" data-widget_type=\"image.default\">\n\t\t\t\t<div class=\"elementor-widget-container\">\n\t\t\t\t\t\t\t\t\t\t\t\t\t\t\t<img loading=\"lazy\" decoding=\"async\" loading=\"lazy\" width=\"157\" height=\"145\" src=\"https:\/\/intellikid.com\/wp-content\/uploads\/2019\/11\/fox-color.svg\" class=\"attachment-large size-large wp-image-405\" alt=\"\" \/>\t\t\t\t\t\t\t\t\t\t\t\t\t\t\t<\/div>\n\t\t\t\t<\/div>\n\t\t\t\t\t<\/div>\n\t\t<\/div>\n\t\t\t\t\t<\/div>\n\t\t<\/section>\n\t\t\t\t<section class=\"elementor-section elementor-top-section elementor-element elementor-element-2b104ec elementor-section-boxed elementor-section-height-default elementor-section-height-default\" data-id=\"2b104ec\" data-element_type=\"section\" data-e-type=\"section\">\n\t\t\t\t\t\t<div class=\"elementor-container elementor-column-gap-default\">\n\t\t\t\t\t<div class=\"elementor-column elementor-col-50 elementor-top-column elementor-element elementor-element-89efe6f\" data-id=\"89efe6f\" data-element_type=\"column\" data-e-type=\"column\" data-settings=\"{&quot;background_background&quot;:&quot;classic&quot;}\">\n\t\t\t<div class=\"elementor-widget-wrap elementor-element-populated\">\n\t\t\t\t\t\t<div class=\"elementor-element elementor-element-d016c42 elementor-widget elementor-widget-heading\" data-id=\"d016c42\" data-element_type=\"widget\" data-e-type=\"widget\" data-widget_type=\"heading.default\">\n\t\t\t\t<div class=\"elementor-widget-container\">\n\t\t\t\t\t<h2 class=\"elementor-heading-title elementor-size-default\">Product Categories<\/h2>\t\t\t\t<\/div>\n\t\t\t\t<\/div>\n\t\t\t\t<div class=\"elementor-element elementor-element-734a0af elementor-icon-list--layout-traditional elementor-list-item-link-full_width elementor-widget elementor-widget-icon-list\" data-id=\"734a0af\" data-element_type=\"widget\" data-e-type=\"widget\" data-widget_type=\"icon-list.default\">\n\t\t\t\t<div class=\"elementor-widget-container\">\n\t\t\t\t\t\t\t<ul class=\"elementor-icon-list-items\">\n\t\t\t\t\t\t\t<li class=\"elementor-icon-list-item\">\n\t\t\t\t\t\t\t\t\t\t\t<a href=\"https:\/\/intellikid.com\/environnement-sante\/\">\n\n\t\t\t\t\t\t\t\t\t\t\t<span class=\"elementor-icon-list-text\">Environnement &amp; Sant\u00e9<\/span>\n\t\t\t\t\t\t\t\t\t\t\t<\/a>\n\t\t\t\t\t\t\t\t\t<\/li>\n\t\t\t\t\t\t\t\t<li class=\"elementor-icon-list-item\">\n\t\t\t\t\t\t\t\t\t\t\t<a href=\"https:\/\/intellikid.com\/sciences\/\">\n\n\t\t\t\t\t\t\t\t\t\t\t<span class=\"elementor-icon-list-text\">Sciences<\/span>\n\t\t\t\t\t\t\t\t\t\t\t<\/a>\n\t\t\t\t\t\t\t\t\t<\/li>\n\t\t\t\t\t\t\t\t<li class=\"elementor-icon-list-item\">\n\t\t\t\t\t\t\t\t\t\t\t<a href=\"https:\/\/intellikid.com\/geographie-dinosaures\/\">\n\n\t\t\t\t\t\t\t\t\t\t\t<span class=\"elementor-icon-list-text\">G\u00e9ographie &amp; Dinosaures<\/span>\n\t\t\t\t\t\t\t\t\t\t\t<\/a>\n\t\t\t\t\t\t\t\t\t<\/li>\n\t\t\t\t\t\t\t\t<li class=\"elementor-icon-list-item\">\n\t\t\t\t\t\t\t\t\t\t\t<a href=\"https:\/\/intellikid.com\/animations-ateliers\/\">\n\n\t\t\t\t\t\t\t\t\t\t\t<span class=\"elementor-icon-list-text\">Animations &amp; Ateliers<\/span>\n\t\t\t\t\t\t\t\t\t\t\t<\/a>\n\t\t\t\t\t\t\t\t\t<\/li>\n\t\t\t\t\t\t\t\t<li class=\"elementor-icon-list-item\">\n\t\t\t\t\t\t\t\t\t\t\t<a href=\"https:\/\/intellikid.com\/roues-de-quiz\/\">\n\n\t\t\t\t\t\t\t\t\t\t\t<span class=\"elementor-icon-list-text\">Roues de quiz<\/span>\n\t\t\t\t\t\t\t\t\t\t\t<\/a>\n\t\t\t\t\t\t\t\t\t<\/li>\n\t\t\t\t\t\t\t\t<li class=\"elementor-icon-list-item\">\n\t\t\t\t\t\t\t\t\t\t\t<a href=\"https:\/\/intellikid.com\/divers\/\">\n\n\t\t\t\t\t\t\t\t\t\t\t<span class=\"elementor-icon-list-text\">Divers<\/span>\n\t\t\t\t\t\t\t\t\t\t\t<\/a>\n\t\t\t\t\t\t\t\t\t<\/li>\n\t\t\t\t\t\t<\/ul>\n\t\t\t\t\t\t<\/div>\n\t\t\t\t<\/div>\n\t\t\t\t<div class=\"elementor-element elementor-element-0ae3a15 elementor-widget elementor-widget-shortcode\" data-id=\"0ae3a15\" data-element_type=\"widget\" data-e-type=\"widget\" data-widget_type=\"shortcode.default\">\n\t\t\t\t<div class=\"elementor-widget-container\">\n\t\t\t\t\t\t\t<div class=\"elementor-shortcode\">\n\t<div class=\"yith-wcan-filters no-title\" id=\"preset_988177\" data-preset-id=\"988177\" data-target=\"\">\n\t\t<div class=\"filters-container\">\n\t\t\t<form method=\"POST\">\n\t\t\t\t\n\t\t\t\t\t\t\t\t\t\n\t\t\t\t\t\n\t<div class=\"yith-wcan-filter filter-price-slider\" id=\"filter_988177_0\" data-filter-type=\"price_slider\" data-filter-id=\"0\">\n\t\t<h4 class=\"filter-title\">Filter By Product Price<\/h4>\n\t\t<div class=\"filter-content\">\n\t\t\t<div class=\"price-slider\" data-min=\"5\" data-max=\"10000\" data-step=\"0.01\">\n\t\t\t\t<div class=\"price-slider-ui\"><\/div>\n\t\t\t\t<input type=\"hidden\" class=\"price-slider-min\" name=\"filter[988177][0][min]\" id=\"filter_988177_0_min\" value=\"5\" \/>\n\t\t\t\t<input type=\"hidden\" class=\"price-slider-max\" name=\"filter[988177][0][max]\" id=\"filter_988177_0_max\" value=\"10000\" \/>\n\t\t\t<\/div>\n\t\t<\/div>\n\t<\/div>\n\t\t\t\t\n\t\t\t\t\t\t\t<\/form>\n\t\t<\/div>\n\t<\/div>\n\n<\/div>\n\t\t\t\t\t\t<\/div>\n\t\t\t\t<\/div>\n\t\t\t\t\t<\/div>\n\t\t<\/div>\n\t\t\t\t<div class=\"elementor-column elementor-col-50 elementor-top-column elementor-element elementor-element-61781bc\" data-id=\"61781bc\" data-element_type=\"column\" data-e-type=\"column\">\n\t\t\t<div class=\"elementor-widget-wrap elementor-element-populated\">\n\t\t\t\t\t\t<div class=\"elementor-element elementor-element-b3a419b elementor-grid-3 elementor-product-loop-item--align-center elementor-grid-tablet-3 elementor-grid-mobile-2 elementor-products-grid elementor-wc-products elementor-show-pagination-border-yes elementor-widget elementor-widget-woocommerce-products\" data-id=\"b3a419b\" data-element_type=\"widget\" data-e-type=\"widget\" data-widget_type=\"woocommerce-products.default\">\n\t\t\t\t<div class=\"elementor-widget-container\">\n\t\t\t\t\t<div class=\"woocommerce columns-3 \"><div class=\"woocommerce-notices-wrapper\"><\/div><ul class=\"products elementor-grid vamtam-wc columns-3\">\n<li class=\"product type-product post-987995 status-publish first instock product_cat-animations-ateliers has-post-thumbnail shipping-taxable purchasable product-type-simple\">\n\t<a href=\"https:\/\/intellikid.com\/en\/product\/animation-on-3rv-reduce-reuse-recycle\/\" class=\"woocommerce-LoopProduct-link woocommerce-loop-product__link\"><img loading=\"lazy\" decoding=\"async\" loading=\"lazy\" width=\"420\" height=\"624\" src=\"https:\/\/intellikid.com\/wp-content\/uploads\/2022\/02\/3RV-ANIMATION-V2-420x624.jpg\" class=\"attachment-woocommerce_thumbnail size-woocommerce_thumbnail\" alt=\"ACTIVIT\u00c9 LUDIQUE ET \u00c9DUCATIVE : 3RV (R\u00e9duire, R\u00e9utiliser, Recycler)\" \/>\n\t<span class=\"price\"><span class=\"woocommerce-Price-amount amount\"><bdi><span class=\"woocommerce-Price-currencySymbol\">&#36;<\/span>144.00<\/bdi><\/span><\/span>\n\t\t\t<!-- Open content -->\n\t\t\t<div class=\"vamtam-product-content\">\n\t\t<h2 class=\"woocommerce-loop-product__title\">ACTIVIT\u00c9 LUDIQUE ET \u00c9DUCATIVE : 3RV (R\u00e9duire, R\u00e9utiliser, Recycler)<\/h2><div class=\"woocommerce-product-details__short-description\">\n\t<p>Age : 7+<\/p>\n<\/div>\n\t\t\t<!-- Close content -->\n\t\t\t<\/div>\n\t\t<\/a><div class=\"vamtam-add-to-cart-wrap\"><a href=\"\/en\/wp-json\/wp\/v2\/pages\/988341?add-to-cart=987995\" aria-describedby=\"woocommerce_loop_add_to_cart_link_describedby_987995\" data-quantity=\"1\" class=\"button product_type_simple add_to_cart_button ajax_add_to_cart\" data-product_id=\"987995\" data-product_sku=\"\" aria-label=\"Add to cart: &ldquo;ACTIVIT\u00c9 LUDIQUE ET \u00c9DUCATIVE : 3RV (R\u00e9duire, R\u00e9utiliser, Recycler)&rdquo;\" rel=\"nofollow\" data-success_message=\"&ldquo;ACTIVIT\u00c9 LUDIQUE ET \u00c9DUCATIVE : 3RV (R\u00e9duire, R\u00e9utiliser, Recycler)&rdquo; has been added to your cart\" role=\"button\">Add to cart<\/a><\/div>\t<span id=\"woocommerce_loop_add_to_cart_link_describedby_987995\" class=\"screen-reader-text\">\n\t\t\t<\/span>\n<\/li>\n<li class=\"product type-product post-987993 status-publish instock product_cat-animations-ateliers has-post-thumbnail shipping-taxable purchasable product-type-simple\">\n\t<a href=\"https:\/\/intellikid.com\/en\/product\/animation-on-biodiversity\/\" class=\"woocommerce-LoopProduct-link woocommerce-loop-product__link\"><img loading=\"lazy\" decoding=\"async\" loading=\"lazy\" width=\"420\" height=\"624\" src=\"https:\/\/intellikid.com\/wp-content\/uploads\/2022\/02\/BIODIVERSIE-V2-420x624.jpg\" class=\"attachment-woocommerce_thumbnail size-woocommerce_thumbnail\" alt=\"ACTIVIT\u00c9 LUDIQUE ET \u00c9DUCATIVE : BIODIVERSIT\u00c9.\" \/>\n\t<span class=\"price\"><span class=\"woocommerce-Price-amount amount\"><bdi><span class=\"woocommerce-Price-currencySymbol\">&#36;<\/span>144.00<\/bdi><\/span><\/span>\n\t\t\t<!-- Open content -->\n\t\t\t<div class=\"vamtam-product-content\">\n\t\t<h2 class=\"woocommerce-loop-product__title\">ACTIVIT\u00c9 LUDIQUE ET \u00c9DUCATIVE : BIODIVERSIT\u00c9.<\/h2><div class=\"woocommerce-product-details__short-description\">\n\t<p>Age : 7+<\/p>\n<\/div>\n\t\t\t<!-- Close content -->\n\t\t\t<\/div>\n\t\t<\/a><div class=\"vamtam-add-to-cart-wrap\"><a href=\"\/en\/wp-json\/wp\/v2\/pages\/988341?add-to-cart=987993\" aria-describedby=\"woocommerce_loop_add_to_cart_link_describedby_987993\" data-quantity=\"1\" class=\"button product_type_simple add_to_cart_button ajax_add_to_cart\" data-product_id=\"987993\" data-product_sku=\"\" aria-label=\"Add to cart: &ldquo;ACTIVIT\u00c9 LUDIQUE ET \u00c9DUCATIVE : BIODIVERSIT\u00c9.&rdquo;\" rel=\"nofollow\" data-success_message=\"&ldquo;ACTIVIT\u00c9 LUDIQUE ET \u00c9DUCATIVE : BIODIVERSIT\u00c9.&rdquo; has been added to your cart\" role=\"button\">Add to cart<\/a><\/div>\t<span id=\"woocommerce_loop_add_to_cart_link_describedby_987993\" class=\"screen-reader-text\">\n\t\t\t<\/span>\n<\/li>\n<li class=\"product type-product post-988014 status-publish last instock product_cat-animations-ateliers has-post-thumbnail shipping-taxable purchasable product-type-simple\">\n\t<a href=\"https:\/\/intellikid.com\/en\/product\/animation-animals-investigation\/\" class=\"woocommerce-LoopProduct-link woocommerce-loop-product__link\"><img loading=\"lazy\" decoding=\"async\" loading=\"lazy\" width=\"420\" height=\"624\" src=\"https:\/\/intellikid.com\/wp-content\/uploads\/2022\/02\/ENQUETE-ANIMAUX-V2-1-420x624.jpg\" class=\"attachment-woocommerce_thumbnail size-woocommerce_thumbnail\" alt=\"ACTIVIT\u00c9 LUDIQUE ET \u00c9DUCATIVE : ENQU\u00caTE ANIMAUX.\" \/>\n\t<span class=\"price\"><span class=\"woocommerce-Price-amount amount\"><bdi><span class=\"woocommerce-Price-currencySymbol\">&#36;<\/span>144.00<\/bdi><\/span><\/span>\n\t\t\t<!-- Open content -->\n\t\t\t<div class=\"vamtam-product-content\">\n\t\t<h2 class=\"woocommerce-loop-product__title\">ACTIVIT\u00c9 LUDIQUE ET \u00c9DUCATIVE : ENQU\u00caTE ANIMAUX.<\/h2><div class=\"woocommerce-product-details__short-description\">\n\t<p>Age : 7+<\/p>\n<\/div>\n\t\t\t<!-- Close content -->\n\t\t\t<\/div>\n\t\t<\/a><div class=\"vamtam-add-to-cart-wrap\"><a href=\"\/en\/wp-json\/wp\/v2\/pages\/988341?add-to-cart=988014\" aria-describedby=\"woocommerce_loop_add_to_cart_link_describedby_988014\" data-quantity=\"1\" class=\"button product_type_simple add_to_cart_button ajax_add_to_cart\" data-product_id=\"988014\" data-product_sku=\"\" aria-label=\"Add to cart: &ldquo;ACTIVIT\u00c9 LUDIQUE ET \u00c9DUCATIVE : ENQU\u00caTE ANIMAUX.&rdquo;\" rel=\"nofollow\" data-success_message=\"&ldquo;ACTIVIT\u00c9 LUDIQUE ET \u00c9DUCATIVE : ENQU\u00caTE ANIMAUX.&rdquo; has been added to your cart\" role=\"button\">Add to cart<\/a><\/div>\t<span id=\"woocommerce_loop_add_to_cart_link_describedby_988014\" class=\"screen-reader-text\">\n\t\t\t<\/span>\n<\/li>\n<li class=\"product type-product post-988057 status-publish first instock product_cat-animations-ateliers has-post-thumbnail shipping-taxable purchasable product-type-simple\">\n\t<a href=\"https:\/\/intellikid.com\/en\/product\/environmental-animation-with-wheel\/\" class=\"woocommerce-LoopProduct-link woocommerce-loop-product__link\"><img loading=\"lazy\" decoding=\"async\" loading=\"lazy\" width=\"420\" height=\"624\" src=\"https:\/\/intellikid.com\/wp-content\/uploads\/2022\/02\/SENSIBILISATION-ENVIRONNEMENT-V2-420x624.jpg\" class=\"attachment-woocommerce_thumbnail size-woocommerce_thumbnail\" alt=\"ACTIVIT\u00c9 LUDIQUE ET \u00c9DUCATIVE : SENSIBILISATION \u00c0 L&#039;ENVIRONNEMENT\" \/>\n\t<span class=\"price\"><span class=\"woocommerce-Price-amount amount\"><bdi><span class=\"woocommerce-Price-currencySymbol\">&#36;<\/span>144.00<\/bdi><\/span><\/span>\n\t\t\t<!-- Open content -->\n\t\t\t<div class=\"vamtam-product-content\">\n\t\t<h2 class=\"woocommerce-loop-product__title\">ACTIVIT\u00c9 LUDIQUE ET \u00c9DUCATIVE : SENSIBILISATION \u00c0 L&#8217;ENVIRONNEMENT<\/h2><div class=\"woocommerce-product-details__short-description\">\n\t<p>Age: 7 to 14<\/p>\n<\/div>\n\t\t\t<!-- Close content -->\n\t\t\t<\/div>\n\t\t<\/a><div class=\"vamtam-add-to-cart-wrap\"><a href=\"\/en\/wp-json\/wp\/v2\/pages\/988341?add-to-cart=988057\" aria-describedby=\"woocommerce_loop_add_to_cart_link_describedby_988057\" data-quantity=\"1\" class=\"button product_type_simple add_to_cart_button ajax_add_to_cart\" data-product_id=\"988057\" data-product_sku=\"\" aria-label=\"Add to cart: &ldquo;ACTIVIT\u00c9 LUDIQUE ET \u00c9DUCATIVE : SENSIBILISATION \u00c0 L&#039;ENVIRONNEMENT&rdquo;\" rel=\"nofollow\" data-success_message=\"&ldquo;ACTIVIT\u00c9 LUDIQUE ET \u00c9DUCATIVE : SENSIBILISATION \u00c0 L&#039;ENVIRONNEMENT&rdquo; has been added to your cart\" role=\"button\">Add to cart<\/a><\/div>\t<span id=\"woocommerce_loop_add_to_cart_link_describedby_988057\" class=\"screen-reader-text\">\n\t\t\t<\/span>\n<\/li>\n<li class=\"product type-product post-988026 status-publish instock product_cat-animations-ateliers has-post-thumbnail shipping-taxable purchasable product-type-simple\">\n\t<a href=\"https:\/\/intellikid.com\/en\/product\/animation-health-and-healthy-lifestyle\/\" class=\"woocommerce-LoopProduct-link woocommerce-loop-product__link\"><img loading=\"lazy\" decoding=\"async\" loading=\"lazy\" width=\"420\" height=\"624\" src=\"https:\/\/intellikid.com\/wp-content\/uploads\/2022\/02\/ANIMATIONS-SANTE-HEALTH.-V2-420x624.jpg\" class=\"attachment-woocommerce_thumbnail size-woocommerce_thumbnail\" alt=\"ACTIVIT\u00c9 LUDIQUE ET P\u00c9DAGOGIQUE : \u00ab SAINES HABITUDES DE VIE\" \/>\n\t<span class=\"price\"><span class=\"woocommerce-Price-amount amount\"><bdi><span class=\"woocommerce-Price-currencySymbol\">&#36;<\/span>144.00<\/bdi><\/span><\/span>\n\t\t\t<!-- Open content -->\n\t\t\t<div class=\"vamtam-product-content\">\n\t\t<h2 class=\"woocommerce-loop-product__title\">ACTIVIT\u00c9 LUDIQUE ET P\u00c9DAGOGIQUE : \u00ab SAINES HABITUDES DE VIE<\/h2><div class=\"woocommerce-product-details__short-description\">\n\t<p>Age: 7+<\/p>\n<\/div>\n\t\t\t<!-- Close content -->\n\t\t\t<\/div>\n\t\t<\/a><div class=\"vamtam-add-to-cart-wrap\"><a href=\"\/en\/wp-json\/wp\/v2\/pages\/988341?add-to-cart=988026\" aria-describedby=\"woocommerce_loop_add_to_cart_link_describedby_988026\" data-quantity=\"1\" class=\"button product_type_simple add_to_cart_button ajax_add_to_cart\" data-product_id=\"988026\" data-product_sku=\"\" aria-label=\"Add to cart: &ldquo;ACTIVIT\u00c9 LUDIQUE ET P\u00c9DAGOGIQUE : \u00ab SAINES HABITUDES DE VIE&rdquo;\" rel=\"nofollow\" data-success_message=\"&ldquo;ACTIVIT\u00c9 LUDIQUE ET P\u00c9DAGOGIQUE : \u00ab SAINES HABITUDES DE VIE&rdquo; has been added to your cart\" role=\"button\">Add to cart<\/a><\/div>\t<span id=\"woocommerce_loop_add_to_cart_link_describedby_988026\" class=\"screen-reader-text\">\n\t\t\t<\/span>\n<\/li>\n<li class=\"product type-product post-988015 status-publish last instock product_cat-animations-ateliers has-post-thumbnail shipping-taxable purchasable product-type-simple\">\n\t<a href=\"https:\/\/intellikid.com\/en\/product\/animation-cultural-diversity-around-the-world\/\" class=\"woocommerce-LoopProduct-link woocommerce-loop-product__link\"><img loading=\"lazy\" decoding=\"async\" loading=\"lazy\" width=\"420\" height=\"624\" src=\"https:\/\/intellikid.com\/wp-content\/uploads\/2022\/02\/ANIMATIONS-DIVERSITE-CULTURELLE-V2-420x624.jpg\" class=\"attachment-woocommerce_thumbnail size-woocommerce_thumbnail\" alt=\"ACTIVIT\u00c9 LUDIQUE ET P\u00c9DAGOGIQUE : DIVERSIT\u00c9 CULTURELLE.\" \/>\n\t<span class=\"price\"><span class=\"woocommerce-Price-amount amount\"><bdi><span class=\"woocommerce-Price-currencySymbol\">&#36;<\/span>144.00<\/bdi><\/span><\/span>\n\t\t\t<!-- Open content -->\n\t\t\t<div class=\"vamtam-product-content\">\n\t\t<h2 class=\"woocommerce-loop-product__title\">ACTIVIT\u00c9 LUDIQUE ET P\u00c9DAGOGIQUE : DIVERSIT\u00c9 CULTURELLE.<\/h2><div class=\"woocommerce-product-details__short-description\">\n\t<p>Age : 7+<\/p>\n<\/div>\n\t\t\t<!-- Close content -->\n\t\t\t<\/div>\n\t\t<\/a><div class=\"vamtam-add-to-cart-wrap\"><a href=\"\/en\/wp-json\/wp\/v2\/pages\/988341?add-to-cart=988015\" aria-describedby=\"woocommerce_loop_add_to_cart_link_describedby_988015\" data-quantity=\"1\" class=\"button product_type_simple add_to_cart_button ajax_add_to_cart\" data-product_id=\"988015\" data-product_sku=\"\" aria-label=\"Add to cart: &ldquo;ACTIVIT\u00c9 LUDIQUE ET P\u00c9DAGOGIQUE : DIVERSIT\u00c9 CULTURELLE.&rdquo;\" rel=\"nofollow\" data-success_message=\"&ldquo;ACTIVIT\u00c9 LUDIQUE ET P\u00c9DAGOGIQUE : DIVERSIT\u00c9 CULTURELLE.&rdquo; has been added to your cart\" role=\"button\">Add to cart<\/a><\/div>\t<span id=\"woocommerce_loop_add_to_cart_link_describedby_988015\" class=\"screen-reader-text\">\n\t\t\t<\/span>\n<\/li>\n<li class=\"product type-product post-988083 status-publish first instock product_cat-animations-ateliers has-post-thumbnail shipping-taxable purchasable product-type-simple\">\n\t<a href=\"https:\/\/intellikid.com\/en\/product\/animation-mexican-jumping-peas\/\" class=\"woocommerce-LoopProduct-link woocommerce-loop-product__link\"><img loading=\"lazy\" decoding=\"async\" loading=\"lazy\" width=\"420\" height=\"624\" src=\"https:\/\/intellikid.com\/wp-content\/uploads\/2022\/02\/ANIMATIONS-POIS-SAUTEURS-MEXICAINS-V2-420x624.jpg\" class=\"attachment-woocommerce_thumbnail size-woocommerce_thumbnail\" alt=\"ANIMATION LUDO-\u00c9DUCATIVE: POIS SAUTEURS MEXICAINS\" \/>\n\t<span class=\"price\"><span class=\"woocommerce-Price-amount amount\"><bdi><span class=\"woocommerce-Price-currencySymbol\">&#36;<\/span>144.00<\/bdi><\/span><\/span>\n\t\t\t<!-- Open content -->\n\t\t\t<div class=\"vamtam-product-content\">\n\t\t<h2 class=\"woocommerce-loop-product__title\">ANIMATION LUDO-\u00c9DUCATIVE: POIS SAUTEURS MEXICAINS<\/h2><div class=\"woocommerce-product-details__short-description\">\n\t<p>Age: 8+<\/p>\n<\/div>\n\t\t\t<!-- Close content -->\n\t\t\t<\/div>\n\t\t<\/a><div class=\"vamtam-add-to-cart-wrap\"><a href=\"\/en\/wp-json\/wp\/v2\/pages\/988341?add-to-cart=988083\" aria-describedby=\"woocommerce_loop_add_to_cart_link_describedby_988083\" data-quantity=\"1\" class=\"button product_type_simple add_to_cart_button ajax_add_to_cart\" data-product_id=\"988083\" data-product_sku=\"\" aria-label=\"Add to cart: &ldquo;ANIMATION LUDO-\u00c9DUCATIVE: POIS SAUTEURS MEXICAINS&rdquo;\" rel=\"nofollow\" data-success_message=\"&ldquo;ANIMATION LUDO-\u00c9DUCATIVE: POIS SAUTEURS MEXICAINS&rdquo; has been added to your cart\" role=\"button\">Add to cart<\/a><\/div>\t<span id=\"woocommerce_loop_add_to_cart_link_describedby_988083\" class=\"screen-reader-text\">\n\t\t\t<\/span>\n<\/li>\n<\/ul>\n<\/div>\t\t\t\t<\/div>\n\t\t\t\t<\/div>\n\t\t\t\t\t<\/div>\n\t\t<\/div>\n\t\t\t\t\t<\/div>\n\t\t<\/section>\n\t\t\t\t<\/div>\n\t\t","protected":false},"excerpt":{"rendered":"<p>Product Categories Environnement &#038; Sant\u00e9 Sciences G\u00e9ographie &#038; Dinosaures Animations &#038; Ateliers Roues de quiz Divers<\/p>","protected":false},"author":1,"featured_media":0,"parent":0,"menu_order":0,"comment_status":"closed","ping_status":"closed","template":"","meta":{"nf_dc_page":"","footnotes":""},"class_list":["post-988341","page","type-page","status-publish","hentry"],"_links":{"self":[{"href":"https:\/\/intellikid.com\/en\/wp-json\/wp\/v2\/pages\/988341","targetHints":{"allow":["GET"]}}],"collection":[{"href":"https:\/\/intellikid.com\/en\/wp-json\/wp\/v2\/pages"}],"about":[{"href":"https:\/\/intellikid.com\/en\/wp-json\/wp\/v2\/types\/page"}],"author":[{"embeddable":true,"href":"https:\/\/intellikid.com\/en\/wp-json\/wp\/v2\/users\/1"}],"replies":[{"embeddable":true,"href":"https:\/\/intellikid.com\/en\/wp-json\/wp\/v2\/comments?post=988341"}],"version-history":[{"count":9,"href":"https:\/\/intellikid.com\/en\/wp-json\/wp\/v2\/pages\/988341\/revisions"}],"predecessor-version":[{"id":988864,"href":"https:\/\/intellikid.com\/en\/wp-json\/wp\/v2\/pages\/988341\/revisions\/988864"}],"wp:attachment":[{"href":"https:\/\/intellikid.com\/en\/wp-json\/wp\/v2\/media?parent=988341"}],"curies":[{"name":"wp","href":"https:\/\/api.w.org\/{rel}","templated":true}]}}