{"id":988482,"date":"2022-03-09T11:28:30","date_gmt":"2022-03-09T11:28:30","guid":{"rendered":"https:\/\/whatthefont.net\/?page_id=988482"},"modified":"2022-03-20T12:03:36","modified_gmt":"2022-03-20T12:03:36","slug":"municipalites-2","status":"publish","type":"page","link":"https:\/\/intellikid.com\/en\/municipalites-2\/","title":{"rendered":"Municipalities"},"content":{"rendered":"\t\t<div data-elementor-type=\"wp-page\" data-elementor-id=\"988482\" class=\"elementor elementor-988482\" data-elementor-post-type=\"page\">\n\t\t\t\t\t\t<section class=\"elementor-section elementor-top-section elementor-element elementor-element-da0ce47 elementor-section-content-bottom elementor-section-height-min-height elementor-section-items-stretch elementor-section-boxed elementor-section-height-default\" data-id=\"da0ce47\" data-element_type=\"section\" data-e-type=\"section\" data-settings=\"{&quot;background_background&quot;:&quot;classic&quot;,&quot;animation&quot;:&quot;none&quot;,&quot;shape_divider_bottom&quot;:&quot;vamtam-waves&quot;,&quot;shape_divider_top&quot;:&quot;vamtam-waves&quot;}\">\n\t\t\t\t\t\t<div class=\"elementor-container elementor-column-gap-default\">\n\t\t\t\t\t<div class=\"elementor-column elementor-col-50 elementor-top-column elementor-element elementor-element-1784d6b\" data-id=\"1784d6b\" data-element_type=\"column\" data-e-type=\"column\">\n\t\t\t<div class=\"elementor-widget-wrap elementor-element-populated\">\n\t\t\t\t\t\t<div class=\"elementor-element elementor-element-4ca98ea elementor-widget elementor-widget-woocommerce-breadcrumb\" data-id=\"4ca98ea\" data-element_type=\"widget\" data-e-type=\"widget\" data-widget_type=\"woocommerce-breadcrumb.default\">\n\t\t\t\t<div class=\"elementor-widget-container\">\n\t\t\t\t\t<nav class=\"woocommerce-breadcrumb\" aria-label=\"Breadcrumb\">Home<\/nav>\t\t\t\t<\/div>\n\t\t\t\t<\/div>\n\t\t\t\t\t<\/div>\n\t\t<\/div>\n\t\t\t\t<div class=\"elementor-column elementor-col-50 elementor-top-column elementor-element elementor-element-8d3a7f9 elementor-hidden-phone\" data-id=\"8d3a7f9\" data-element_type=\"column\" data-e-type=\"column\">\n\t\t\t<div class=\"elementor-widget-wrap elementor-element-populated\">\n\t\t\t\t\t\t<div class=\"elementor-element elementor-element-7c636d7 elementor-invisible elementor-widget elementor-widget-image\" data-id=\"7c636d7\" data-element_type=\"widget\" data-e-type=\"widget\" data-settings=\"{&quot;_animation&quot;:&quot;bounceInUp&quot;,&quot;motion_fx_scale_effect&quot;:&quot;yes&quot;,&quot;motion_fx_scale_direction&quot;:&quot;in-out&quot;,&quot;motion_fx_scale_range&quot;:{&quot;unit&quot;:&quot;%&quot;,&quot;size&quot;:&quot;&quot;,&quot;sizes&quot;:{&quot;start&quot;:50,&quot;end&quot;:100}},&quot;motion_fx_motion_fx_scrolling&quot;:&quot;yes&quot;,&quot;motion_fx_scale_speed&quot;:{&quot;unit&quot;:&quot;px&quot;,&quot;size&quot;:6,&quot;sizes&quot;:[]},&quot;motion_fx_devices&quot;:[&quot;desktop&quot;]}\" data-widget_type=\"image.default\">\n\t\t\t\t<div class=\"elementor-widget-container\">\n\t\t\t\t\t\t\t\t\t\t\t\t\t\t\t<img loading=\"lazy\" decoding=\"async\" loading=\"lazy\" width=\"157\" height=\"145\" src=\"https:\/\/intellikid.com\/wp-content\/uploads\/2019\/11\/fox-color.svg\" class=\"attachment-large size-large wp-image-405\" alt=\"\" \/>\t\t\t\t\t\t\t\t\t\t\t\t\t\t\t<\/div>\n\t\t\t\t<\/div>\n\t\t\t\t\t<\/div>\n\t\t<\/div>\n\t\t\t\t\t<\/div>\n\t\t<\/section>\n\t\t\t\t<section class=\"elementor-section elementor-top-section elementor-element elementor-element-671964a elementor-section-boxed elementor-section-height-default elementor-section-height-default\" data-id=\"671964a\" data-element_type=\"section\" data-e-type=\"section\">\n\t\t\t\t\t\t<div class=\"elementor-container elementor-column-gap-default\">\n\t\t\t\t\t<div class=\"elementor-column elementor-col-100 elementor-top-column elementor-element elementor-element-9d0cf56\" data-id=\"9d0cf56\" data-element_type=\"column\" data-e-type=\"column\">\n\t\t\t<div class=\"elementor-widget-wrap elementor-element-populated\">\n\t\t\t\t\t\t<div class=\"elementor-element elementor-element-e2cb9c3 elementor-widget elementor-widget-text-editor\" data-id=\"e2cb9c3\" data-element_type=\"widget\" data-e-type=\"widget\" data-widget_type=\"text-editor.default\">\n\t\t\t\t<div class=\"elementor-widget-container\">\n\t\t\t\t\t\t\t\t\t<p><strong>GRANDE ROUE DE QUIZ = GRANDJEU RASSEMBLEUR<\/strong><\/p><p><br \/>Une grande roue de chance permet d\u2019attirer et de rassembler plusieurs personnes pour jouer en m\u00eame temps au jeu de quiz. Lorsqu\u2019un groupe de personnes se rassemble autour d\u2019une roulette pour r\u00e9pondre aux questions, on peut alors soit diviser le groupe en deux, soit de faire participer tout le monde au m\u00eame moment ou encore d\u2019attribuer des num\u00e9ros aux joueurs et proc\u00e9der \u00e0 la pige. En effet, ces fa\u00e7ons ont \u00e9t\u00e9 d\u00e9velopp\u00e9es pour stimuler la r\u00e9flexion, les \u00e9changes d\u2019id\u00e9es et d\u2019information et enfin la discussion entre les joueurs avant de donner une r\u00e9ponse \u00e0 une question. Le fait de cr\u00e9er un \u00eelot de personnes autour d\u2019un outil comme la grande roue de quiz, attire d\u2019autres personnes plus ou moins int\u00e9ress\u00e9es en stimulant leur curiosit\u00e9 et en augmentant la synergie de groupe qui a alors un impact positif sur la participation de tout le monde.<\/p><p>\u00a0<\/p><p><strong>Activit\u00e9s grand public lors des JOURN\u00c9ES INTERNATIONALES D\u00c9CR\u00c9T\u00c9ES PAR L\u2019ONU, F\u00caTES DE QUARTIER.<\/strong><\/p><p><br \/>En effet ces jeux grand format, sont tr\u00e8s utiles lors des journ\u00e9es internationales sur l&#8217;environnement, les 3RV ou les saines habitudes de vie. <br \/><br \/>Une activit\u00e9 grand public lors d\u2019une f\u00eate de quartier\/village, le Jour de la Terre ou la semaine canadienne de l&#8217;environnement par exemple, permet de sensibiliser beaucoup de personnes \u00e0 la fois tout en s&#8217;amusant. Elles se pr\u00eatent \u00e9galement dans les animations devant un supermarch\u00e9, une caisse populaire ou lors d\u2019une f\u00eate nationale, d\u2019une lev\u00e9e de fonds, dans une r\u00e9sidence pour personnes \u00e2g\u00e9e ou handicap\u00e9es. Des moments de d\u00e9tente et de plaisir dans un contexte ludique sont en g\u00e9n\u00e9ral des ingr\u00e9dients d&#8217;une combinaison gagnante et tr\u00e8s efficace pour s\u2019amuser, sensibiliser et \u00e9duquer le plus de monde \u00e0 la fois.<\/p><p>\u00a0<\/p><p><strong>COMMENT JOUER?<\/strong><\/p><p><br \/>Avant de jouer, expliquez aux jeunes les diff\u00e9rentes cat\u00e9gories pr\u00e9sentes sur les roues de quiz. De cette mani\u00e8re-l\u00e0, ils auront tout de suite une id\u00e9e des questions qui leur seront pos\u00e9es. Expliquer aussi pourquoi cette division a \u00e9t\u00e9 adopt\u00e9e. Par exemple, les cat\u00e9gories et les classements de questions ont \u00e9t\u00e9 choisis par type d\u2019objets qui ont certaines caract\u00e9ristiques communes et qui correspondent g\u00e9n\u00e9ralement \u00e0 des fili\u00e8res de recyclage diff\u00e9rentes.<\/p><p><br \/><br \/><strong>Comment jouer au jeu de base en grands groupes ?<\/strong><\/p><p>\u00a0<\/p><p>Le joueur doit tourner la roue ou la fl\u00e8che, qui va s&#8217;arr\u00eater \u00e0 un moment donn\u00e9 sur un symbole correspondant \u00e0 une cat\u00e9gorie de questions soit au niveau du recyclage soit au niveau de l&#8217;environnement en g\u00e9n\u00e9ral. Il y en a entre 22 et 25 th\u00e9matiques dans les deux jeux de quiz. Chaque bonne r\u00e9ponse \u00e0 une question donne 5 ou 10 points d\u00e9pendant de la difficult\u00e9. Le joueur ou l&#8217;\u00e9quipe qui a remport\u00e9 le plus de points gagne la partie. \u00c0 la fin, on peut lire les explications qui sont fournies pour chaque r\u00e9ponse \u00e0 une question donn\u00e9e. Les jeunes auront ainsi plus de chance d&#8217;apprendre et de r\u00e9fl\u00e9chir sur diff\u00e9rents aspects de l&#8217;environnement.<\/p><p>\u00a0<\/p><p><strong>Voici quelques autres fa\u00e7ons de jouer :<\/strong><\/p><p>\u00a0<\/p><p>Jouer avec un grand groupe de plus de 20 personnes :<\/p><p><br \/>Diviser le groupe en deux grandes \u00e9quipes.<\/p><p>Elles doivent se poser des questions mutuellement.<\/p><p><br \/>Nous vous sugg\u00e9rons aussi de vous inspirer des r\u00e8glements du jeu ENVIRO-QUIZ. <br \/>On peut faire aussi des jeux de tombola, des jeux de mimes et d&#8217;interaction.<\/p><p>\u00a0<\/p><p>Jeux de quiz relatifs \u00e0 l&#8217;environnement et au recyclage, r\u00e9alis\u00e9s en fonctions des journ\u00e9es internationales d\u00e9cr\u00e9t\u00e9es par les Nations Unis.<\/p><p><br \/>Utiliser les cartes questions du \u00e0 la \u00abpige\u00bb.<\/p><p><br \/>Utiliser les jeux RECYCLAGE et ENVIRO-QUIZ en petites \u00e9quipes, en atelier, en coop\u00e9ration. <br \/><br \/><strong>O\u00d9 JOUER?<\/strong><\/p><p><br \/><strong>Avec les grandes roues de quiz, on peut jouer en grands groupes (jusqu\u2019\u00e0 100 personnes)<\/strong> lors des journ\u00e9es sp\u00e9ciales telles que : jour de la terre, journ\u00e9e ou semaine de l\u2019environnement ou autres journ\u00e9es sp\u00e9ciales d\u00e9cr\u00e9t\u00e9es par les nations-unies. Lors des activit\u00e9s et des f\u00eates de quartier organis\u00e9es par la ville.<\/p><p>\u00a0<\/p><p><strong>DEHORS<\/strong><\/p><p><br \/>devant un \u00e9co-quartier<br \/>devant une \u00e9cole<br \/>dans un camps de vacances<br \/>devant une mairie<br \/>dans un parc<br \/>sur une place publique ou dans une rue<br \/>devant une \u00e9glise<\/p><p>\u00a0<\/p><p><strong>\u00c0 L\u2019INT\u00c9RIEUR<\/strong><\/p><p>\u00a0<\/p><p>dans une biblioth\u00e8que<br \/>dans un \u00e9co-quartier<br \/>dans une garderie<br \/>dans une classe<br \/>dans un gymnase<br \/>dans un sous-sol d\u2019une \u00e9glise<br \/>dans une institution ou universit\u00e9<br \/>dans un endroit am\u00e9nag\u00e9 pour des scoutes, des ONG<br \/>dans un centre commercial<\/p><p><strong>Jouer en petits groupes :<\/strong><\/p><p><br \/>dans un camps de vacances<br \/>\u00e0 une f\u00eate de quartier<br \/>en atelier, dans une classe<br \/>au service de garde<\/p><p>\u00a0<\/p>\t\t\t\t\t\t\t\t<\/div>\n\t\t\t\t<\/div>\n\t\t\t\t\t<\/div>\n\t\t<\/div>\n\t\t\t\t\t<\/div>\n\t\t<\/section>\n\t\t\t\t<\/div>\n\t\t","protected":false},"excerpt":{"rendered":"<p>GRANDE ROUE DE QUIZ = GRANDJEU RASSEMBLEUR Une grande roue de chance permet d\u2019attirer et de rassembler plusieurs personnes pour jouer en m\u00eame temps au jeu de quiz. Lorsqu\u2019un groupe de personnes se rassemble autour d\u2019une roulette pour r\u00e9pondre aux questions, on peut alors soit diviser le groupe en deux, soit de faire participer tout&#8230;<\/p>","protected":false},"author":1,"featured_media":0,"parent":0,"menu_order":0,"comment_status":"closed","ping_status":"closed","template":"","meta":{"nf_dc_page":"","footnotes":""},"class_list":["post-988482","page","type-page","status-publish","hentry"],"_links":{"self":[{"href":"https:\/\/intellikid.com\/en\/wp-json\/wp\/v2\/pages\/988482","targetHints":{"allow":["GET"]}}],"collection":[{"href":"https:\/\/intellikid.com\/en\/wp-json\/wp\/v2\/pages"}],"about":[{"href":"https:\/\/intellikid.com\/en\/wp-json\/wp\/v2\/types\/page"}],"author":[{"embeddable":true,"href":"https:\/\/intellikid.com\/en\/wp-json\/wp\/v2\/users\/1"}],"replies":[{"embeddable":true,"href":"https:\/\/intellikid.com\/en\/wp-json\/wp\/v2\/comments?post=988482"}],"version-history":[{"count":4,"href":"https:\/\/intellikid.com\/en\/wp-json\/wp\/v2\/pages\/988482\/revisions"}],"predecessor-version":[{"id":988635,"href":"https:\/\/intellikid.com\/en\/wp-json\/wp\/v2\/pages\/988482\/revisions\/988635"}],"wp:attachment":[{"href":"https:\/\/intellikid.com\/en\/wp-json\/wp\/v2\/media?parent=988482"}],"curies":[{"name":"wp","href":"https:\/\/api.w.org\/{rel}","templated":true}]}}