{"id":988484,"date":"2022-03-09T11:30:57","date_gmt":"2022-03-09T11:30:57","guid":{"rendered":"https:\/\/whatthefont.net\/?page_id=988484"},"modified":"2022-03-20T11:53:40","modified_gmt":"2022-03-20T11:53:40","slug":"generalites","status":"publish","type":"page","link":"https:\/\/intellikid.com\/en\/generalites\/","title":{"rendered":"General information"},"content":{"rendered":"\t\t<div data-elementor-type=\"wp-page\" data-elementor-id=\"988484\" class=\"elementor elementor-988484\" data-elementor-post-type=\"page\">\n\t\t\t\t\t\t<section class=\"elementor-section elementor-top-section elementor-element elementor-element-02162cb elementor-section-content-bottom elementor-section-height-min-height elementor-section-items-stretch elementor-section-boxed elementor-section-height-default\" data-id=\"02162cb\" data-element_type=\"section\" data-e-type=\"section\" data-settings=\"{&quot;background_background&quot;:&quot;classic&quot;,&quot;animation&quot;:&quot;none&quot;,&quot;shape_divider_bottom&quot;:&quot;vamtam-waves&quot;,&quot;shape_divider_top&quot;:&quot;vamtam-waves&quot;}\">\n\t\t\t\t\t\t<div class=\"elementor-container elementor-column-gap-default\">\n\t\t\t\t\t<div class=\"elementor-column elementor-col-50 elementor-top-column elementor-element elementor-element-5265ecc\" data-id=\"5265ecc\" data-element_type=\"column\" data-e-type=\"column\">\n\t\t\t<div class=\"elementor-widget-wrap elementor-element-populated\">\n\t\t\t\t\t\t<div class=\"elementor-element elementor-element-04b43d7 elementor-widget elementor-widget-woocommerce-breadcrumb\" data-id=\"04b43d7\" data-element_type=\"widget\" data-e-type=\"widget\" data-widget_type=\"woocommerce-breadcrumb.default\">\n\t\t\t\t<div class=\"elementor-widget-container\">\n\t\t\t\t\t<nav class=\"woocommerce-breadcrumb\" aria-label=\"Breadcrumb\">Home<\/nav>\t\t\t\t<\/div>\n\t\t\t\t<\/div>\n\t\t\t\t\t<\/div>\n\t\t<\/div>\n\t\t\t\t<div class=\"elementor-column elementor-col-50 elementor-top-column elementor-element elementor-element-d6a5447 elementor-hidden-phone\" data-id=\"d6a5447\" data-element_type=\"column\" data-e-type=\"column\">\n\t\t\t<div class=\"elementor-widget-wrap elementor-element-populated\">\n\t\t\t\t\t\t<div class=\"elementor-element elementor-element-ecbf767 elementor-invisible elementor-widget elementor-widget-image\" data-id=\"ecbf767\" data-element_type=\"widget\" data-e-type=\"widget\" data-settings=\"{&quot;_animation&quot;:&quot;bounceInUp&quot;,&quot;motion_fx_scale_effect&quot;:&quot;yes&quot;,&quot;motion_fx_scale_direction&quot;:&quot;in-out&quot;,&quot;motion_fx_scale_range&quot;:{&quot;unit&quot;:&quot;%&quot;,&quot;size&quot;:&quot;&quot;,&quot;sizes&quot;:{&quot;start&quot;:50,&quot;end&quot;:100}},&quot;motion_fx_motion_fx_scrolling&quot;:&quot;yes&quot;,&quot;motion_fx_scale_speed&quot;:{&quot;unit&quot;:&quot;px&quot;,&quot;size&quot;:6,&quot;sizes&quot;:[]},&quot;motion_fx_devices&quot;:[&quot;desktop&quot;]}\" data-widget_type=\"image.default\">\n\t\t\t\t<div class=\"elementor-widget-container\">\n\t\t\t\t\t\t\t\t\t\t\t\t\t\t\t<img loading=\"lazy\" decoding=\"async\" loading=\"lazy\" width=\"157\" height=\"145\" src=\"https:\/\/intellikid.com\/wp-content\/uploads\/2019\/11\/fox-color.svg\" class=\"attachment-large size-large wp-image-405\" alt=\"\" \/>\t\t\t\t\t\t\t\t\t\t\t\t\t\t\t<\/div>\n\t\t\t\t<\/div>\n\t\t\t\t\t<\/div>\n\t\t<\/div>\n\t\t\t\t\t<\/div>\n\t\t<\/section>\n\t\t\t\t<section class=\"elementor-section elementor-top-section elementor-element elementor-element-6d4a173 elementor-section-boxed elementor-section-height-default elementor-section-height-default\" data-id=\"6d4a173\" data-element_type=\"section\" data-e-type=\"section\">\n\t\t\t\t\t\t<div class=\"elementor-container elementor-column-gap-default\">\n\t\t\t\t\t<div class=\"elementor-column elementor-col-100 elementor-top-column elementor-element elementor-element-b05f218\" data-id=\"b05f218\" data-element_type=\"column\" data-e-type=\"column\">\n\t\t\t<div class=\"elementor-widget-wrap elementor-element-populated\">\n\t\t\t\t\t\t<div class=\"elementor-element elementor-element-aa5a6ce elementor-widget elementor-widget-text-editor\" data-id=\"aa5a6ce\" data-element_type=\"widget\" data-e-type=\"widget\" data-widget_type=\"text-editor.default\">\n\t\t\t\t<div class=\"elementor-widget-container\">\n\t\t\t\t\t\t\t\t\t<p><b>ROUES D\u2019ANIMATION ET DE SENSIBILISATION<\/b><\/p>\n<p><b>&nbsp;<\/b><\/p>\n<p><b>Intelli-Kid a d\u00e9velopp\u00e9 au total 8 ROUES DE QUIZ th\u00e9matiques<\/b> et plus de <b>1300 QUESTIONS<\/b> sur divers sujets comme l\u2019environnement (dont l\u2019eau l\u2019air, la faune et la flore, les d\u00e9chets, l\u2019\u00e9nergie et les sols), les saines habitudes de vie, la biodiversit\u00e9 animales, les 3RV, la s\u00e9curit\u00e9 des jeunes et la diversit\u00e9 culturelles, la for\u00eat en jeu et enfin le jeu de la chance. L\u2019ensemble des 3 ou 6 (+ 1 en m\u00e9tal) roulettes peut contenir n\u2019importe quelle combinaison de ces 8 roues. <br>Les jeunes apprendront facilement dans un contexte ludique qui leur est naturel, sur ces sujets qui les concernent directement. <b>C\u2019est un outil \u00e9ducatif dynamique, attrayant et amusant, id\u00e9al pour les classes, les services de garde et m\u00eame pour les camps de jour!<\/b> Ces roues sont polyvalentes et peuvent \u00eatre utilis\u00e9es pour des quiz sur d\u2019autres sujets comme les maths, les langues, la g\u00e9ographie ou les sciences.<\/p>\n<p><br><\/p>\n<p><b>\u00c9DUCATION \u00c0 L\u2019\u00c9CO-CITOYENNET\u00c9<\/b><\/p>\n<p><br><\/p>\n<p>Prises dans leur ensemble ces grands jeux permettant d&#8217;\u00e9duquer les jeunes <b>\u00e0 l&#8217;\u00e9co-citoyennet\u00e9 de mani\u00e8re globale. Ils sont offerts en anglais ou en fran\u00e7ais<\/b> et par cons\u00e9quent peuvent \u00eatre aussi <b>tr\u00e8s utiles dans l\u2019enseignement de l\u2019anglais<\/b> &#8211; langue seconde. De plus, elles <b>sont fabriqu\u00e9es au Canada.<\/b><\/p>\n<p><b><br><\/b>Depuis plus d&#8217;un an, elles sont utilis\u00e9es par des centaines de municipalit\u00e9s, \u00e9coles et ONG environnementales. Ainsi, plus de 100 000 personnes ont pu \u00eatre \u00e9duqu\u00e9es \u00e0 l&#8217;environnement et \u00e0 la sant\u00e9.<\/p>\n<p>&nbsp; <br><b>POLIVALENCE DES ROUES<\/b><\/p>\n<p><br><b>Ces roues sont tr\u00e8s polyvalentes car elles peuvent \u00eatre tourn\u00e9es \u00e0 l\u2019envers. Ainsi, vous pouvez rajouter des questions suppl\u00e9mentaires et r\u00e9aliser vos propres quiz soit sur les m\u00eames th\u00e8mes soit sur d\u2019autres sujets, tels les maths, les sciences ou la g\u00e9ographie. Elles peuvent m\u00eame \u00eatre d\u00e9velopp\u00e9es par les \u00e9l\u00e8ves. <\/b>La communication et l\u2019apprentissage deviennent alors tr\u00e8s interactifs et amusants et vous atteindrez plus facilement vos objectifs d\u2019\u00e9ducation ou sensibilisation. <b>Cette approche par le jeu est tr\u00e8s efficace avec des \u00e9l\u00e8ves plus ou moins int\u00e9ress\u00e9s, turbulents ou qui ont certains probl\u00e8mes de socialisation, de comportement ou d\u2019apprentissage.<\/b><\/p>\n<p><b><br><\/b><\/p>\n<p><b>LES AVANTAGES DES GRANDES ROUES<\/b><\/p>\n<p><br><\/p>\n<p>&#8211; Elles attirent les gens et cr\u00e9ent un lieu de rassemblement.<\/p>\n<p>&#8211; Elles permettent des animations avec grands groupes. Elles cr\u00e9ent facilement une dynamique et une synergie de groupe.<\/p>\n<p>&#8211; Elles permettent de sensibiliser ou d\u2019\u00e9duquer beaucoup de personnes \u00e0 la fois dans un contexte ludique propice \u00e0 l\u2019apprentissage et aux \u00e9changes dans la bonne humeur.<\/p>\n<p><br><\/p>\n<p>&#8211; Elles permettent de faire des activit\u00e9s tr\u00e8s int\u00e9ressantes et rassembleuses lors des journ\u00e9es comme le Jour de la Terre par exemple, le mois de la biodiversit\u00e9 (mois de juin) mois de la sant\u00e9 (mars) mais aussi pendant toute l\u2019ann\u00e9e lors des activit\u00e9s sp\u00e9ciales : f\u00eate de la famille, f\u00eate de quartier, etc.<\/p>\n<p><br><\/p>\n<p>&#8211; Elles donnent la possibilit\u00e9 aux \u00e9coles et aux services de garde, de faire leur part dans l\u2019\u00e9ducation \u00e0 l\u2019environnement des jeunes, et ceci dans la joie et la bonne humeur, permettant encore mieux de faire passer les messages importants et de faire r\u00e9fl\u00e9chir les participants aux divers probl\u00e8mes qui concernent tout le monde.<\/p>\n<p><br><b>AVANTAGES DE LA SENSIBILISATION ET D\u2019\u00c9DUCATION DANS UN CONTEXTE LUDIQUE<\/b><\/p><p><b><br><\/b><\/p>\n<p>La joie et la bonne humeur particuli\u00e8res au contexte ludique permettent d\u2019int\u00e9grer plus facilement les apprentissages relatifs \u00e0 la protection de l\u2019environnement, aux saines habitudes de vie, \u00e0 la s\u00e9curit\u00e9 des jeunes, \u00e0 l\u2019\u00e9co-citoyennet\u00e9, etc.<br>Le fait que dans un contexte ludique l\u2019erreur soit permise et qu\u2019il y ait toujours une part de hasard, l\u2019expression verbale devient alors plus facile et moins contraignante, r\u00e9sultant ainsi en une meilleure participation compar\u00e9e au contexte d\u2019apprentissage conventionnel.<\/p>\n<p><br><\/p>\n<p>L\u2019ambiance relaxe et conviviale fait en sorte qu\u2019on se sent moins menac\u00e9 pour donner une r\u00e9ponse \u00e0 une question.<\/p>\t\t\t\t\t\t\t\t<\/div>\n\t\t\t\t<\/div>\n\t\t\t\t\t<\/div>\n\t\t<\/div>\n\t\t\t\t\t<\/div>\n\t\t<\/section>\n\t\t\t\t<\/div>\n\t\t","protected":false},"excerpt":{"rendered":"<p>ROUES D\u2019ANIMATION ET DE SENSIBILISATION &nbsp; Intelli-Kid a d\u00e9velopp\u00e9 au total 8 ROUES DE QUIZ th\u00e9matiques et plus de 1300 QUESTIONS sur divers sujets comme l\u2019environnement (dont l\u2019eau l\u2019air, la faune et la flore, les d\u00e9chets, l\u2019\u00e9nergie et les sols), les saines habitudes de vie, la biodiversit\u00e9 animales, les 3RV, la s\u00e9curit\u00e9 des jeunes et&#8230;<\/p>","protected":false},"author":1,"featured_media":0,"parent":0,"menu_order":0,"comment_status":"closed","ping_status":"closed","template":"","meta":{"nf_dc_page":"","footnotes":""},"class_list":["post-988484","page","type-page","status-publish","hentry"],"_links":{"self":[{"href":"https:\/\/intellikid.com\/en\/wp-json\/wp\/v2\/pages\/988484","targetHints":{"allow":["GET"]}}],"collection":[{"href":"https:\/\/intellikid.com\/en\/wp-json\/wp\/v2\/pages"}],"about":[{"href":"https:\/\/intellikid.com\/en\/wp-json\/wp\/v2\/types\/page"}],"author":[{"embeddable":true,"href":"https:\/\/intellikid.com\/en\/wp-json\/wp\/v2\/users\/1"}],"replies":[{"embeddable":true,"href":"https:\/\/intellikid.com\/en\/wp-json\/wp\/v2\/comments?post=988484"}],"version-history":[{"count":17,"href":"https:\/\/intellikid.com\/en\/wp-json\/wp\/v2\/pages\/988484\/revisions"}],"predecessor-version":[{"id":988629,"href":"https:\/\/intellikid.com\/en\/wp-json\/wp\/v2\/pages\/988484\/revisions\/988629"}],"wp:attachment":[{"href":"https:\/\/intellikid.com\/en\/wp-json\/wp\/v2\/media?parent=988484"}],"curies":[{"name":"wp","href":"https:\/\/api.w.org\/{rel}","templated":true}]}}