{"id":987993,"date":"2022-02-26T11:15:05","date_gmt":"2022-02-26T11:15:05","guid":{"rendered":"https:\/\/whatthefont.net\/?post_type=product&#038;p=987993"},"modified":"2022-05-20T15:33:09","modified_gmt":"2022-05-20T15:33:09","slug":"animation-on-biodiversity","status":"publish","type":"product","link":"https:\/\/intellikid.com\/en\/product\/animation-on-biodiversity\/","title":{"rendered":"FUN AND EDUCATIONAL ACTIVITY: BIODIVERSITY."},"content":{"rendered":"<div class=\"vgblk-rw-wrapper limit-wrapper\"><span style=\"font-weight: 400;\">L\u2019animation avec la grande ROUE DE QUIZ de la BIODIVERSIT\u00c9 fera d\u00e9couvrir aux jeunes les animaux menac\u00e9s de disparition, les divers \u00e9cosyst\u00e8mes du monde et la fragilit\u00e9 de notre merveilleux vaisseau spatial : notre PLAN\u00c8TE BLEUE.<\/span><\/p>\n<p>&nbsp;<\/p>\n<p><span style=\"font-weight: 400;\">Les insectes, les animaux, petits ou grands, disparaissent \u00e0 une vitesse alarmante. La disparition d\u2019un insecte peut-elle menacer la survie d\u2019autres animaux ? Dans un contexte ludique, \u00e0 l\u2019aide d\u2019une grande roue, les participants d\u00e9couvrent des faits essentiels sur la \u00ab biodiversit\u00e9 \u00bb et sur les animaux menac\u00e9s de disparition dans le monde. Pourrions-nous survivre sans la biodiversit\u00e9 ?<\/span><\/p>\n<p>&nbsp;<\/p>\n<p><span style=\"font-weight: 400;\">Une activit\u00e9 d\u2019\u00e9change, de projection d\u2019images des \u00e9cosyst\u00e8mes vuln\u00e9rables et des animaux menac\u00e9s de disparition, et enfin de tirage de prix est pr\u00e9vue \u00e0 la fin de l\u2019animation.<\/span><\/div>\n<p><!-- .vgblk-rw-wrapper --><\/p>","protected":false},"excerpt":{"rendered":"<p>Age : 7+<\/p>","protected":false},"featured_media":988725,"comment_status":"closed","ping_status":"closed","template":"","meta":{"nf_dc_page":""},"product_brand":[],"product_cat":[60],"product_tag":[],"class_list":{"0":"post-987993","1":"product","2":"type-product","3":"status-publish","4":"has-post-thumbnail","6":"product_cat-animations-ateliers","8":"first","9":"instock","10":"shipping-taxable","11":"purchasable","12":"product-type-simple"},"_links":{"self":[{"href":"https:\/\/intellikid.com\/en\/wp-json\/wp\/v2\/product\/987993","targetHints":{"allow":["GET"]}}],"collection":[{"href":"https:\/\/intellikid.com\/en\/wp-json\/wp\/v2\/product"}],"about":[{"href":"https:\/\/intellikid.com\/en\/wp-json\/wp\/v2\/types\/product"}],"replies":[{"embeddable":true,"href":"https:\/\/intellikid.com\/en\/wp-json\/wp\/v2\/comments?post=987993"}],"version-history":[{"count":3,"href":"https:\/\/intellikid.com\/en\/wp-json\/wp\/v2\/product\/987993\/revisions"}],"predecessor-version":[{"id":989109,"href":"https:\/\/intellikid.com\/en\/wp-json\/wp\/v2\/product\/987993\/revisions\/989109"}],"wp:featuredmedia":[{"embeddable":true,"href":"https:\/\/intellikid.com\/en\/wp-json\/wp\/v2\/media\/988725"}],"wp:attachment":[{"href":"https:\/\/intellikid.com\/en\/wp-json\/wp\/v2\/media?parent=987993"}],"wp:term":[{"taxonomy":"product_brand","embeddable":true,"href":"https:\/\/intellikid.com\/en\/wp-json\/wp\/v2\/product_brand?post=987993"},{"taxonomy":"product_cat","embeddable":true,"href":"https:\/\/intellikid.com\/en\/wp-json\/wp\/v2\/product_cat?post=987993"},{"taxonomy":"product_tag","embeddable":true,"href":"https:\/\/intellikid.com\/en\/wp-json\/wp\/v2\/product_tag?post=987993"}],"curies":[{"name":"wp","href":"https:\/\/api.w.org\/{rel}","templated":true}]}}