{"id":987995,"date":"2022-02-26T11:12:38","date_gmt":"2022-02-26T11:12:38","guid":{"rendered":"https:\/\/whatthefont.net\/?post_type=product&#038;p=987995"},"modified":"2022-05-20T15:26:38","modified_gmt":"2022-05-20T15:26:38","slug":"animation-on-3rv-reduce-reuse-recycle","status":"publish","type":"product","link":"https:\/\/intellikid.com\/en\/product\/animation-on-3rv-reduce-reuse-recycle\/","title":{"rendered":"FUN AND EDUCATIONAL ACTIVITY: 4Rs (Reduce, Reuse, Recycle, Recovery)"},"content":{"rendered":"<div class=\"vgblk-rw-wrapper limit-wrapper\"><span style=\"font-weight: 400;\">ANIMATION SUR 3RV (R\u00e9duction des d\u00e9chets \u00e0 la source, R\u00e9utilisation, Recyclage et Valorisation des d\u00e9chets)<\/span><span style=\"font-weight: 400;\"><br \/>\n<\/span><span style=\"font-weight: 400;\">L&#8217;animation avec la grande roue quiz 3RV explore de mani\u00e8re interactive et ludique la d\u00e9marche des 3RV qui vise \u00e0 r\u00e9duire la quantit\u00e9 de d\u00e9chets que nous produisons et d\u00e9sinvolte.\u00a0Il permet de susciter l&#8217;enthousiasme des participants afin qu&#8217;ils puissent passer \u00e0 l&#8217;action dans la joie et la bonne humeur.\u00a0\u00c0 l&#8217;aide des images de la grande roue, nous passerons en revue divers objets pouvant \u00eatre recycl\u00e9s ou r\u00e9cup\u00e9r\u00e9s.\u00a0Enfin, un quiz avec cette m\u00eame grande roue quiz vous permettra d&#8217;approfondir les th\u00e8mes de la r\u00e9duction \u00e0 la source, du r\u00e9emploi, du recyclage et de la valorisation (3RV), dans une ambiance ludique et d\u00e9tendue.<\/span><\/p>\n<p><span style=\"font-weight: 400;\">\u00a0<\/span><\/p>\n<p><span style=\"font-weight: 400;\">A la fin, on r\u00e9alise un petit jeu o\u00f9 l&#8217;on doit associer divers objets soit \u00e0 un bac de recyclage, soit \u00e0 une poubelle, soit \u00e0 un composteur.<\/span><span style=\"font-weight: 400;\"><br \/>\n<\/span><span style=\"font-weight: 400;\">Une activit\u00e9 d&#8217;\u00e9change et de tirage au sort est pr\u00e9vue \u00e0 la fin de l&#8217;animation.<\/span><\/p>\n<p>&nbsp;<\/p>\n<p>At the end, we make a little game where we have to associate various objects either with a recycling bin, or with a trash can, or with a composter.<br \/>\nAn activity of exchange and drawing of prizes is planned at the end of the animation.<\/p><\/div>\n<p><!-- .vgblk-rw-wrapper --><\/p>","protected":false},"excerpt":{"rendered":"<p>Age : 7+<\/p>","protected":false},"featured_media":988713,"comment_status":"closed","ping_status":"closed","template":"","meta":{"nf_dc_page":""},"product_brand":[],"product_cat":[60],"product_tag":[],"class_list":{"0":"post-987995","1":"product","2":"type-product","3":"status-publish","4":"has-post-thumbnail","6":"product_cat-animations-ateliers","8":"first","9":"instock","10":"shipping-taxable","11":"purchasable","12":"product-type-simple"},"_links":{"self":[{"href":"https:\/\/intellikid.com\/en\/wp-json\/wp\/v2\/product\/987995","targetHints":{"allow":["GET"]}}],"collection":[{"href":"https:\/\/intellikid.com\/en\/wp-json\/wp\/v2\/product"}],"about":[{"href":"https:\/\/intellikid.com\/en\/wp-json\/wp\/v2\/types\/product"}],"replies":[{"embeddable":true,"href":"https:\/\/intellikid.com\/en\/wp-json\/wp\/v2\/comments?post=987995"}],"version-history":[{"count":3,"href":"https:\/\/intellikid.com\/en\/wp-json\/wp\/v2\/product\/987995\/revisions"}],"predecessor-version":[{"id":989108,"href":"https:\/\/intellikid.com\/en\/wp-json\/wp\/v2\/product\/987995\/revisions\/989108"}],"wp:featuredmedia":[{"embeddable":true,"href":"https:\/\/intellikid.com\/en\/wp-json\/wp\/v2\/media\/988713"}],"wp:attachment":[{"href":"https:\/\/intellikid.com\/en\/wp-json\/wp\/v2\/media?parent=987995"}],"wp:term":[{"taxonomy":"product_brand","embeddable":true,"href":"https:\/\/intellikid.com\/en\/wp-json\/wp\/v2\/product_brand?post=987995"},{"taxonomy":"product_cat","embeddable":true,"href":"https:\/\/intellikid.com\/en\/wp-json\/wp\/v2\/product_cat?post=987995"},{"taxonomy":"product_tag","embeddable":true,"href":"https:\/\/intellikid.com\/en\/wp-json\/wp\/v2\/product_tag?post=987995"}],"curies":[{"name":"wp","href":"https:\/\/api.w.org\/{rel}","templated":true}]}}