{"id":987996,"date":"2022-02-26T11:10:51","date_gmt":"2022-02-26T11:10:51","guid":{"rendered":"https:\/\/whatthefont.net\/?post_type=product&#038;p=987996"},"modified":"2022-05-20T10:02:34","modified_gmt":"2022-05-20T10:02:34","slug":"3rv-wheel-big-quiz-game","status":"publish","type":"product","link":"https:\/\/intellikid.com\/en\/product\/3rv-wheel-big-quiz-game\/","title":{"rendered":"4Rs QUIZ WHEEL"},"content":{"rendered":"<div class=\"vgblk-rw-wrapper limit-wrapper\"><span style=\"font-weight: 400;\">Roue des 3RV (R\u00e9duction des d\u00e9chets, R\u00e9utilisation, Recyclage, Valorisation). Cet ensemble contient une roue en plastique rigide d&#8217;environ 60 cm de diam\u00e8tre et 144 questions document\u00e9es dans 12 cat\u00e9gories diff\u00e9rentes. Les questions sont imprim\u00e9es sur des cartons rigides.<\/span><\/p>\n<p><span style=\"font-weight: 400;\"><br \/>\n<\/span><b>LES CAT\u00c9GORIES DE QUESTIONS DANS CE JEU SONT LES SUIVANTES :<\/b><span style=\"font-weight: 400;\"> les d\u00e9chets ultimes (poubelle), le compostage, les questions plus g\u00e9n\u00e9rales sur les 3RV, et l&#8217;application des principes de 3RV par type de produit (papier, m\u00e9tal, plastique, verre, habillement, r\u00e9sidus verts de jardin, r\u00e9sidus de table, r\u00e9sidus des TIC &#8211; technologies de l&#8217;information).<\/span><span style=\"font-weight: 400;\"><br \/>\n<\/span><span style=\"font-weight: 400;\"><br \/>\n<\/span><span style=\"font-weight: 400;\">Cette roue de quiz, aussi appel\u00e9e roue de la chance, est assez grande pour une table, tr\u00e8s color\u00e9e, et constitue un spectacle en elle-m\u00eame.<\/span><\/p>\n<p><span style=\"font-weight: 400;\"><br \/>\n<\/span><span style=\"font-weight: 400;\">Elle doit \u00eatre utilis\u00e9e avec le l\u2019ensemble de base qui comprend le tr\u00e9pied, le noyau central, le claqueur, la roue en m\u00e9tal et un grand sac. Ainsi, elle sera tr\u00e8s facile \u00e0 monter et \u00e0 transporter dans un grand sac.\u00a0<\/span><\/p>\n<p><span style=\"font-weight: 400;\">Ce jeu vise les activit\u00e9s de sensibilisation et d\u2019\u00e9ducation aux 3RV (r\u00e9duction \u00e0 la source, r\u00e9utilisation, recyclage et valorisation des d\u00e9chets) &#8211; \u00e0 utiliser dans les classes, comit\u00e9s de sensibilisation, des kiosques, biblioth\u00e8ques, services de garde ou camps de jours.<\/span><\/p>\n<p><span style=\"font-weight: 400;\">\u00a0<\/span><\/p>\n<p><span style=\"font-weight: 400;\">Si vous poss\u00e9dez d\u00e9j\u00e0 le kit de base, cette roue est utilisable sans autres ajouts.<\/span><span style=\"font-weight: 400;\"><br \/>\n<\/span><span style=\"font-weight: 400;\">Cependant si vous n&#8217;avez pas encore votre kit de base, il faudra vous le procurer.<\/span><\/div>\n<p><!-- .vgblk-rw-wrapper --><\/p>","protected":false},"excerpt":{"rendered":"<p>Age : 7+<\/p>","protected":false},"featured_media":988777,"comment_status":"closed","ping_status":"closed","template":"","meta":{"nf_dc_page":""},"product_brand":[],"product_cat":[54,61],"product_tag":[],"class_list":{"0":"post-987996","1":"product","2":"type-product","3":"status-publish","4":"has-post-thumbnail","6":"product_cat-environnement-sante","7":"product_cat-roues-de-quiz","9":"first","10":"instock","11":"shipping-taxable","12":"purchasable","13":"product-type-simple"},"_links":{"self":[{"href":"https:\/\/intellikid.com\/en\/wp-json\/wp\/v2\/product\/987996","targetHints":{"allow":["GET"]}}],"collection":[{"href":"https:\/\/intellikid.com\/en\/wp-json\/wp\/v2\/product"}],"about":[{"href":"https:\/\/intellikid.com\/en\/wp-json\/wp\/v2\/types\/product"}],"replies":[{"embeddable":true,"href":"https:\/\/intellikid.com\/en\/wp-json\/wp\/v2\/comments?post=987996"}],"version-history":[{"count":3,"href":"https:\/\/intellikid.com\/en\/wp-json\/wp\/v2\/product\/987996\/revisions"}],"predecessor-version":[{"id":989082,"href":"https:\/\/intellikid.com\/en\/wp-json\/wp\/v2\/product\/987996\/revisions\/989082"}],"wp:featuredmedia":[{"embeddable":true,"href":"https:\/\/intellikid.com\/en\/wp-json\/wp\/v2\/media\/988777"}],"wp:attachment":[{"href":"https:\/\/intellikid.com\/en\/wp-json\/wp\/v2\/media?parent=987996"}],"wp:term":[{"taxonomy":"product_brand","embeddable":true,"href":"https:\/\/intellikid.com\/en\/wp-json\/wp\/v2\/product_brand?post=987996"},{"taxonomy":"product_cat","embeddable":true,"href":"https:\/\/intellikid.com\/en\/wp-json\/wp\/v2\/product_cat?post=987996"},{"taxonomy":"product_tag","embeddable":true,"href":"https:\/\/intellikid.com\/en\/wp-json\/wp\/v2\/product_tag?post=987996"}],"curies":[{"name":"wp","href":"https:\/\/api.w.org\/{rel}","templated":true}]}}