{"id":987998,"date":"2022-02-26T11:08:22","date_gmt":"2022-02-26T11:08:22","guid":{"rendered":"https:\/\/whatthefont.net\/?post_type=product&#038;p=987998"},"modified":"2022-05-26T18:37:54","modified_gmt":"2022-05-26T18:37:54","slug":"wheels-base-set","status":"publish","type":"product","link":"https:\/\/intellikid.com\/en\/product\/wheels-base-set\/","title":{"rendered":"THREE MEDIUM QUIZ WHEELS: ENVIRO-QUIZ, 3RV, AND ONE METALLIC"},"content":{"rendered":"<div class=\"vgblk-rw-wrapper limit-wrapper\"><span style=\"font-weight: 400;\">Cet ENSEMBLE DE 3 ROUES MOYENNES comprend deux roues th\u00e9matiques et une roue en m\u00e9tal, un tr\u00e9pied, le noyau central, le claqueur, et un grand sac.\u00a0<\/span><\/p>\n<p><span style=\"font-weight: 400;\">Les roues th\u00e9matiques sont les suivantes\u00a0: 3RV (R\u00e9duction de d\u00e9chets \u00e0 la source, R\u00e9utilisation, Recyclage et Valorisation) et la protection de l\u2019environnement. L\u2019ensemble comprend aussi 500 questions document\u00e9es dans 18 cat\u00e9gories. Ces jeux sont offerts en fran\u00e7ais ou en anglais. Les questions et le contenu de ces grands jeux ont \u00e9t\u00e9 valid\u00e9s par des autorit\u00e9s reconnues soit au niveau mondial soit au niveau national.<\/span><\/p>\n<p><span style=\"font-weight: 400;\">Ces nouvelles roues de quiz, aussi appel\u00e9es roues de la chance, sont absolument magnifiques! Elles sont assez grandes pour une table, tr\u00e8s color\u00e9es et constituent un spectacle en elles-m\u00eames Elles sont tr\u00e8s faciles \u00e0 transporter et \u00e0 monter et feront la r\u00e9ussite de toutes les activit\u00e9s de sensibilisation et d\u2019\u00e9ducation (\u00e0 utiliser dans les classes, comit\u00e9s de saines habitudes de vie, kiosques, biblioth\u00e8ques, services de garde ou camps de jours).<\/span><\/div>\n<p><!-- .vgblk-rw-wrapper --><\/p>","protected":false},"excerpt":{"rendered":"<p>Age : 7+<\/p>","protected":false},"featured_media":988792,"comment_status":"closed","ping_status":"closed","template":"","meta":{"nf_dc_page":""},"product_brand":[],"product_cat":[61],"product_tag":[],"class_list":{"0":"post-987998","1":"product","2":"type-product","3":"status-publish","4":"has-post-thumbnail","6":"product_cat-roues-de-quiz","8":"first","9":"instock","10":"shipping-taxable","11":"purchasable","12":"product-type-simple"},"_links":{"self":[{"href":"https:\/\/intellikid.com\/en\/wp-json\/wp\/v2\/product\/987998","targetHints":{"allow":["GET"]}}],"collection":[{"href":"https:\/\/intellikid.com\/en\/wp-json\/wp\/v2\/product"}],"about":[{"href":"https:\/\/intellikid.com\/en\/wp-json\/wp\/v2\/types\/product"}],"replies":[{"embeddable":true,"href":"https:\/\/intellikid.com\/en\/wp-json\/wp\/v2\/comments?post=987998"}],"version-history":[{"count":4,"href":"https:\/\/intellikid.com\/en\/wp-json\/wp\/v2\/product\/987998\/revisions"}],"predecessor-version":[{"id":989160,"href":"https:\/\/intellikid.com\/en\/wp-json\/wp\/v2\/product\/987998\/revisions\/989160"}],"wp:featuredmedia":[{"embeddable":true,"href":"https:\/\/intellikid.com\/en\/wp-json\/wp\/v2\/media\/988792"}],"wp:attachment":[{"href":"https:\/\/intellikid.com\/en\/wp-json\/wp\/v2\/media?parent=987998"}],"wp:term":[{"taxonomy":"product_brand","embeddable":true,"href":"https:\/\/intellikid.com\/en\/wp-json\/wp\/v2\/product_brand?post=987998"},{"taxonomy":"product_cat","embeddable":true,"href":"https:\/\/intellikid.com\/en\/wp-json\/wp\/v2\/product_cat?post=987998"},{"taxonomy":"product_tag","embeddable":true,"href":"https:\/\/intellikid.com\/en\/wp-json\/wp\/v2\/product_tag?post=987998"}],"curies":[{"name":"wp","href":"https:\/\/api.w.org\/{rel}","templated":true}]}}