{"id":988009,"date":"2022-02-26T11:24:07","date_gmt":"2022-02-26T11:24:07","guid":{"rendered":"https:\/\/whatthefont.net\/?post_type=product&#038;p=988009"},"modified":"2022-05-20T16:41:53","modified_gmt":"2022-05-20T16:41:53","slug":"7-quiz-wheels-earth-in-play-medium-format","status":"publish","type":"product","link":"https:\/\/intellikid.com\/en\/product\/7-quiz-wheels-earth-in-play-medium-format\/","title":{"rendered":"ALL (9) WHEELS AVAILABLE"},"content":{"rendered":"<div class=\"vgblk-rw-wrapper limit-wrapper\"><span style=\"font-weight: 400;\">L&#8217;image ci-contre pr\u00e9sente toutes les roues disponibles que nous avons d\u00e9velopp\u00e9es. Pour plus de d\u00e9tails sur les roues relatives \u00e0 l\u2019environnement (ENVIRO-QUIZ), les 3RV, la BIODIVERSIT\u00c9, les SAINES HABITUDES DE VIE et la FOR\u00caT, et leur prix, veuillez consulter la cat\u00e9gorie ENVIRONNEMENT &amp; SANT\u00c9 sur notre site.\u00a0<\/span><\/p>\n<p><span style=\"font-weight: 400;\">Pour plus de d\u00e9tails sur la roue relative \u00e0 la s\u00e9curit\u00e9 des jeunes et toutes les autres roues de quiz veuillez consulter ROUES DE QUIZ dans cette section-ci.<\/span><\/p>\n<p><span style=\"font-weight: 400;\"><br \/>\n<\/span><span style=\"font-weight: 400;\">Si vous vous achetez l\u2019ensemble de toutes les neuf (9) roues, le co\u00fbt unitaire de chaque roue sera moins \u00e9lev\u00e9. \u00c9videmment, dans ce cas-l\u00e0 l\u2019ensemble comprendra tout le mat\u00e9riel n\u00e9cessaire pour faire fonctionner les roues (toutes les roues, cartes questions correspondantes \u00e0 chaque roues, tr\u00e9pied, claqueur, noyaux central, pi\u00e8ces de rechange et un sac pour transporter.<\/span><\/div>\n<p><!-- .vgblk-rw-wrapper --><\/p>","protected":false},"excerpt":{"rendered":"<p>Age: 7+<\/p>","protected":false},"featured_media":988809,"comment_status":"closed","ping_status":"closed","template":"","meta":{"nf_dc_page":""},"product_brand":[],"product_cat":[61],"product_tag":[],"class_list":{"0":"post-988009","1":"product","2":"type-product","3":"status-publish","4":"has-post-thumbnail","6":"product_cat-roues-de-quiz","8":"first","9":"instock","10":"shipping-taxable","11":"purchasable","12":"product-type-simple"},"_links":{"self":[{"href":"https:\/\/intellikid.com\/en\/wp-json\/wp\/v2\/product\/988009","targetHints":{"allow":["GET"]}}],"collection":[{"href":"https:\/\/intellikid.com\/en\/wp-json\/wp\/v2\/product"}],"about":[{"href":"https:\/\/intellikid.com\/en\/wp-json\/wp\/v2\/types\/product"}],"replies":[{"embeddable":true,"href":"https:\/\/intellikid.com\/en\/wp-json\/wp\/v2\/comments?post=988009"}],"version-history":[{"count":5,"href":"https:\/\/intellikid.com\/en\/wp-json\/wp\/v2\/product\/988009\/revisions"}],"predecessor-version":[{"id":989122,"href":"https:\/\/intellikid.com\/en\/wp-json\/wp\/v2\/product\/988009\/revisions\/989122"}],"wp:featuredmedia":[{"embeddable":true,"href":"https:\/\/intellikid.com\/en\/wp-json\/wp\/v2\/media\/988809"}],"wp:attachment":[{"href":"https:\/\/intellikid.com\/en\/wp-json\/wp\/v2\/media?parent=988009"}],"wp:term":[{"taxonomy":"product_brand","embeddable":true,"href":"https:\/\/intellikid.com\/en\/wp-json\/wp\/v2\/product_brand?post=988009"},{"taxonomy":"product_cat","embeddable":true,"href":"https:\/\/intellikid.com\/en\/wp-json\/wp\/v2\/product_cat?post=988009"},{"taxonomy":"product_tag","embeddable":true,"href":"https:\/\/intellikid.com\/en\/wp-json\/wp\/v2\/product_tag?post=988009"}],"curies":[{"name":"wp","href":"https:\/\/api.w.org\/{rel}","templated":true}]}}