{"id":988010,"date":"2022-02-26T11:22:58","date_gmt":"2022-02-26T11:22:58","guid":{"rendered":"https:\/\/whatthefont.net\/?post_type=product&#038;p=988010"},"modified":"2022-05-27T15:50:36","modified_gmt":"2022-05-27T15:50:36","slug":"wheel-of-luck-various-drawing-acivities","status":"publish","type":"product","link":"https:\/\/intellikid.com\/en\/product\/wheel-of-luck-various-drawing-acivities\/","title":{"rendered":"WHEEL OF CHANCE"},"content":{"rendered":"<div class=\"vgblk-rw-wrapper limit-wrapper\"><span style=\"font-weight: 400;\">C&#8217;est une roue qui peut \u00eatre utilis\u00e9e dans toutes sortes de situations : tombolas, r\u00e9compenses, f\u00eates, collectes de fonds, etc. LES CATEGORIES DE CE JEU SONT : MIME (imiter une action pour gagner soit un cadeau soit des points), GIFT BOX (gagner un cadeau ou points), JOKER (blague \u2013 pas de cadeau ni de points, ou vice versa) PLAY AGAIN, THIEF (un cadeau ou des points) num\u00e9ro 10 (10 points), GIFT EXCHANGE), QUESTION (r\u00e9pondre \u00e0 une question pour gagner des points ou des cadeaux), BOMB (perdu ou gagn\u00e9), CHANCE HORSESHOE (gros cadeau s&#8217;il y a ou points), num\u00e9ro 5 (5 points).<\/span><\/p>\n<p><span style=\"font-weight: 400;\">Des cartes action ou question ainsi que des coupons sont fournis.<\/span><\/p>\n<p><span style=\"font-weight: 400;\">Pour compl\u00e9ter votre set de base, vous pouvez choisir une autre roue parmi celles disponibles.\u00a0<\/span><\/p>\n<p>&nbsp;<\/p>\n<p>&nbsp;<\/p>\n<p>Action or question cards as well as coupons are provided.<\/p>\n<p>To complete your basic set, you can choose another wheel from those available in this interactive catalog. The cost of the basic set is $490 (plus shipping and taxes).<\/p><\/div>\n<p><!-- .vgblk-rw-wrapper --><\/p>","protected":false},"excerpt":{"rendered":"<p>Age: 5<\/p>","protected":false},"featured_media":988790,"comment_status":"closed","ping_status":"closed","template":"","meta":{"nf_dc_page":""},"product_brand":[],"product_cat":[61],"product_tag":[],"class_list":{"0":"post-988010","1":"product","2":"type-product","3":"status-publish","4":"has-post-thumbnail","6":"product_cat-roues-de-quiz","8":"first","9":"instock","10":"shipping-taxable","11":"purchasable","12":"product-type-simple"},"_links":{"self":[{"href":"https:\/\/intellikid.com\/en\/wp-json\/wp\/v2\/product\/988010","targetHints":{"allow":["GET"]}}],"collection":[{"href":"https:\/\/intellikid.com\/en\/wp-json\/wp\/v2\/product"}],"about":[{"href":"https:\/\/intellikid.com\/en\/wp-json\/wp\/v2\/types\/product"}],"replies":[{"embeddable":true,"href":"https:\/\/intellikid.com\/en\/wp-json\/wp\/v2\/comments?post=988010"}],"version-history":[{"count":4,"href":"https:\/\/intellikid.com\/en\/wp-json\/wp\/v2\/product\/988010\/revisions"}],"predecessor-version":[{"id":989170,"href":"https:\/\/intellikid.com\/en\/wp-json\/wp\/v2\/product\/988010\/revisions\/989170"}],"wp:featuredmedia":[{"embeddable":true,"href":"https:\/\/intellikid.com\/en\/wp-json\/wp\/v2\/media\/988790"}],"wp:attachment":[{"href":"https:\/\/intellikid.com\/en\/wp-json\/wp\/v2\/media?parent=988010"}],"wp:term":[{"taxonomy":"product_brand","embeddable":true,"href":"https:\/\/intellikid.com\/en\/wp-json\/wp\/v2\/product_brand?post=988010"},{"taxonomy":"product_cat","embeddable":true,"href":"https:\/\/intellikid.com\/en\/wp-json\/wp\/v2\/product_cat?post=988010"},{"taxonomy":"product_tag","embeddable":true,"href":"https:\/\/intellikid.com\/en\/wp-json\/wp\/v2\/product_tag?post=988010"}],"curies":[{"name":"wp","href":"https:\/\/api.w.org\/{rel}","templated":true}]}}