{"id":988011,"date":"2022-02-26T11:21:52","date_gmt":"2022-02-26T11:21:52","guid":{"rendered":"https:\/\/whatthefont.net\/?post_type=product&#038;p=988011"},"modified":"2022-05-27T15:47:36","modified_gmt":"2022-05-27T15:47:36","slug":"forest-wheel-in-game-great-quiz-game","status":"publish","type":"product","link":"https:\/\/intellikid.com\/en\/product\/forest-wheel-in-game-great-quiz-game\/","title":{"rendered":"QUIZ WHEEL: \"THE FOREST AT PLAY\""},"content":{"rendered":"<div class=\"vgblk-rw-wrapper limit-wrapper\"><span style=\"font-weight: 400;\">Contient une roue de quiz format moyen, et 144 questions document\u00e9es.\u00a0<\/span><\/p>\n<p><span style=\"font-weight: 400;\">C&#8217;est un outil indispensable, amusant et attirant qui permettra de faire conna\u00eetre et reconna\u00eetre l\u2019importance de l\u2019arbre et de la for\u00eat dans nos vies! D\u00e9couvrez avec l\u2019aide de 144 questions portant sur la for\u00eat, les \u00e9cosyst\u00e8mes, l\u2019utilisation du bois dans nos vies, et bien plus.<\/span><\/p>\n<p>&nbsp;<\/p>\n<p><span style=\"font-weight: 400;\">CONTENU DES QUESTIONS :<\/span><\/p>\n<p><span style=\"font-weight: 400;\">Connaissances g\u00e9n\u00e9rales : for\u00eat, \u00e9cosyst\u00e8mes, incendies, statistiques, plantation et entretien.<\/span><\/p>\n<p><span style=\"font-weight: 400;\">Fibre et billes de bois: d\u00e9riv\u00e9s de billes de bois de moindre qualit\u00e9; statistiques, p\u00e2te et papier.<\/span><\/p>\n<p><span style=\"font-weight: 400;\">Cellulose et lignine : caract\u00e9ristiques, produits d\u00e9riv\u00e9s, origine et historique du produit<\/span><\/p>\n<p><span style=\"font-weight: 400;\">Essences d\u2019arbres : identification, caract\u00e9ristiques, utilit\u00e9 et transformation.<\/span><\/p>\n<p><span style=\"font-weight: 400;\">Industrie : industrie, d\u00e9veloppement durable et \u00e9conomie.<\/span><\/p>\n<p><span style=\"font-weight: 400;\">Autres: ac\u00e9riculture, sant\u00e9 et produits d\u00e9riv\u00e9s.<\/span><\/p>\n<p><span style=\"font-weight: 400;\">Pour compl\u00e9ter votre ensemble de base, vous pouvez choisir une autre roue parmi celles qui sont disponibles.<\/span><\/div>\n<p><!-- .vgblk-rw-wrapper --><\/p>","protected":false},"excerpt":{"rendered":"<p>Age: 8<\/p>","protected":false},"featured_media":988766,"comment_status":"closed","ping_status":"closed","template":"","meta":{"nf_dc_page":""},"product_brand":[],"product_cat":[54,61],"product_tag":[],"class_list":{"0":"post-988011","1":"product","2":"type-product","3":"status-publish","4":"has-post-thumbnail","6":"product_cat-environnement-sante","7":"product_cat-roues-de-quiz","9":"first","10":"instock","11":"shipping-taxable","12":"purchasable","13":"product-type-simple"},"_links":{"self":[{"href":"https:\/\/intellikid.com\/en\/wp-json\/wp\/v2\/product\/988011","targetHints":{"allow":["GET"]}}],"collection":[{"href":"https:\/\/intellikid.com\/en\/wp-json\/wp\/v2\/product"}],"about":[{"href":"https:\/\/intellikid.com\/en\/wp-json\/wp\/v2\/types\/product"}],"replies":[{"embeddable":true,"href":"https:\/\/intellikid.com\/en\/wp-json\/wp\/v2\/comments?post=988011"}],"version-history":[{"count":3,"href":"https:\/\/intellikid.com\/en\/wp-json\/wp\/v2\/product\/988011\/revisions"}],"predecessor-version":[{"id":989168,"href":"https:\/\/intellikid.com\/en\/wp-json\/wp\/v2\/product\/988011\/revisions\/989168"}],"wp:featuredmedia":[{"embeddable":true,"href":"https:\/\/intellikid.com\/en\/wp-json\/wp\/v2\/media\/988766"}],"wp:attachment":[{"href":"https:\/\/intellikid.com\/en\/wp-json\/wp\/v2\/media?parent=988011"}],"wp:term":[{"taxonomy":"product_brand","embeddable":true,"href":"https:\/\/intellikid.com\/en\/wp-json\/wp\/v2\/product_brand?post=988011"},{"taxonomy":"product_cat","embeddable":true,"href":"https:\/\/intellikid.com\/en\/wp-json\/wp\/v2\/product_cat?post=988011"},{"taxonomy":"product_tag","embeddable":true,"href":"https:\/\/intellikid.com\/en\/wp-json\/wp\/v2\/product_tag?post=988011"}],"curies":[{"name":"wp","href":"https:\/\/api.w.org\/{rel}","templated":true}]}}