{"id":988012,"date":"2022-02-26T11:20:28","date_gmt":"2022-02-26T11:20:28","guid":{"rendered":"https:\/\/whatthefont.net\/?post_type=product&#038;p=988012"},"modified":"2022-05-20T16:31:13","modified_gmt":"2022-05-20T16:31:13","slug":"youth-safety-available","status":"publish","type":"product","link":"https:\/\/intellikid.com\/en\/product\/youth-safety-available\/","title":{"rendered":"QUIZ WHEEL: YOUTH \"SECURITY AND PROTECTION"},"content":{"rendered":"<div class=\"vgblk-rw-wrapper limit-wrapper\"><span style=\"font-weight: 400;\">Cet ensemble contient une roue en plastique rigide d&#8217;environ 60 cm de diam\u00e8tre et 144 questions document\u00e9es dans 12 cat\u00e9gories diff\u00e9rentes.<\/span><\/p>\n<p>&nbsp;<\/p>\n<p><span style=\"font-weight: 400;\">LES CAT\u00c9GORIES DE QUESTIONS DANS CE JEU SONT LES SUIVANTES : s\u00e9curit\u00e9 en bicyclette, dans un parc, sur l\u2019internet, en marchant sur la rue, \u00e0 la maison et dans les centres commerciaux, intimidation dans l\u2019\u00e9cole et \u00e0 l\u2019ext\u00e9rieur de l\u2019\u00e9cole, les transports en commun (ex : bus scolaire), en planche \u00e0 roues et patins \u00e0 roues align\u00e9es, drogues et agressions diverses, et enfin questions varia.<\/span><\/p>\n<p>&nbsp;<\/p>\n<p><span style=\"font-weight: 400;\">Cette roue de quiz, aussi appel\u00e9e roue de la chance, est assez grande pour une table, tr\u00e8s color\u00e9e, et constitue un spectacle en elle-m\u00eame.<\/span><\/p>\n<p><span style=\"font-weight: 400;\">Elle doit \u00eatre utilis\u00e9e avec le kit de base qui comprend le tr\u00e9pied, le noyau central, le claqueur, la roue en m\u00e9tal et un grand sac. Elle est tr\u00e8s facile \u00e0 monter et \u00e0 transporter m\u00eame par les jeunes. Ce jeu vise les activit\u00e9s de sensibilisation et d\u2019\u00e9ducation aux divers aspects de s\u00e9curit\u00e9 des jeunes (\u00e0 utiliser dans les classes, comit\u00e9s de sensibilisation, des kiosques, biblioth\u00e8ques, services de garde ou camps de jours). Si vous poss\u00e9dez d\u00e9j\u00e0 le kit de base, cette roue est utilisable sans autres ajouts.<\/span><\/p>\n<p>&nbsp;<\/p>\n<p><span style=\"font-weight: 400;\">Cependant si vous n&#8217;avez pas encore votre kit de base, il faudra vous le procurer.<\/span><\/p>\n<p><span style=\"font-weight: 400;\">Pour compl\u00e9ter votre ensemble de base, vous pouvez choisir une autre roue parmi celles qui sont disponibles.<\/span><\/div>\n<p><!-- .vgblk-rw-wrapper --><\/p>","protected":false},"excerpt":{"rendered":"<p>Cet ensemble contient une roue en plastique rigide d&#8217;environ 60 cm de diam\u00e8tre et 144 questions document\u00e9es dans 12 cat\u00e9gories diff\u00e9rentes. &nbsp; LES CAT\u00c9GORIES DE QUESTIONS DANS CE JEU SONT LES SUIVANTES : s\u00e9curit\u00e9 en bicyclette, dans un parc, sur l\u2019internet, en marchant sur la rue, \u00e0 la maison et dans les centres commerciaux, intimidation&#8230;<\/p>","protected":false},"featured_media":988806,"comment_status":"closed","ping_status":"closed","template":"","meta":{"nf_dc_page":""},"product_brand":[],"product_cat":[61],"product_tag":[],"class_list":{"0":"post-988012","1":"product","2":"type-product","3":"status-publish","4":"has-post-thumbnail","6":"product_cat-roues-de-quiz","8":"first","9":"instock","10":"shipping-taxable","11":"purchasable","12":"product-type-simple"},"_links":{"self":[{"href":"https:\/\/intellikid.com\/en\/wp-json\/wp\/v2\/product\/988012","targetHints":{"allow":["GET"]}}],"collection":[{"href":"https:\/\/intellikid.com\/en\/wp-json\/wp\/v2\/product"}],"about":[{"href":"https:\/\/intellikid.com\/en\/wp-json\/wp\/v2\/types\/product"}],"replies":[{"embeddable":true,"href":"https:\/\/intellikid.com\/en\/wp-json\/wp\/v2\/comments?post=988012"}],"version-history":[{"count":4,"href":"https:\/\/intellikid.com\/en\/wp-json\/wp\/v2\/product\/988012\/revisions"}],"predecessor-version":[{"id":989119,"href":"https:\/\/intellikid.com\/en\/wp-json\/wp\/v2\/product\/988012\/revisions\/989119"}],"wp:featuredmedia":[{"embeddable":true,"href":"https:\/\/intellikid.com\/en\/wp-json\/wp\/v2\/media\/988806"}],"wp:attachment":[{"href":"https:\/\/intellikid.com\/en\/wp-json\/wp\/v2\/media?parent=988012"}],"wp:term":[{"taxonomy":"product_brand","embeddable":true,"href":"https:\/\/intellikid.com\/en\/wp-json\/wp\/v2\/product_brand?post=988012"},{"taxonomy":"product_cat","embeddable":true,"href":"https:\/\/intellikid.com\/en\/wp-json\/wp\/v2\/product_cat?post=988012"},{"taxonomy":"product_tag","embeddable":true,"href":"https:\/\/intellikid.com\/en\/wp-json\/wp\/v2\/product_tag?post=988012"}],"curies":[{"name":"wp","href":"https:\/\/api.w.org\/{rel}","templated":true}]}}