{"id":988014,"date":"2022-02-26T11:17:59","date_gmt":"2022-02-26T11:17:59","guid":{"rendered":"https:\/\/whatthefont.net\/?post_type=product&#038;p=988014"},"modified":"2022-05-20T15:40:40","modified_gmt":"2022-05-20T15:40:40","slug":"animation-animals-investigation","status":"publish","type":"product","link":"https:\/\/intellikid.com\/en\/product\/animation-animals-investigation\/","title":{"rendered":"FUN AND EDUCATIONAL ACTIVITY: BIODIVERSITY."},"content":{"rendered":"<div class=\"vgblk-rw-wrapper limit-wrapper\"><span style=\"font-weight: 400;\">ANIMATION AVEC LE JEU ENQU\u00caTE ANIMAUX est une activit\u00e9 d\u2019animation pleine de d\u00e9fis, d\u2019explorations et de d\u00e9couvertes. Cet atelier sur les animaux et notre Plan\u00e8te Terre permettra de d\u00e9couvrir des animaux du monde et les \u00e9cosyst\u00e8mes sur Terre o\u00f9 ils vivent.<\/span><\/p>\n<p><span style=\"font-weight: 400;\">Les jeunes apprendront \u00e0 conna\u00eetre des animaux familiers et \u00e0 en d\u00e9couvrir d&#8217;autres plus insolites et moins connues. Une grenouille qui peut voler, qui suis-je? Et le plus petit c\u00e9tac\u00e9 de la plan\u00e8te, comment s&#8217;appelle-t-il? Connais-tu un animal capable de se d\u00e9fendre contre lions et crocodiles? Tu as devin\u00e9?<\/span><span style=\"font-weight: 400;\"><br \/>\n<\/span><span style=\"font-weight: 400;\"><br \/>\n<\/span><span style=\"font-weight: 400;\">On peut jouer en groupes de 1 \u00e0 4 personnes par globe jusqu\u2019\u00e0 5 groupes. En manipulant le maxi globe gonflable et en explorant les animaux sur divers continents pr\u00e9sent\u00e9s sur le globe, les jeunes seront confront\u00e9s aux autres mais apprendront aussi \u00e0 coop\u00e9rer dans leur groupe. Ils seront \u00e9galement initi\u00e9s \u00e0 la g\u00e9ographie du monde : les continents, certains pays, les oc\u00e9ans et les chaines de <\/span><span style=\"font-weight: 400;\">montagnes, les fuseaux horaires, etc.<\/span><span style=\"font-weight: 400;\"><br \/>\n<\/span><span style=\"font-weight: 400;\"><br \/>\n<\/span><span style=\"font-weight: 400;\">Un tirage de prix est pr\u00e9vu \u00e0 la fin de l\u2019animation.<\/span><\/div>\n<p><!-- .vgblk-rw-wrapper --><\/p>","protected":false},"excerpt":{"rendered":"<p>Age : 7+<\/p>","protected":false},"featured_media":988719,"comment_status":"closed","ping_status":"closed","template":"","meta":{"nf_dc_page":""},"product_brand":[],"product_cat":[60],"product_tag":[],"class_list":{"0":"post-988014","1":"product","2":"type-product","3":"status-publish","4":"has-post-thumbnail","6":"product_cat-animations-ateliers","8":"first","9":"instock","10":"shipping-taxable","11":"purchasable","12":"product-type-simple"},"_links":{"self":[{"href":"https:\/\/intellikid.com\/en\/wp-json\/wp\/v2\/product\/988014","targetHints":{"allow":["GET"]}}],"collection":[{"href":"https:\/\/intellikid.com\/en\/wp-json\/wp\/v2\/product"}],"about":[{"href":"https:\/\/intellikid.com\/en\/wp-json\/wp\/v2\/types\/product"}],"replies":[{"embeddable":true,"href":"https:\/\/intellikid.com\/en\/wp-json\/wp\/v2\/comments?post=988014"}],"version-history":[{"count":3,"href":"https:\/\/intellikid.com\/en\/wp-json\/wp\/v2\/product\/988014\/revisions"}],"predecessor-version":[{"id":989110,"href":"https:\/\/intellikid.com\/en\/wp-json\/wp\/v2\/product\/988014\/revisions\/989110"}],"wp:featuredmedia":[{"embeddable":true,"href":"https:\/\/intellikid.com\/en\/wp-json\/wp\/v2\/media\/988719"}],"wp:attachment":[{"href":"https:\/\/intellikid.com\/en\/wp-json\/wp\/v2\/media?parent=988014"}],"wp:term":[{"taxonomy":"product_brand","embeddable":true,"href":"https:\/\/intellikid.com\/en\/wp-json\/wp\/v2\/product_brand?post=988014"},{"taxonomy":"product_cat","embeddable":true,"href":"https:\/\/intellikid.com\/en\/wp-json\/wp\/v2\/product_cat?post=988014"},{"taxonomy":"product_tag","embeddable":true,"href":"https:\/\/intellikid.com\/en\/wp-json\/wp\/v2\/product_tag?post=988014"}],"curies":[{"name":"wp","href":"https:\/\/api.w.org\/{rel}","templated":true}]}}