{"id":988024,"date":"2022-02-26T11:29:46","date_gmt":"2022-02-26T11:29:46","guid":{"rendered":"https:\/\/whatthefont.net\/?post_type=product&#038;p=988024"},"modified":"2022-05-20T11:50:24","modified_gmt":"2022-05-20T11:50:24","slug":"animals-investigation-very-limited-quantity","status":"publish","type":"product","link":"https:\/\/intellikid.com\/en\/product\/animals-investigation-very-limited-quantity\/","title":{"rendered":"MAXI-GLOBE \n(INFLATABLE)"},"content":{"rendered":"<div class=\"vgblk-rw-wrapper limit-wrapper\"><span style=\"font-weight: 400;\">Voyage \u00e0 travers le monde et d\u00e9couvre 270 esp\u00e8ces d&#8217;animaux gr\u00e2ce \u00e0 ce jeu d&#8217;exploration. Ce jeu interactif contient un immense globe gonflable de plus de 50 cm de diam\u00e8tre avec 270 animaux dessus, 68 cartes contenant 810 indices, un sablier et un d\u00e9.<\/span><\/p>\n<p>&nbsp;<\/p>\n<p><span style=\"font-weight: 400;\">Ce jeu offre plusieurs niveaux de difficult\u00e9, des personnes de tout \u00e2ge peuvent donc jouer ensemble.<\/span><\/p>\n<p>&nbsp;<\/p>\n<p><span style=\"font-weight: 400;\">En jouant au jeu Enqu\u00eate animaux, tu apprends \u00e0 conna\u00eetre tes animaux pr\u00e9f\u00e9r\u00e9s et \u00e0 en d\u00e9couvrir d&#8217;autres encore plus insolites. Une grenouille qui peut voler, qui suis-je? Et le plus petit c\u00e9tac\u00e9 de la plan\u00e8te, comment s&#8217;appelle-t-il? Connais-tu un animal capable de se d\u00e9fendre contre lions et crocodiles? Tu as devin\u00e9? Alors parcours vite ton globe gonflable pour les retrouver.<\/span><\/div>\n<p><!-- .vgblk-rw-wrapper --><\/p>","protected":false},"excerpt":{"rendered":"<p>Age: 4+<\/p>","protected":false},"featured_media":988652,"comment_status":"closed","ping_status":"closed","template":"","meta":{"nf_dc_page":""},"product_brand":[],"product_cat":[57],"product_tag":[],"class_list":{"0":"post-988024","1":"product","2":"type-product","3":"status-publish","4":"has-post-thumbnail","6":"product_cat-geographie-dinosaures","8":"first","9":"instock","10":"shipping-taxable","11":"purchasable","12":"product-type-simple"},"_links":{"self":[{"href":"https:\/\/intellikid.com\/en\/wp-json\/wp\/v2\/product\/988024","targetHints":{"allow":["GET"]}}],"collection":[{"href":"https:\/\/intellikid.com\/en\/wp-json\/wp\/v2\/product"}],"about":[{"href":"https:\/\/intellikid.com\/en\/wp-json\/wp\/v2\/types\/product"}],"replies":[{"embeddable":true,"href":"https:\/\/intellikid.com\/en\/wp-json\/wp\/v2\/comments?post=988024"}],"version-history":[{"count":3,"href":"https:\/\/intellikid.com\/en\/wp-json\/wp\/v2\/product\/988024\/revisions"}],"predecessor-version":[{"id":989103,"href":"https:\/\/intellikid.com\/en\/wp-json\/wp\/v2\/product\/988024\/revisions\/989103"}],"wp:featuredmedia":[{"embeddable":true,"href":"https:\/\/intellikid.com\/en\/wp-json\/wp\/v2\/media\/988652"}],"wp:attachment":[{"href":"https:\/\/intellikid.com\/en\/wp-json\/wp\/v2\/media?parent=988024"}],"wp:term":[{"taxonomy":"product_brand","embeddable":true,"href":"https:\/\/intellikid.com\/en\/wp-json\/wp\/v2\/product_brand?post=988024"},{"taxonomy":"product_cat","embeddable":true,"href":"https:\/\/intellikid.com\/en\/wp-json\/wp\/v2\/product_cat?post=988024"},{"taxonomy":"product_tag","embeddable":true,"href":"https:\/\/intellikid.com\/en\/wp-json\/wp\/v2\/product_tag?post=988024"}],"curies":[{"name":"wp","href":"https:\/\/api.w.org\/{rel}","templated":true}]}}