{"id":988025,"date":"2022-02-26T11:28:41","date_gmt":"2022-02-26T11:28:41","guid":{"rendered":"https:\/\/whatthefont.net\/?post_type=product&#038;p=988025"},"modified":"2022-05-20T15:22:44","modified_gmt":"2022-05-20T15:22:44","slug":"animated-pad-poster","status":"publish","type":"product","link":"https:\/\/intellikid.com\/en\/product\/animated-pad-poster\/","title":{"rendered":"DESK PAD OR INTERACTIVE POSTER"},"content":{"rendered":"<div class=\"vgblk-rw-wrapper limit-wrapper\"><span style=\"font-weight: 400;\">Nouveau et cool! Totalement plat, mais interactif, ce sous-main pr\u00e9sente 9 th\u00e8mes culturels avec des tas d&#8217;infos qui apparaissent dans de petites fen\u00eatres: syst\u00e8me solaire, inventions, les grands explorateurs, civilisations, &#8230;<\/span><\/p>\n<p><span style=\"font-weight: 400;\">Il peut \u00eatre appos\u00e9 au mur comme une affiche.<\/span><\/div>\n<p><!-- .vgblk-rw-wrapper --><\/p>","protected":false},"excerpt":{"rendered":"<p>Age: 5<\/p>","protected":false},"featured_media":988658,"comment_status":"closed","ping_status":"closed","template":"","meta":{"nf_dc_page":""},"product_brand":[],"product_cat":[57],"product_tag":[],"class_list":{"0":"post-988025","1":"product","2":"type-product","3":"status-publish","4":"has-post-thumbnail","6":"product_cat-geographie-dinosaures","8":"first","9":"instock","10":"shipping-taxable","11":"purchasable","12":"product-type-simple"},"_links":{"self":[{"href":"https:\/\/intellikid.com\/en\/wp-json\/wp\/v2\/product\/988025","targetHints":{"allow":["GET"]}}],"collection":[{"href":"https:\/\/intellikid.com\/en\/wp-json\/wp\/v2\/product"}],"about":[{"href":"https:\/\/intellikid.com\/en\/wp-json\/wp\/v2\/types\/product"}],"replies":[{"embeddable":true,"href":"https:\/\/intellikid.com\/en\/wp-json\/wp\/v2\/comments?post=988025"}],"version-history":[{"count":4,"href":"https:\/\/intellikid.com\/en\/wp-json\/wp\/v2\/product\/988025\/revisions"}],"predecessor-version":[{"id":989107,"href":"https:\/\/intellikid.com\/en\/wp-json\/wp\/v2\/product\/988025\/revisions\/989107"}],"wp:featuredmedia":[{"embeddable":true,"href":"https:\/\/intellikid.com\/en\/wp-json\/wp\/v2\/media\/988658"}],"wp:attachment":[{"href":"https:\/\/intellikid.com\/en\/wp-json\/wp\/v2\/media?parent=988025"}],"wp:term":[{"taxonomy":"product_brand","embeddable":true,"href":"https:\/\/intellikid.com\/en\/wp-json\/wp\/v2\/product_brand?post=988025"},{"taxonomy":"product_cat","embeddable":true,"href":"https:\/\/intellikid.com\/en\/wp-json\/wp\/v2\/product_cat?post=988025"},{"taxonomy":"product_tag","embeddable":true,"href":"https:\/\/intellikid.com\/en\/wp-json\/wp\/v2\/product_tag?post=988025"}],"curies":[{"name":"wp","href":"https:\/\/api.w.org\/{rel}","templated":true}]}}