{"id":988027,"date":"2022-02-26T11:26:25","date_gmt":"2022-02-26T11:26:25","guid":{"rendered":"https:\/\/whatthefont.net\/?post_type=product&#038;p=988027"},"modified":"2022-05-20T16:35:16","modified_gmt":"2022-05-20T16:35:16","slug":"multi-purpose-wheel-with-divisions-only","status":"publish","type":"product","link":"https:\/\/intellikid.com\/en\/product\/multi-purpose-wheel-with-divisions-only\/","title":{"rendered":"MULTI-PURPOSE WHEEL"},"content":{"rendered":"<div class=\"vgblk-rw-wrapper limit-wrapper\"><span style=\"font-weight: 400;\">Cette roue peut s&#8217;adapter \u00e0 une infinie de th\u00e9matiques que vous choisirez en fonction de vos besoins. Vous pouvez ainsi d\u00e9cider d&#8217;avoir 4, 6 ou 12 divisions pour autant de th\u00e8mes. Vous pouvez ainsi cr\u00e9er vos propres cat\u00e9gories. C&#8217;est tr\u00e8s facile \u00e0 faire. Cette roue est aussi r\u00e9versible ce qui vous permettra de d\u00e9velopper une autre roue selon vos besoins.<\/span><\/p>\n<p><span style=\"font-weight: 400;\">Si vous poss\u00e9dez d\u00e9j\u00e0 le kit de base, cette roue est utilisable sans autres ajouts.<\/span><\/p>\n<p><span style=\"font-weight: 400;\">Cependant si vous n&#8217;avez pas encore votre kit de base, il faudra vous le procurer.<\/span><\/p>\n<p>&nbsp;<\/p>\n<p><span style=\"font-weight: 400;\">Pour compl\u00e9ter votre ensemble de base, vous pouvez choisir une autre roue parmi celles qui sont disponibles.<\/span><\/div>\n<p><!-- .vgblk-rw-wrapper --><\/p>","protected":false},"excerpt":{"rendered":"<p>Cette roue peut s&#8217;adapter \u00e0 une infinie de th\u00e9matiques que vous choisirez en fonction de vos besoins. Vous pouvez ainsi d\u00e9cider d&#8217;avoir 4, 6 ou 12 divisions pour autant de th\u00e8mes. Vous pouvez ainsi cr\u00e9er vos propres cat\u00e9gories. C&#8217;est tr\u00e8s facile \u00e0 faire. Cette roue est aussi r\u00e9versible ce qui vous permettra de d\u00e9velopper une&#8230;<\/p>","protected":false},"featured_media":988797,"comment_status":"closed","ping_status":"closed","template":"","meta":{"nf_dc_page":""},"product_brand":[],"product_cat":[61],"product_tag":[],"class_list":{"0":"post-988027","1":"product","2":"type-product","3":"status-publish","4":"has-post-thumbnail","6":"product_cat-roues-de-quiz","8":"first","9":"instock","10":"shipping-taxable","11":"purchasable","12":"product-type-simple"},"_links":{"self":[{"href":"https:\/\/intellikid.com\/en\/wp-json\/wp\/v2\/product\/988027","targetHints":{"allow":["GET"]}}],"collection":[{"href":"https:\/\/intellikid.com\/en\/wp-json\/wp\/v2\/product"}],"about":[{"href":"https:\/\/intellikid.com\/en\/wp-json\/wp\/v2\/types\/product"}],"replies":[{"embeddable":true,"href":"https:\/\/intellikid.com\/en\/wp-json\/wp\/v2\/comments?post=988027"}],"version-history":[{"count":4,"href":"https:\/\/intellikid.com\/en\/wp-json\/wp\/v2\/product\/988027\/revisions"}],"predecessor-version":[{"id":989121,"href":"https:\/\/intellikid.com\/en\/wp-json\/wp\/v2\/product\/988027\/revisions\/989121"}],"wp:featuredmedia":[{"embeddable":true,"href":"https:\/\/intellikid.com\/en\/wp-json\/wp\/v2\/media\/988797"}],"wp:attachment":[{"href":"https:\/\/intellikid.com\/en\/wp-json\/wp\/v2\/media?parent=988027"}],"wp:term":[{"taxonomy":"product_brand","embeddable":true,"href":"https:\/\/intellikid.com\/en\/wp-json\/wp\/v2\/product_brand?post=988027"},{"taxonomy":"product_cat","embeddable":true,"href":"https:\/\/intellikid.com\/en\/wp-json\/wp\/v2\/product_cat?post=988027"},{"taxonomy":"product_tag","embeddable":true,"href":"https:\/\/intellikid.com\/en\/wp-json\/wp\/v2\/product_tag?post=988027"}],"curies":[{"name":"wp","href":"https:\/\/api.w.org\/{rel}","templated":true}]}}