{"id":988028,"date":"2022-02-26T11:25:40","date_gmt":"2022-02-26T11:25:40","guid":{"rendered":"https:\/\/whatthefont.net\/?post_type=product&#038;p=988028"},"modified":"2022-05-26T18:29:37","modified_gmt":"2022-05-26T18:29:37","slug":"3-quiz-wheels-earth-in-play-large-format","status":"publish","type":"product","link":"https:\/\/intellikid.com\/en\/product\/3-quiz-wheels-earth-in-play-large-format\/","title":{"rendered":"LARGE QUIZ WHEELS: 4Rs, ENVIRO-QUIZ AND METAL WHEEL"},"content":{"rendered":"<div class=\"vgblk-rw-wrapper limit-wrapper\"><span style=\"font-weight: 400;\">3 roues en une: Enviro Quiz &#8211; Enviro-Sant\u00e9, Quiz des 3RV et une roue effa\u00e7able.<\/span><\/p>\n<p>&nbsp;<\/p>\n<p><span style=\"font-weight: 400;\">Le jeu consiste \u00e0 tourner la grande roue de quiz de 33 pouces (86 cm de diam.) qui va s&#8217;arr\u00eater sur l&#8217;une des 12 cat\u00e9gories de questions environnementales. Chaque cat\u00e9gorie de questions correspond \u00e0 un ensemble de cartes-questions fournies dans 3 classeurs : 1. Enviro-Quiz, 2. Enviro-Sant\u00e9 et 3. les 3RV (R\u00e9duction, R\u00e9emploi, Recyclage et Valorisation).<\/span><\/p>\n<p><span style=\"font-weight: 400;\">L&#8217;ensemble comprend 3 roues de quiz, un support m\u00e9tallique, un claqueur, un grand sac, un classeur Enviro-Quiz (420 questions), un un classeur de cartes\/questions Enviro-Sant\u00e9 (100 questions), un classeur de cartes\/questions sur les 3RV (220 questions). Les questions sont principalement \u00e0 choix multiples et bien document\u00e9es.<\/span><\/p>\n<p>&nbsp;<\/p>\n<p><span style=\"font-weight: 400;\">Deux (2) de ces roues sont r\u00e9versibles. Donc, avec ces 2 roues vous pouvez r\u00e9aliser 2 autres roues de quiz sur d&#8217;autres th\u00e8mes sp\u00e9cifiques \u00e0 votre r\u00e9gion ou vos besoins (ex.: le fran\u00e7ais, les maths, la g\u00e9ographie, les cultures, la paix ou les religions du monde) en rajoutant des questions suppl\u00e9mentaires, pouvant \u00eatre con\u00e7ues par votre institution, par l&#8217;enseignant ou par les \u00e9l\u00e8ves.<\/span><\/p>\n<p><span style=\"font-weight: 400;\">En utilisant des outils comme les roues de quiz, la communication et l\u2019apprentissage deviennent plus interactifs, plus int\u00e9ressants et plus amusants permettant d&#8217;atteindre plus vite et plus facilement les objectifs d\u2019\u00e9ducation et de sensibilisation.<\/span><\/div>\n<p><!-- .vgblk-rw-wrapper --><\/p>","protected":false},"excerpt":{"rendered":"<p>Age: 7+<\/p>","protected":false},"featured_media":988776,"comment_status":"closed","ping_status":"closed","template":"","meta":{"nf_dc_page":""},"product_brand":[],"product_cat":[54,61],"product_tag":[],"class_list":{"0":"post-988028","1":"product","2":"type-product","3":"status-publish","4":"has-post-thumbnail","6":"product_cat-environnement-sante","7":"product_cat-roues-de-quiz","9":"first","10":"instock","11":"shipping-taxable","12":"purchasable","13":"product-type-simple"},"_links":{"self":[{"href":"https:\/\/intellikid.com\/en\/wp-json\/wp\/v2\/product\/988028","targetHints":{"allow":["GET"]}}],"collection":[{"href":"https:\/\/intellikid.com\/en\/wp-json\/wp\/v2\/product"}],"about":[{"href":"https:\/\/intellikid.com\/en\/wp-json\/wp\/v2\/types\/product"}],"replies":[{"embeddable":true,"href":"https:\/\/intellikid.com\/en\/wp-json\/wp\/v2\/comments?post=988028"}],"version-history":[{"count":4,"href":"https:\/\/intellikid.com\/en\/wp-json\/wp\/v2\/product\/988028\/revisions"}],"predecessor-version":[{"id":989159,"href":"https:\/\/intellikid.com\/en\/wp-json\/wp\/v2\/product\/988028\/revisions\/989159"}],"wp:featuredmedia":[{"embeddable":true,"href":"https:\/\/intellikid.com\/en\/wp-json\/wp\/v2\/media\/988776"}],"wp:attachment":[{"href":"https:\/\/intellikid.com\/en\/wp-json\/wp\/v2\/media?parent=988028"}],"wp:term":[{"taxonomy":"product_brand","embeddable":true,"href":"https:\/\/intellikid.com\/en\/wp-json\/wp\/v2\/product_brand?post=988028"},{"taxonomy":"product_cat","embeddable":true,"href":"https:\/\/intellikid.com\/en\/wp-json\/wp\/v2\/product_cat?post=988028"},{"taxonomy":"product_tag","embeddable":true,"href":"https:\/\/intellikid.com\/en\/wp-json\/wp\/v2\/product_tag?post=988028"}],"curies":[{"name":"wp","href":"https:\/\/api.w.org\/{rel}","templated":true}]}}