{"id":988036,"date":"2022-02-26T11:39:41","date_gmt":"2022-02-26T11:39:41","guid":{"rendered":"https:\/\/whatthefont.net\/?post_type=product&#038;p=988036"},"modified":"2022-05-20T11:47:36","modified_gmt":"2022-05-20T11:47:36","slug":"dinoscope","status":"publish","type":"product","link":"https:\/\/intellikid.com\/en\/product\/dinoscope\/","title":{"rendered":"DINOSCOPE"},"content":{"rendered":"<div class=\"vgblk-rw-wrapper limit-wrapper\"><span style=\"font-weight: 400;\">DINOSCOPE : L&#8217;essentiel sur les dinosaures en un tour de main. Quarante dinosaures des plus repr\u00e9sentatifs n&#8217;auront plus de secret pour les passionn\u00e9s de tout \u00e2ge.\u00a0<\/span><\/p>\n<p><span style=\"font-weight: 400;\">Les fen\u00eatres laissent appara\u00eetre quand le disque tourne : le dinosaure et son nom, sa signification, sa classification, sa localisation, la p\u00e9riode o\u00f9 il v\u00e9cut, ses dimensions, son r\u00e9gime alimentaire et ses caract\u00e9ristiques principales.<\/span><\/div>\n<p><!-- .vgblk-rw-wrapper --><\/p>","protected":false},"excerpt":{"rendered":"<p>Age: 5+<\/p>","protected":false},"featured_media":988661,"comment_status":"closed","ping_status":"closed","template":"","meta":{"nf_dc_page":""},"product_brand":[],"product_cat":[57],"product_tag":[],"class_list":{"0":"post-988036","1":"product","2":"type-product","3":"status-publish","4":"has-post-thumbnail","6":"product_cat-geographie-dinosaures","8":"first","9":"instock","10":"shipping-taxable","11":"purchasable","12":"product-type-simple"},"_links":{"self":[{"href":"https:\/\/intellikid.com\/en\/wp-json\/wp\/v2\/product\/988036","targetHints":{"allow":["GET"]}}],"collection":[{"href":"https:\/\/intellikid.com\/en\/wp-json\/wp\/v2\/product"}],"about":[{"href":"https:\/\/intellikid.com\/en\/wp-json\/wp\/v2\/types\/product"}],"replies":[{"embeddable":true,"href":"https:\/\/intellikid.com\/en\/wp-json\/wp\/v2\/comments?post=988036"}],"version-history":[{"count":2,"href":"https:\/\/intellikid.com\/en\/wp-json\/wp\/v2\/product\/988036\/revisions"}],"predecessor-version":[{"id":989102,"href":"https:\/\/intellikid.com\/en\/wp-json\/wp\/v2\/product\/988036\/revisions\/989102"}],"wp:featuredmedia":[{"embeddable":true,"href":"https:\/\/intellikid.com\/en\/wp-json\/wp\/v2\/media\/988661"}],"wp:attachment":[{"href":"https:\/\/intellikid.com\/en\/wp-json\/wp\/v2\/media?parent=988036"}],"wp:term":[{"taxonomy":"product_brand","embeddable":true,"href":"https:\/\/intellikid.com\/en\/wp-json\/wp\/v2\/product_brand?post=988036"},{"taxonomy":"product_cat","embeddable":true,"href":"https:\/\/intellikid.com\/en\/wp-json\/wp\/v2\/product_cat?post=988036"},{"taxonomy":"product_tag","embeddable":true,"href":"https:\/\/intellikid.com\/en\/wp-json\/wp\/v2\/product_tag?post=988036"}],"curies":[{"name":"wp","href":"https:\/\/api.w.org\/{rel}","templated":true}]}}