{"id":988038,"date":"2022-02-26T11:37:29","date_gmt":"2022-02-26T11:37:29","guid":{"rendered":"https:\/\/whatthefont.net\/?post_type=product&#038;p=988038"},"modified":"2022-05-20T11:16:32","modified_gmt":"2022-05-20T11:16:32","slug":"crystal-soil-with-seeds-pouch","status":"publish","type":"product","link":"https:\/\/intellikid.com\/en\/product\/crystal-soil-with-seeds-pouch\/","title":{"rendered":"CRYSTALS SOIL POUCH, WITH SEEDS"},"content":{"rendered":"<div class=\"vgblk-rw-wrapper limit-wrapper\"><span style=\"font-weight: 400;\">Contenu de la pochette : cristaux (pour au moins 2 exp\u00e9riences), graines de tournesol et haricots grimpants. Vous devez vous procurer un r\u00e9cipient transparent d&#8217;environ 10 cm de haut et pas tr\u00e8s large.<\/span><\/p>\n<p><span style=\"font-weight: 400;\">Le monde cach\u00e9 des racines : des exp\u00e9riences fascinantes et captivantes !<\/span><\/p>\n<p><span style=\"font-weight: 400;\">Comment \u00e7a fonctionne ?<\/span><\/p>\n<p><span style=\"font-weight: 400;\">Placez quelques-unes de vos graines sur le sol en cristal et attendez quelques jours. Regardez bien les changements qui se produiront dans les graines. Pour plus de d\u00e9tails, consultez le r\u00e8glement dans la pochette.<\/span><\/p>\n<p><span style=\"font-weight: 400;\">D\u00e9couverte de plantes fantastiques, de leurs graines et de leurs racines : Scarlet Runner (haricot grimpant) et tournesol.<\/span><\/p>\n<p><span style=\"font-weight: 400;\">Coureur \u00e9carlate : une plante spectaculaire, qui germe relativement vite, pousse vite, fleurit toute la saison et donne des f\u00e8ves succulentes.<\/span><\/p>\n<p><span style=\"font-weight: 400;\">Une fois l&#8217;exp\u00e9rience termin\u00e9e, vous pouvez repiquer les plants dans le sol et les reg<\/span><\/p>\n<p><span style=\"font-weight: 400;\">arder pousser \u00e0 l&#8217;ext\u00e9rieur.<\/span><\/div>\n<p><!-- .vgblk-rw-wrapper --><\/p>","protected":false},"excerpt":{"rendered":"<p>Age: 6<\/p>","protected":false},"featured_media":988747,"comment_status":"closed","ping_status":"closed","template":"","meta":{"nf_dc_page":""},"product_brand":[],"product_cat":[59],"product_tag":[],"class_list":{"0":"post-988038","1":"product","2":"type-product","3":"status-publish","4":"has-post-thumbnail","6":"product_cat-sciences","8":"first","9":"instock","10":"shipping-taxable","11":"purchasable","12":"product-type-simple"},"_links":{"self":[{"href":"https:\/\/intellikid.com\/en\/wp-json\/wp\/v2\/product\/988038","targetHints":{"allow":["GET"]}}],"collection":[{"href":"https:\/\/intellikid.com\/en\/wp-json\/wp\/v2\/product"}],"about":[{"href":"https:\/\/intellikid.com\/en\/wp-json\/wp\/v2\/types\/product"}],"replies":[{"embeddable":true,"href":"https:\/\/intellikid.com\/en\/wp-json\/wp\/v2\/comments?post=988038"}],"version-history":[{"count":3,"href":"https:\/\/intellikid.com\/en\/wp-json\/wp\/v2\/product\/988038\/revisions"}],"predecessor-version":[{"id":989097,"href":"https:\/\/intellikid.com\/en\/wp-json\/wp\/v2\/product\/988038\/revisions\/989097"}],"wp:featuredmedia":[{"embeddable":true,"href":"https:\/\/intellikid.com\/en\/wp-json\/wp\/v2\/media\/988747"}],"wp:attachment":[{"href":"https:\/\/intellikid.com\/en\/wp-json\/wp\/v2\/media?parent=988038"}],"wp:term":[{"taxonomy":"product_brand","embeddable":true,"href":"https:\/\/intellikid.com\/en\/wp-json\/wp\/v2\/product_brand?post=988038"},{"taxonomy":"product_cat","embeddable":true,"href":"https:\/\/intellikid.com\/en\/wp-json\/wp\/v2\/product_cat?post=988038"},{"taxonomy":"product_tag","embeddable":true,"href":"https:\/\/intellikid.com\/en\/wp-json\/wp\/v2\/product_tag?post=988038"}],"curies":[{"name":"wp","href":"https:\/\/api.w.org\/{rel}","templated":true}]}}