{"id":988041,"date":"2022-02-26T11:32:41","date_gmt":"2022-02-26T11:32:41","guid":{"rendered":"https:\/\/whatthefont.net\/?post_type=product&#038;p=988041"},"modified":"2022-05-20T16:53:10","modified_gmt":"2022-05-20T16:53:10","slug":"balazoom-bilingual","status":"publish","type":"product","link":"https:\/\/intellikid.com\/en\/product\/balazoom-bilingual\/","title":{"rendered":"BALAZOOM"},"content":{"rendered":"<div class=\"vgblk-rw-wrapper limit-wrapper\"><span style=\"font-weight: 400;\">BALAZOOM rafra\u00eechit la m\u00e9moire, exerce la concentration et aff\u00fbte l&#8217;\u0153il. Il permet aussi d&#8217;apprendre l&#8217;alphabet en s&#8217;amusant.\u00a0<\/span><\/p>\n<p>&nbsp;<\/p>\n<p><span style=\"font-weight: 400;\">Les r\u00e8gles du jeu sugg\u00e8rent plusieurs activit\u00e9s-jeux, suscitant l&#8217;\u00e9veil et l&#8217;int\u00e9r\u00eat des enfants face \u00e0 l\u2018apprentissage des lettres : reconstituer les casse-t\u00eates dont les pi\u00e8ces (petits cartons \u00e9pais) sont jointes par les dessins des lettres majuscules. Une fois que les casse-t\u00eates sont compl\u00e9t\u00e9s, chaque enfant part \u00e0 la recherche des lettres minuscules cach\u00e9es dans les images du casse-t\u00eate; d&#8217;autres variantes sont propos\u00e9es. 64 cartons, une loupe, quatre casse-t\u00eates. Pr\u00eats pour le d\u00e9fi?<\/span><\/div>\n<p><!-- .vgblk-rw-wrapper --><\/p>","protected":false},"excerpt":{"rendered":"<p>BALAZOOM rafra\u00eechit la m\u00e9moire, exerce la concentration et aff\u00fbte l&#8217;\u0153il. Il permet aussi d&#8217;apprendre l&#8217;alphabet en s&#8217;amusant.\u00a0 &nbsp; Les r\u00e8gles du jeu sugg\u00e8rent plusieurs activit\u00e9s-jeux, suscitant l&#8217;\u00e9veil et l&#8217;int\u00e9r\u00eat des enfants face \u00e0 l\u2018apprentissage des lettres : reconstituer les casse-t\u00eates dont les pi\u00e8ces (petits cartons \u00e9pais) sont jointes par les dessins des lettres majuscules. Une&#8230;<\/p>","protected":false},"featured_media":988707,"comment_status":"closed","ping_status":"closed","template":"","meta":{"nf_dc_page":""},"product_brand":[],"product_cat":[62],"product_tag":[],"class_list":{"0":"post-988041","1":"product","2":"type-product","3":"status-publish","4":"has-post-thumbnail","6":"product_cat-divers","8":"first","9":"instock","10":"shipping-taxable","11":"purchasable","12":"product-type-simple"},"_links":{"self":[{"href":"https:\/\/intellikid.com\/en\/wp-json\/wp\/v2\/product\/988041","targetHints":{"allow":["GET"]}}],"collection":[{"href":"https:\/\/intellikid.com\/en\/wp-json\/wp\/v2\/product"}],"about":[{"href":"https:\/\/intellikid.com\/en\/wp-json\/wp\/v2\/types\/product"}],"replies":[{"embeddable":true,"href":"https:\/\/intellikid.com\/en\/wp-json\/wp\/v2\/comments?post=988041"}],"version-history":[{"count":3,"href":"https:\/\/intellikid.com\/en\/wp-json\/wp\/v2\/product\/988041\/revisions"}],"predecessor-version":[{"id":989127,"href":"https:\/\/intellikid.com\/en\/wp-json\/wp\/v2\/product\/988041\/revisions\/989127"}],"wp:featuredmedia":[{"embeddable":true,"href":"https:\/\/intellikid.com\/en\/wp-json\/wp\/v2\/media\/988707"}],"wp:attachment":[{"href":"https:\/\/intellikid.com\/en\/wp-json\/wp\/v2\/media?parent=988041"}],"wp:term":[{"taxonomy":"product_brand","embeddable":true,"href":"https:\/\/intellikid.com\/en\/wp-json\/wp\/v2\/product_brand?post=988041"},{"taxonomy":"product_cat","embeddable":true,"href":"https:\/\/intellikid.com\/en\/wp-json\/wp\/v2\/product_cat?post=988041"},{"taxonomy":"product_tag","embeddable":true,"href":"https:\/\/intellikid.com\/en\/wp-json\/wp\/v2\/product_tag?post=988041"}],"curies":[{"name":"wp","href":"https:\/\/api.w.org\/{rel}","templated":true}]}}