{"id":988051,"date":"2022-02-26T11:50:41","date_gmt":"2022-02-26T11:50:41","guid":{"rendered":"https:\/\/whatthefont.net\/?post_type=product&#038;p=988051"},"modified":"2022-05-20T15:15:37","modified_gmt":"2022-05-20T15:15:37","slug":"new-globe-inflatable-geopolitical-world-map","status":"publish","type":"product","link":"https:\/\/intellikid.com\/en\/product\/new-globe-inflatable-geopolitical-world-map\/","title":{"rendered":"NEW GLOBE (INFLATABLE)"},"content":{"rendered":"<div class=\"vgblk-rw-wrapper limit-wrapper\"><span style=\"font-weight: 400;\">Le NEW-GLOBE gonflable, montre la vision g\u00e9opolitique du monde, identifiant les pays, les grandes villes, les mers et les lacs. Des noms clairs et faciles \u00e0 lire, ainsi que des couleurs vives, rendent le globe tr\u00e8s utilisable et attrayant pour les enfants. Fabriqu\u00e9 en plastique solide, le globe mesure 30 cm de diam\u00e8tre et est emball\u00e9 dans un petit carton qui peut \u00eatre pr\u00e9sent\u00e9 comme un cadeau ou envoy\u00e9 par la poste tel quel. Les enfants peuvent \u00e9galement jouer avec ce globe de la m\u00eame mani\u00e8re qu&#8217;un ballon de plage, au parc ou \u00e0 l&#8217;\u00e9cole. La bo\u00eete contient des suggestions de jeux \u00e0 jouer.\u00a0<\/span><\/p>\n<p><b>DISPONIBLE EN ANGLAIS ET EN FRAN\u00c7AIS.<\/b><\/div>\n<p><!-- .vgblk-rw-wrapper --><\/p>","protected":false},"excerpt":{"rendered":"<p>Age: 4+<\/p>","protected":false},"featured_media":988663,"comment_status":"closed","ping_status":"closed","template":"","meta":{"nf_dc_page":""},"product_brand":[],"product_cat":[57],"product_tag":[],"class_list":{"0":"post-988051","1":"product","2":"type-product","3":"status-publish","4":"has-post-thumbnail","6":"product_cat-geographie-dinosaures","8":"first","9":"instock","10":"shipping-taxable","11":"purchasable","12":"product-type-simple"},"_links":{"self":[{"href":"https:\/\/intellikid.com\/en\/wp-json\/wp\/v2\/product\/988051","targetHints":{"allow":["GET"]}}],"collection":[{"href":"https:\/\/intellikid.com\/en\/wp-json\/wp\/v2\/product"}],"about":[{"href":"https:\/\/intellikid.com\/en\/wp-json\/wp\/v2\/types\/product"}],"replies":[{"embeddable":true,"href":"https:\/\/intellikid.com\/en\/wp-json\/wp\/v2\/comments?post=988051"}],"version-history":[{"count":3,"href":"https:\/\/intellikid.com\/en\/wp-json\/wp\/v2\/product\/988051\/revisions"}],"predecessor-version":[{"id":989105,"href":"https:\/\/intellikid.com\/en\/wp-json\/wp\/v2\/product\/988051\/revisions\/989105"}],"wp:featuredmedia":[{"embeddable":true,"href":"https:\/\/intellikid.com\/en\/wp-json\/wp\/v2\/media\/988663"}],"wp:attachment":[{"href":"https:\/\/intellikid.com\/en\/wp-json\/wp\/v2\/media?parent=988051"}],"wp:term":[{"taxonomy":"product_brand","embeddable":true,"href":"https:\/\/intellikid.com\/en\/wp-json\/wp\/v2\/product_brand?post=988051"},{"taxonomy":"product_cat","embeddable":true,"href":"https:\/\/intellikid.com\/en\/wp-json\/wp\/v2\/product_cat?post=988051"},{"taxonomy":"product_tag","embeddable":true,"href":"https:\/\/intellikid.com\/en\/wp-json\/wp\/v2\/product_tag?post=988051"}],"curies":[{"name":"wp","href":"https:\/\/api.w.org\/{rel}","templated":true}]}}