{"id":988054,"date":"2022-02-26T11:47:19","date_gmt":"2022-02-26T11:47:19","guid":{"rendered":"https:\/\/whatthefont.net\/?post_type=product&#038;p=988054"},"modified":"2022-05-20T10:05:43","modified_gmt":"2022-05-20T10:05:43","slug":"wheel-healthy-hab-of-life","status":"publish","type":"product","link":"https:\/\/intellikid.com\/en\/product\/wheel-healthy-hab-of-life\/","title":{"rendered":"QUIZ WHEEL: \"HEALTHY LIFESTYLE\""},"content":{"rendered":"<div class=\"vgblk-rw-wrapper limit-wrapper\"><span style=\"font-weight: 400;\">La roue de quiz ENVIRO-SANT\u00c9 est un jeu collectif, intelligeant, amusant et \u00e9ducatif qui fait du bien aux enfants et aux personnes de tous \u00e2ges.<\/span><span style=\"font-weight: 400;\"><br \/>\n<\/span><span style=\"font-weight: 400;\">Cet ensemble contient une roue en plastique rigide d&#8217;environ 60 cm de diam\u00e8tre et 200 questions document\u00e9es dans 12 cat\u00e9gories diff\u00e9rentes. Les questions sont imprim\u00e9es sur des cartons rigides.<\/span><span style=\"font-weight: 400;\"><br \/>\n<\/span><span style=\"font-weight: 400;\"><br \/>\n<\/span><span style=\"font-weight: 400;\">LES CAT\u00c9GORIES DE QUESTIONS DANS CE JEU SONT LES SUIVANTES : saines habitudes de vie, alimentation (l\u00e9gumes fruits, f\u00e9culents, viandes et substituts, produits laitiers), maladies, hygi\u00e8ne, farces et attrapes, sports, mimes et les effets des changements climatiques sur la sant\u00e9. Cette roue de quiz, aussi appel\u00e9e roue de la chance, est assez grande pour une table, tr\u00e8s color\u00e9e, et constitue un spectacle en elle-m\u00eame.<\/span><\/p>\n<p><span style=\"font-weight: 400;\"><br \/>\n<\/span><span style=\"font-weight: 400;\">La roue doit \u00eatre utilis\u00e9e avec l\u2019ensemble e base qui comprend le tr\u00e9pied, le noyau central, le claqueur, la roue en m\u00e9tal et un grand sac. Ainsi, elle sera tr\u00e8s facile \u00e0 monter et \u00e0 transporter dans un grand sac.\u00a0<\/span><\/p>\n<p><span style=\"font-weight: 400;\">Ce jeu vise les activit\u00e9s de sensibilisation et d\u2019\u00e9ducation aux saines habitudes de vie (\u00e0 utiliser dans les classes, comit\u00e9s de sensibilisation, des kiosques, biblioth\u00e8ques, services de garde ou camps de jours).\u00a0<\/span><\/p>\n<p><span style=\"font-weight: 400;\">Si vous poss\u00e9dez d\u00e9j\u00e0 le kit de base, cette roue est utilisable sans autres ajouts.<\/span><span style=\"font-weight: 400;\"><br \/>\n<\/span><span style=\"font-weight: 400;\">Cependant si vous n&#8217;avez pas encore votre kit de base, il faudra vous le procurer.<\/span><span style=\"font-weight: 400;\"><br \/>\n<\/span><span style=\"font-weight: 400;\">Pour compl\u00e9ter votre ensemble de base, vous pouvez choisir une autre roue parmi celles qui sont disponibles.<\/span><span style=\"font-weight: 400;\"><br \/>\n<\/span><span style=\"font-weight: 400;\"><br \/>\n<\/span><\/div>\n<p><!-- .vgblk-rw-wrapper --><\/p>","protected":false},"excerpt":{"rendered":"<p>Age: 8+<\/p>","protected":false},"featured_media":988772,"comment_status":"closed","ping_status":"closed","template":"","meta":{"nf_dc_page":""},"product_brand":[],"product_cat":[54,61],"product_tag":[],"class_list":{"0":"post-988054","1":"product","2":"type-product","3":"status-publish","4":"has-post-thumbnail","6":"product_cat-environnement-sante","7":"product_cat-roues-de-quiz","9":"first","10":"instock","11":"shipping-taxable","12":"purchasable","13":"product-type-simple"},"_links":{"self":[{"href":"https:\/\/intellikid.com\/en\/wp-json\/wp\/v2\/product\/988054","targetHints":{"allow":["GET"]}}],"collection":[{"href":"https:\/\/intellikid.com\/en\/wp-json\/wp\/v2\/product"}],"about":[{"href":"https:\/\/intellikid.com\/en\/wp-json\/wp\/v2\/types\/product"}],"replies":[{"embeddable":true,"href":"https:\/\/intellikid.com\/en\/wp-json\/wp\/v2\/comments?post=988054"}],"version-history":[{"count":4,"href":"https:\/\/intellikid.com\/en\/wp-json\/wp\/v2\/product\/988054\/revisions"}],"predecessor-version":[{"id":989083,"href":"https:\/\/intellikid.com\/en\/wp-json\/wp\/v2\/product\/988054\/revisions\/989083"}],"wp:featuredmedia":[{"embeddable":true,"href":"https:\/\/intellikid.com\/en\/wp-json\/wp\/v2\/media\/988772"}],"wp:attachment":[{"href":"https:\/\/intellikid.com\/en\/wp-json\/wp\/v2\/media?parent=988054"}],"wp:term":[{"taxonomy":"product_brand","embeddable":true,"href":"https:\/\/intellikid.com\/en\/wp-json\/wp\/v2\/product_brand?post=988054"},{"taxonomy":"product_cat","embeddable":true,"href":"https:\/\/intellikid.com\/en\/wp-json\/wp\/v2\/product_cat?post=988054"},{"taxonomy":"product_tag","embeddable":true,"href":"https:\/\/intellikid.com\/en\/wp-json\/wp\/v2\/product_tag?post=988054"}],"curies":[{"name":"wp","href":"https:\/\/api.w.org\/{rel}","templated":true}]}}