{"id":988055,"date":"2022-02-26T11:46:14","date_gmt":"2022-02-26T11:46:14","guid":{"rendered":"https:\/\/whatthefont.net\/?post_type=product&#038;p=988055"},"modified":"2022-05-20T09:29:23","modified_gmt":"2022-05-20T09:29:23","slug":"enviro-health-the-game","status":"publish","type":"product","link":"https:\/\/intellikid.com\/en\/product\/enviro-health-the-game\/","title":{"rendered":"ENVIRO-HEALTH  (Game in box)"},"content":{"rendered":"<div class=\"vgblk-rw-wrapper limit-wrapper\"><span style=\"font-weight: 400;\">Enviro-Sant\u00e9 est un jeu questionnaire dr\u00f4le pour vous garder en forme, en sant\u00e9 et en s\u00e9curit\u00e9. Pour gagner, il faut r\u00e9pondre aux questions, performer des mimes et faire face aux farces et attrapes.<\/span><\/p>\n<p><span style=\"font-weight: 400;\"><br \/>\n<\/span><span style=\"font-weight: 400;\">Le jeu questionnaire ENVIRO-SANT\u00c9 comprend 100 questions-r\u00e9ponses document\u00e9es scientifiquement,<\/span><span style=\"font-weight: 400;\"><br \/>\n<\/span><span style=\"font-weight: 400;\">18 jokers et 22 mimes. Les enfants sont amen\u00e9s \u00e0 r\u00e9pondre aux questions, ils sont confront\u00e9s aux farces et attrapes et doivent aussi mimer des sports ou certaines maladies pour gagner le plus de points possibles.<\/span><\/p>\n<p><span style=\"font-weight: 400;\">\u00a0Les questions portent sur la sant\u00e9, les changements climatiques, la pollution de l&#8217;air, les modes de vie actifs, la s\u00e9curit\u00e9, l&#8217;alimentation, l&#8217;ob\u00e9sit\u00e9, et plus encore.<\/span><span style=\"font-weight: 400;\"><br \/>\n<\/span><span style=\"font-weight: 400;\">Enviro-Sant\u00e9 est valid\u00e9 par les sp\u00e9cialistes de la sant\u00e9, de Sant\u00e9 Canada et par les sp\u00e9cialistes d&#8217;Environnement Canada et de VERT L&#8217;ACTION.<\/span><\/div>\n<p><!-- .vgblk-rw-wrapper --><\/p>","protected":false},"excerpt":{"rendered":"<p>Age: 8+<\/p>","protected":false},"featured_media":988770,"comment_status":"closed","ping_status":"closed","template":"","meta":{"nf_dc_page":""},"product_brand":[],"product_cat":[54],"product_tag":[],"class_list":{"0":"post-988055","1":"product","2":"type-product","3":"status-publish","4":"has-post-thumbnail","6":"product_cat-environnement-sante","8":"first","9":"instock","10":"shipping-taxable","11":"purchasable","12":"product-type-simple"},"_links":{"self":[{"href":"https:\/\/intellikid.com\/en\/wp-json\/wp\/v2\/product\/988055","targetHints":{"allow":["GET"]}}],"collection":[{"href":"https:\/\/intellikid.com\/en\/wp-json\/wp\/v2\/product"}],"about":[{"href":"https:\/\/intellikid.com\/en\/wp-json\/wp\/v2\/types\/product"}],"replies":[{"embeddable":true,"href":"https:\/\/intellikid.com\/en\/wp-json\/wp\/v2\/comments?post=988055"}],"version-history":[{"count":3,"href":"https:\/\/intellikid.com\/en\/wp-json\/wp\/v2\/product\/988055\/revisions"}],"predecessor-version":[{"id":989078,"href":"https:\/\/intellikid.com\/en\/wp-json\/wp\/v2\/product\/988055\/revisions\/989078"}],"wp:featuredmedia":[{"embeddable":true,"href":"https:\/\/intellikid.com\/en\/wp-json\/wp\/v2\/media\/988770"}],"wp:attachment":[{"href":"https:\/\/intellikid.com\/en\/wp-json\/wp\/v2\/media?parent=988055"}],"wp:term":[{"taxonomy":"product_brand","embeddable":true,"href":"https:\/\/intellikid.com\/en\/wp-json\/wp\/v2\/product_brand?post=988055"},{"taxonomy":"product_cat","embeddable":true,"href":"https:\/\/intellikid.com\/en\/wp-json\/wp\/v2\/product_cat?post=988055"},{"taxonomy":"product_tag","embeddable":true,"href":"https:\/\/intellikid.com\/en\/wp-json\/wp\/v2\/product_tag?post=988055"}],"curies":[{"name":"wp","href":"https:\/\/api.w.org\/{rel}","templated":true}]}}