{"id":988056,"date":"2022-02-26T11:45:05","date_gmt":"2022-02-26T11:45:05","guid":{"rendered":"https:\/\/whatthefont.net\/?post_type=product&#038;p=988056"},"modified":"2022-05-20T09:57:00","modified_gmt":"2022-05-20T09:57:00","slug":"enviro-quiz-wheel-wheel-to-be-placed-on-the-wall","status":"publish","type":"product","link":"https:\/\/intellikid.com\/en\/product\/enviro-quiz-wheel-wheel-to-be-placed-on-the-wall\/","title":{"rendered":"ENVIRO-QUIZ\u201d QUIZ WHEEL ON THE WALL"},"content":{"rendered":"<div class=\"vgblk-rw-wrapper limit-wrapper\"><span style=\"font-weight: 400;\">Cette roue de taille moyenne est sugg\u00e9r\u00e9e pour jouer aux jeux ENVIRO-QUIZ et ENVIRO-SANT\u00c9 avec un groupe plus grand, tel qu&#8217;une classe \u00e0 l&#8217;\u00e9cole, une organisation ou une association faisant de l&#8217;\u00e9ducation relative \u00e0 l&#8217;environnement (ex.: animation avec le public, camps de vacances, services de garde, etc.). Cela permet \u00e0 tous de participer en m\u00eame temps au jeu en suivant les cat\u00e9gories de questions indiqu\u00e9es par la fl\u00e8che de la roue.<\/span><\/p>\n<p><span style=\"font-weight: 400;\">IMPORTANT: LA ROUE INCLUE LES CARTES QUESTIONS\u00a0: ENVIRO-QUIZ ni ENVIRO-SANT\u00c9. Jouez et parlez de l&#8217;environnement et de la sant\u00e9 en ayant du plaisir !!!<\/span><\/div>\n<p><!-- .vgblk-rw-wrapper --><\/p>","protected":false},"excerpt":{"rendered":"<p>Age: 7+<\/p>","protected":false},"featured_media":988774,"comment_status":"closed","ping_status":"closed","template":"","meta":{"nf_dc_page":""},"product_brand":[],"product_cat":[54,61],"product_tag":[],"class_list":{"0":"post-988056","1":"product","2":"type-product","3":"status-publish","4":"has-post-thumbnail","6":"product_cat-environnement-sante","7":"product_cat-roues-de-quiz","9":"first","10":"instock","11":"shipping-taxable","12":"purchasable","13":"product-type-simple"},"_links":{"self":[{"href":"https:\/\/intellikid.com\/en\/wp-json\/wp\/v2\/product\/988056","targetHints":{"allow":["GET"]}}],"collection":[{"href":"https:\/\/intellikid.com\/en\/wp-json\/wp\/v2\/product"}],"about":[{"href":"https:\/\/intellikid.com\/en\/wp-json\/wp\/v2\/types\/product"}],"replies":[{"embeddable":true,"href":"https:\/\/intellikid.com\/en\/wp-json\/wp\/v2\/comments?post=988056"}],"version-history":[{"count":3,"href":"https:\/\/intellikid.com\/en\/wp-json\/wp\/v2\/product\/988056\/revisions"}],"predecessor-version":[{"id":989081,"href":"https:\/\/intellikid.com\/en\/wp-json\/wp\/v2\/product\/988056\/revisions\/989081"}],"wp:featuredmedia":[{"embeddable":true,"href":"https:\/\/intellikid.com\/en\/wp-json\/wp\/v2\/media\/988774"}],"wp:attachment":[{"href":"https:\/\/intellikid.com\/en\/wp-json\/wp\/v2\/media?parent=988056"}],"wp:term":[{"taxonomy":"product_brand","embeddable":true,"href":"https:\/\/intellikid.com\/en\/wp-json\/wp\/v2\/product_brand?post=988056"},{"taxonomy":"product_cat","embeddable":true,"href":"https:\/\/intellikid.com\/en\/wp-json\/wp\/v2\/product_cat?post=988056"},{"taxonomy":"product_tag","embeddable":true,"href":"https:\/\/intellikid.com\/en\/wp-json\/wp\/v2\/product_tag?post=988056"}],"curies":[{"name":"wp","href":"https:\/\/api.w.org\/{rel}","templated":true}]}}