{"id":988060,"date":"2022-02-26T11:42:48","date_gmt":"2022-02-26T11:42:48","guid":{"rendered":"https:\/\/whatthefont.net\/?post_type=product&#038;p=988060"},"modified":"2022-05-20T09:17:20","modified_gmt":"2022-05-20T09:17:20","slug":"enviro-quiz-boite-v2","status":"publish","type":"product","link":"https:\/\/intellikid.com\/en\/product\/enviro-quiz-boite-v2\/","title":{"rendered":"ENVIRO-QUIZ (Game in box)"},"content":{"rendered":"<div class=\"vgblk-rw-wrapper limit-wrapper\"><span style=\"font-weight: 400;\">Enviro-Quiz nous emm\u00e8ne dans un voyage de connaissance et de plaisir.\u00a0C&#8217;est un quiz unique, passionnant et \u00e9ducatif relatif \u00e0 notre plan\u00e8te, notre environnement et les animaux en voie de disparition dans le monde.<\/span><span style=\"font-weight: 400;\"><br \/>\n<\/span><span style=\"font-weight: 400;\">Enviro-Quiz, un jeu environnemental par excellence, pour petits et grands !<\/span><span style=\"font-weight: 400;\"><br \/>\n<\/span><span style=\"font-weight: 400;\">Jouer et parler de l&#8217;environnement dans une atmosph\u00e8re de plaisir et de gaiet\u00e9 est le meilleur moyen de prendre conscience.<\/span><\/p>\n<p><span style=\"font-weight: 400;\">Le jeu ENVIRO-QUIZ contient 216 cartes pr\u00e9sentant 420 questions \u00e0 choix multiples, avec explications des r\u00e9ponses et informations compl\u00e9mentaires. Les cartes de questions sont divis\u00e9es en trois cat\u00e9gories : 140 questions sur les probl\u00e8mes environnementaux, 140 questions sur les solutions pour l&#8217;environnement et 140 questions sur les esp\u00e8ces menac\u00e9es. Sur chaque carte il y a 2 questions, une facile (8 \u00e0 10 ans) et une difficile (11 ans et plus). De nombreuses questions sont illustr\u00e9es. Chaque cat\u00e9gorie est subdivis\u00e9e par th\u00e8me : l&#8217;eau, l&#8217;air, le sol, les animaux et les plantes, les d\u00e9chets, l&#8217;\u00e9nergie et la production humaine. Il y a aussi 6 cartes joker, une roue de quiz, un carnet de score et un livret d&#8217;instructions pour deux jeux de base, le jeu ENVIRO-QUIZ et le jeu SOS PLANET TERRE.<\/span><\/div>\n<p><!-- .vgblk-rw-wrapper --><\/p>","protected":false},"excerpt":{"rendered":"<p>Age : 8-99<\/p>","protected":false},"featured_media":988811,"comment_status":"closed","ping_status":"closed","template":"","meta":{"nf_dc_page":""},"product_brand":[],"product_cat":[54],"product_tag":[],"class_list":{"0":"post-988060","1":"product","2":"type-product","3":"status-publish","4":"has-post-thumbnail","6":"product_cat-environnement-sante","8":"first","9":"instock","10":"shipping-taxable","11":"purchasable","12":"product-type-simple"},"_links":{"self":[{"href":"https:\/\/intellikid.com\/en\/wp-json\/wp\/v2\/product\/988060","targetHints":{"allow":["GET"]}}],"collection":[{"href":"https:\/\/intellikid.com\/en\/wp-json\/wp\/v2\/product"}],"about":[{"href":"https:\/\/intellikid.com\/en\/wp-json\/wp\/v2\/types\/product"}],"replies":[{"embeddable":true,"href":"https:\/\/intellikid.com\/en\/wp-json\/wp\/v2\/comments?post=988060"}],"version-history":[{"count":4,"href":"https:\/\/intellikid.com\/en\/wp-json\/wp\/v2\/product\/988060\/revisions"}],"predecessor-version":[{"id":989077,"href":"https:\/\/intellikid.com\/en\/wp-json\/wp\/v2\/product\/988060\/revisions\/989077"}],"wp:featuredmedia":[{"embeddable":true,"href":"https:\/\/intellikid.com\/en\/wp-json\/wp\/v2\/media\/988811"}],"wp:attachment":[{"href":"https:\/\/intellikid.com\/en\/wp-json\/wp\/v2\/media?parent=988060"}],"wp:term":[{"taxonomy":"product_brand","embeddable":true,"href":"https:\/\/intellikid.com\/en\/wp-json\/wp\/v2\/product_brand?post=988060"},{"taxonomy":"product_cat","embeddable":true,"href":"https:\/\/intellikid.com\/en\/wp-json\/wp\/v2\/product_cat?post=988060"},{"taxonomy":"product_tag","embeddable":true,"href":"https:\/\/intellikid.com\/en\/wp-json\/wp\/v2\/product_tag?post=988060"}],"curies":[{"name":"wp","href":"https:\/\/api.w.org\/{rel}","templated":true}]}}