{"id":988070,"date":"2022-02-26T11:54:48","date_gmt":"2022-02-26T11:54:48","guid":{"rendered":"https:\/\/whatthefont.net\/?post_type=product&#038;p=988070"},"modified":"2022-05-20T11:02:14","modified_gmt":"2022-05-20T11:02:14","slug":"dangerous-bird","status":"publish","type":"product","link":"https:\/\/intellikid.com\/en\/product\/dangerous-bird\/","title":{"rendered":"BALANCING BIRD"},"content":{"rendered":"<div class=\"vgblk-rw-wrapper limit-wrapper\"><span style=\"font-weight: 400;\">UN OISEAU QUI D\u00c9FIE LA GRAVITE !<\/span><span style=\"font-weight: 400;\"><br \/>\n<\/span><span style=\"font-weight: 400;\">Eh oui, le centre de gravit\u00e9 peut nous jouer des tours. Ce gadget en forme d&#8217;oiseau est soigneusement \u00e9tudi\u00e9 pour que son centre de gravit\u00e9 soit exactement \u00e0 la pointe de son bec.<\/span><\/p>\n<p><span style=\"font-weight: 400;\"><br \/>\n<\/span><span style=\"font-weight: 400;\">C&#8217;est bien s\u00fbr la position des ailes qui fait le &#8220;truc&#8221;<\/span><\/div>\n<p><!-- .vgblk-rw-wrapper --><\/p>","protected":false},"excerpt":{"rendered":"<p>Age: 3<\/p>","protected":false},"featured_media":988743,"comment_status":"closed","ping_status":"closed","template":"","meta":{"nf_dc_page":""},"product_brand":[],"product_cat":[59],"product_tag":[],"class_list":{"0":"post-988070","1":"product","2":"type-product","3":"status-publish","4":"has-post-thumbnail","6":"product_cat-sciences","8":"first","9":"instock","10":"shipping-taxable","11":"purchasable","12":"product-type-simple"},"_links":{"self":[{"href":"https:\/\/intellikid.com\/en\/wp-json\/wp\/v2\/product\/988070","targetHints":{"allow":["GET"]}}],"collection":[{"href":"https:\/\/intellikid.com\/en\/wp-json\/wp\/v2\/product"}],"about":[{"href":"https:\/\/intellikid.com\/en\/wp-json\/wp\/v2\/types\/product"}],"replies":[{"embeddable":true,"href":"https:\/\/intellikid.com\/en\/wp-json\/wp\/v2\/comments?post=988070"}],"version-history":[{"count":3,"href":"https:\/\/intellikid.com\/en\/wp-json\/wp\/v2\/product\/988070\/revisions"}],"predecessor-version":[{"id":989095,"href":"https:\/\/intellikid.com\/en\/wp-json\/wp\/v2\/product\/988070\/revisions\/989095"}],"wp:featuredmedia":[{"embeddable":true,"href":"https:\/\/intellikid.com\/en\/wp-json\/wp\/v2\/media\/988743"}],"wp:attachment":[{"href":"https:\/\/intellikid.com\/en\/wp-json\/wp\/v2\/media?parent=988070"}],"wp:term":[{"taxonomy":"product_brand","embeddable":true,"href":"https:\/\/intellikid.com\/en\/wp-json\/wp\/v2\/product_brand?post=988070"},{"taxonomy":"product_cat","embeddable":true,"href":"https:\/\/intellikid.com\/en\/wp-json\/wp\/v2\/product_cat?post=988070"},{"taxonomy":"product_tag","embeddable":true,"href":"https:\/\/intellikid.com\/en\/wp-json\/wp\/v2\/product_tag?post=988070"}],"curies":[{"name":"wp","href":"https:\/\/api.w.org\/{rel}","templated":true}]}}