{"id":988081,"date":"2022-02-26T11:59:35","date_gmt":"2022-02-26T11:59:35","guid":{"rendered":"https:\/\/whatthefont.net\/?post_type=product&#038;p=988081"},"modified":"2022-05-20T11:28:07","modified_gmt":"2022-05-20T11:28:07","slug":"jumping-peas-the-tube-available-from-15-sp","status":"publish","type":"product","link":"https:\/\/intellikid.com\/en\/product\/jumping-peas-the-tube-available-from-15-sp\/","title":{"rendered":"TUBE DE &#8220;POIS SAUTEURS MEXICAINS&#8221;"},"content":{"rendered":"<div class=\"vgblk-rw-wrapper limit-wrapper\"><span style=\"font-weight: 400;\">e tube contient: environ 10 pois sauteurs, les instructions, un guide p\u00e9dagogique et une planche de jeux.\u00a0<\/span><\/p>\n<p><span style=\"font-weight: 400;\"><br \/>\n<\/span><span style=\"font-weight: 400;\">Pour commencer, observez et \u00e9tudiez cette cr\u00e9ature fascinante et unique. Explorez diff\u00e9rentes hypoth\u00e8ses : le pois sauteur est un animal; le pois sauteur est un fruit; le pois sauteur est un v\u00e9g\u00e9tal; le pois sauteur est \u2026 <\/span><span style=\"font-weight: 400;\"><br \/>\n<\/span><span style=\"font-weight: 400;\"><br \/>\n<\/span><span style=\"font-weight: 400;\">\u00c0 la fin de l&#8217;exploration et de l&#8217;observation des pois sauteurs mexicains, les joueurs utilisent la petite planche de jeu fournie et placent chacun un pois sauteur dans le cercle du milieu. C&#8217;est surtout un jeu de hasard. Les pois sauteurs vont commencer leur course vers les ellipses en sautillant ou en bougeant dans diff\u00e9rentes directions au hasard.<\/span><\/p>\n<p><span style=\"font-weight: 400;\">Gagnant : le pois sauteur gagnant est celui qui a atteint le plus grand nombre \u00e0 la fin \u00e9crit en rouge sur la planchette de jeu.<\/span><span style=\"font-weight: 400;\"><\/p>\n<p><\/span><\/p>\n<p><span style=\"font-weight: 400;\">Les r\u00e8glements fournissent des id\u00e9es d\u2019exp\u00e9riences et de jeux qu\u2019on peut r\u00e9aliser avec les POIS SAUTEURS MEXICAINS.<\/span><\/div>\n<p><!-- .vgblk-rw-wrapper --><\/p>","protected":false},"excerpt":{"rendered":"<p>Age: 6+<\/p>","protected":false},"featured_media":988756,"comment_status":"closed","ping_status":"closed","template":"","meta":{"nf_dc_page":""},"product_brand":[],"product_cat":[59],"product_tag":[],"class_list":{"0":"post-988081","1":"product","2":"type-product","3":"status-publish","4":"has-post-thumbnail","6":"product_cat-sciences","8":"first","9":"instock","10":"shipping-taxable","11":"purchasable","12":"product-type-simple"},"_links":{"self":[{"href":"https:\/\/intellikid.com\/en\/wp-json\/wp\/v2\/product\/988081","targetHints":{"allow":["GET"]}}],"collection":[{"href":"https:\/\/intellikid.com\/en\/wp-json\/wp\/v2\/product"}],"about":[{"href":"https:\/\/intellikid.com\/en\/wp-json\/wp\/v2\/types\/product"}],"replies":[{"embeddable":true,"href":"https:\/\/intellikid.com\/en\/wp-json\/wp\/v2\/comments?post=988081"}],"version-history":[{"count":3,"href":"https:\/\/intellikid.com\/en\/wp-json\/wp\/v2\/product\/988081\/revisions"}],"predecessor-version":[{"id":989100,"href":"https:\/\/intellikid.com\/en\/wp-json\/wp\/v2\/product\/988081\/revisions\/989100"}],"wp:featuredmedia":[{"embeddable":true,"href":"https:\/\/intellikid.com\/en\/wp-json\/wp\/v2\/media\/988756"}],"wp:attachment":[{"href":"https:\/\/intellikid.com\/en\/wp-json\/wp\/v2\/media?parent=988081"}],"wp:term":[{"taxonomy":"product_brand","embeddable":true,"href":"https:\/\/intellikid.com\/en\/wp-json\/wp\/v2\/product_brand?post=988081"},{"taxonomy":"product_cat","embeddable":true,"href":"https:\/\/intellikid.com\/en\/wp-json\/wp\/v2\/product_cat?post=988081"},{"taxonomy":"product_tag","embeddable":true,"href":"https:\/\/intellikid.com\/en\/wp-json\/wp\/v2\/product_tag?post=988081"}],"curies":[{"name":"wp","href":"https:\/\/api.w.org\/{rel}","templated":true}]}}