{"id":988087,"date":"2022-02-26T11:57:39","date_gmt":"2022-02-26T11:57:39","guid":{"rendered":"https:\/\/whatthefont.net\/?post_type=product&#038;p=988087"},"modified":"2022-05-20T10:49:01","modified_gmt":"2022-05-20T10:49:01","slug":"dinosaurs-delight","status":"publish","type":"product","link":"https:\/\/intellikid.com\/en\/product\/dinosaurs-delight\/","title":{"rendered":"DINOSAURS DELIGHT KIT"},"content":{"rendered":"<div class=\"vgblk-rw-wrapper limit-wrapper\"><span style=\"font-weight: 400;\">Cette merveille unique en son genre vit sur Terre depuis plus de 290 millions d&#8217;ann\u00e9es et a la capacit\u00e9 de &#8220;revenir \u00e0 la vie&#8221; encore et encore pendant des centaines d&#8217;ann\u00e9es !<\/span><\/p>\n<p><span style=\"font-weight: 400;\">Placez cette boule de feuillage apparemment morte dans l&#8217;eau et en quelques heures elle se transforme en un feuillage persistant vert vif !<\/span><\/p>\n<p>&nbsp;<\/p>\n<p><span style=\"font-weight: 400;\">Laissez-le s\u00e9cher et il reviendra \u00e0 l&#8217;\u00e9tat sec, comme il \u00e9tait avant. Ce sp\u00e9cimen fantastique peut hiberner jusqu&#8217;\u00e0 cinquante ans et reprend vie chaque fois qu&#8217;on lui donne de l&#8217;eau.<\/span><span style=\"font-weight: 400;\"><\/p>\n<p><\/span><\/p>\n<p><span style=\"font-weight: 400;\">Cette plante, une esp\u00e8ce de foug\u00e8re, \u00e9taient de diff\u00e9rentes tailles dans la p\u00e9riode des dinosaures, et elle fut leur d\u00e9lice pendant des millions d&#8217;ann\u00e9e.<\/span><\/div>\n<p><!-- .vgblk-rw-wrapper --><\/p>","protected":false},"excerpt":{"rendered":"<p>Age: 5<\/p>","protected":false},"featured_media":988731,"comment_status":"closed","ping_status":"closed","template":"","meta":{"nf_dc_page":""},"product_brand":[],"product_cat":[57,59],"product_tag":[],"class_list":{"0":"post-988087","1":"product","2":"type-product","3":"status-publish","4":"has-post-thumbnail","6":"product_cat-geographie-dinosaures","7":"product_cat-sciences","9":"first","10":"instock","11":"shipping-taxable","12":"purchasable","13":"product-type-simple"},"_links":{"self":[{"href":"https:\/\/intellikid.com\/en\/wp-json\/wp\/v2\/product\/988087","targetHints":{"allow":["GET"]}}],"collection":[{"href":"https:\/\/intellikid.com\/en\/wp-json\/wp\/v2\/product"}],"about":[{"href":"https:\/\/intellikid.com\/en\/wp-json\/wp\/v2\/types\/product"}],"replies":[{"embeddable":true,"href":"https:\/\/intellikid.com\/en\/wp-json\/wp\/v2\/comments?post=988087"}],"version-history":[{"count":3,"href":"https:\/\/intellikid.com\/en\/wp-json\/wp\/v2\/product\/988087\/revisions"}],"predecessor-version":[{"id":989093,"href":"https:\/\/intellikid.com\/en\/wp-json\/wp\/v2\/product\/988087\/revisions\/989093"}],"wp:featuredmedia":[{"embeddable":true,"href":"https:\/\/intellikid.com\/en\/wp-json\/wp\/v2\/media\/988731"}],"wp:attachment":[{"href":"https:\/\/intellikid.com\/en\/wp-json\/wp\/v2\/media?parent=988087"}],"wp:term":[{"taxonomy":"product_brand","embeddable":true,"href":"https:\/\/intellikid.com\/en\/wp-json\/wp\/v2\/product_brand?post=988087"},{"taxonomy":"product_cat","embeddable":true,"href":"https:\/\/intellikid.com\/en\/wp-json\/wp\/v2\/product_cat?post=988087"},{"taxonomy":"product_tag","embeddable":true,"href":"https:\/\/intellikid.com\/en\/wp-json\/wp\/v2\/product_tag?post=988087"}],"curies":[{"name":"wp","href":"https:\/\/api.w.org\/{rel}","templated":true}]}}