{"id":988100,"date":"2022-02-26T14:49:40","date_gmt":"2022-02-26T14:49:40","guid":{"rendered":"https:\/\/whatthefont.net\/?post_type=product&#038;p=988100"},"modified":"2022-05-20T10:14:01","modified_gmt":"2022-05-20T10:14:01","slug":"star-pearls","status":"publish","type":"product","link":"https:\/\/intellikid.com\/en\/product\/star-pearls\/","title":{"rendered":"&#8220;PERLES DES \u00c9TOILES&#8221;"},"content":{"rendered":"<div class=\"vgblk-rw-wrapper limit-wrapper\"><span style=\"font-weight: 400;\">Observez avec fascination ces perles changer compl\u00e8tement de couleur au soleil, en quelques secondes !\u00a0Ces billes peuvent changer de couleur jusqu&#8217;\u00e0 50 000 fois et plus !<\/span><\/p>\n<p><span style=\"font-weight: 400;\">\u00a0<\/span><\/p>\n<p><span style=\"font-weight: 400;\">Les PERLES DES \u00c9TOILES ressemblent \u00e0 des perles blanches ordinaires sous la lumi\u00e8re d&#8217;une lampe ordinaire, mais elles prennent des couleurs diff\u00e9rentes lorsqu&#8217;elles sont expos\u00e9es au soleil.\u00a0En effet, ils r\u00e9agissent aux rayons ultraviolets du soleil.\u00a0Quant aux perles noires, il s&#8217;agit de perles d\u00e9coratives ordinaires, que vous pouvez m\u00e9langer aux autres pour rendre vos bijoux encore plus beaux.<\/span><\/p>\n<p><span style=\"font-weight: 400;\">\u00a0<\/span><\/p>\n<p><span style=\"font-weight: 400;\">Contenu : environ 40 perles \u00e9toiles blanches, environ 40 perles noires, un lacet fluo pour r\u00e9aliser un bracelet, un collier, ou des d\u00e9corations dans les cheveux.\u00a0Il y a aussi des instructions proposant plusieurs activit\u00e9s scientifiques tr\u00e8s int\u00e9ressantes avec des billes et des rayons UV.<\/span><\/div>\n<p><!-- .vgblk-rw-wrapper --><\/p>","protected":false},"excerpt":{"rendered":"<p>Age: 6+<\/p>","protected":false},"featured_media":988733,"comment_status":"closed","ping_status":"closed","template":"","meta":{"nf_dc_page":""},"product_brand":[],"product_cat":[59],"product_tag":[],"class_list":{"0":"post-988100","1":"product","2":"type-product","3":"status-publish","4":"has-post-thumbnail","6":"product_cat-sciences","8":"first","9":"instock","10":"shipping-taxable","11":"purchasable","12":"product-type-simple"},"_links":{"self":[{"href":"https:\/\/intellikid.com\/en\/wp-json\/wp\/v2\/product\/988100","targetHints":{"allow":["GET"]}}],"collection":[{"href":"https:\/\/intellikid.com\/en\/wp-json\/wp\/v2\/product"}],"about":[{"href":"https:\/\/intellikid.com\/en\/wp-json\/wp\/v2\/types\/product"}],"replies":[{"embeddable":true,"href":"https:\/\/intellikid.com\/en\/wp-json\/wp\/v2\/comments?post=988100"}],"version-history":[{"count":3,"href":"https:\/\/intellikid.com\/en\/wp-json\/wp\/v2\/product\/988100\/revisions"}],"predecessor-version":[{"id":989085,"href":"https:\/\/intellikid.com\/en\/wp-json\/wp\/v2\/product\/988100\/revisions\/989085"}],"wp:featuredmedia":[{"embeddable":true,"href":"https:\/\/intellikid.com\/en\/wp-json\/wp\/v2\/media\/988733"}],"wp:attachment":[{"href":"https:\/\/intellikid.com\/en\/wp-json\/wp\/v2\/media?parent=988100"}],"wp:term":[{"taxonomy":"product_brand","embeddable":true,"href":"https:\/\/intellikid.com\/en\/wp-json\/wp\/v2\/product_brand?post=988100"},{"taxonomy":"product_cat","embeddable":true,"href":"https:\/\/intellikid.com\/en\/wp-json\/wp\/v2\/product_cat?post=988100"},{"taxonomy":"product_tag","embeddable":true,"href":"https:\/\/intellikid.com\/en\/wp-json\/wp\/v2\/product_tag?post=988100"}],"curies":[{"name":"wp","href":"https:\/\/api.w.org\/{rel}","templated":true}]}}