{"id":988101,"date":"2022-02-26T14:48:07","date_gmt":"2022-02-26T14:48:07","guid":{"rendered":"https:\/\/whatthefont.net\/?post_type=product&#038;p=988101"},"modified":"2022-05-20T10:57:12","modified_gmt":"2022-05-20T10:57:12","slug":"space-snow","status":"publish","type":"product","link":"https:\/\/intellikid.com\/en\/product\/space-snow\/","title":{"rendered":"SPACE SNOW"},"content":{"rendered":"<div class=\"vgblk-rw-wrapper limit-wrapper\"><span style=\"font-weight: 400;\">Avec de la poudre de NEIGE DE L&#8217;ESPACE vous pouvez faire de la neige instantan\u00e9ment! Elle se garde pendant des semaines ! Elle est r\u00e9utilisable! Gonfle environ 100 fois de son volume initial! N\u2019ajoutez que de l\u2019eau! Elle brille et scintille et ressemble \u00e0 de la vraie neige!<\/span><span style=\"font-weight: 400;\"><br \/>\n<\/span><span style=\"font-weight: 400;\"><br \/>\n<\/span><span style=\"font-weight: 400;\">Contenu du Tube de NEIGE DE L\u2019ESPACE : le tube contient entre 35 et 45 g de la poudre de Neige de l\u2019Espace, une cuill\u00e8re \u00e0 th\u00e9 pour mesurer et des instructions pour faire des exp\u00e9riences tr\u00e8s &#8220;cool&#8221;.<\/span><\/p>\n<p><span style=\"font-weight: 400;\">Utilisations de la Neige de l\u2019Espace : La ressemblance avec la vraie neige est si frappante que la Neige de l\u2019Espace est utilis\u00e9e sur les plateaux de tournage de films, sur les pentes \u00e0 planches \u00e0 neige ou pour faire des d\u00e9corations hivernales en \u00e9t\u00e9. La neige peut aussi \u00eatre utilis\u00e9e pour des occasions sp\u00e9ciales : les anniversaires, les mariages, pi\u00e8ces de th\u00e9\u00e2tre, spectacles, temples et \u00e9glises, pour les d\u00e9corations de No\u00ebl, et bien d\u2019autres.<\/span><span style=\"font-weight: 400;\"><br \/>\n<\/span><span style=\"font-weight: 400;\"><br \/>\n<\/span><span style=\"font-weight: 400;\">Le feuillet d&#8217;instructions sugg\u00e8re plusieurs exp\u00e9riences scientifiques tr\u00e8s, tr\u00e8s &#8220;cool&#8217; du niveau primaire et secondaire.<\/span><\/div>\n<p><!-- .vgblk-rw-wrapper --><\/p>","protected":false},"excerpt":{"rendered":"<p>Age: 4+<\/p>","protected":false},"featured_media":988735,"comment_status":"closed","ping_status":"closed","template":"","meta":{"nf_dc_page":""},"product_brand":[],"product_cat":[59],"product_tag":[],"class_list":{"0":"post-988101","1":"product","2":"type-product","3":"status-publish","4":"has-post-thumbnail","6":"product_cat-sciences","8":"first","9":"instock","10":"shipping-taxable","11":"purchasable","12":"product-type-simple"},"_links":{"self":[{"href":"https:\/\/intellikid.com\/en\/wp-json\/wp\/v2\/product\/988101","targetHints":{"allow":["GET"]}}],"collection":[{"href":"https:\/\/intellikid.com\/en\/wp-json\/wp\/v2\/product"}],"about":[{"href":"https:\/\/intellikid.com\/en\/wp-json\/wp\/v2\/types\/product"}],"replies":[{"embeddable":true,"href":"https:\/\/intellikid.com\/en\/wp-json\/wp\/v2\/comments?post=988101"}],"version-history":[{"count":3,"href":"https:\/\/intellikid.com\/en\/wp-json\/wp\/v2\/product\/988101\/revisions"}],"predecessor-version":[{"id":989094,"href":"https:\/\/intellikid.com\/en\/wp-json\/wp\/v2\/product\/988101\/revisions\/989094"}],"wp:featuredmedia":[{"embeddable":true,"href":"https:\/\/intellikid.com\/en\/wp-json\/wp\/v2\/media\/988735"}],"wp:attachment":[{"href":"https:\/\/intellikid.com\/en\/wp-json\/wp\/v2\/media?parent=988101"}],"wp:term":[{"taxonomy":"product_brand","embeddable":true,"href":"https:\/\/intellikid.com\/en\/wp-json\/wp\/v2\/product_brand?post=988101"},{"taxonomy":"product_cat","embeddable":true,"href":"https:\/\/intellikid.com\/en\/wp-json\/wp\/v2\/product_cat?post=988101"},{"taxonomy":"product_tag","embeddable":true,"href":"https:\/\/intellikid.com\/en\/wp-json\/wp\/v2\/product_tag?post=988101"}],"curies":[{"name":"wp","href":"https:\/\/api.w.org\/{rel}","templated":true}]}}