{"id":988111,"date":"2022-02-26T14:58:16","date_gmt":"2022-02-26T14:58:16","guid":{"rendered":"https:\/\/whatthefont.net\/?post_type=product&#038;p=988111"},"modified":"2022-05-20T10:25:03","modified_gmt":"2022-05-20T10:25:03","slug":"triops-creature-sample-12-units","status":"publish","type":"product","link":"https:\/\/intellikid.com\/en\/product\/triops-creature-sample-12-units\/","title":{"rendered":"&#8220;TRIOPS CR\u00c9ATURES&#8221; &#8211; 12 TUBES."},"content":{"rendered":"<div class=\"vgblk-rw-wrapper limit-wrapper\"><b>TRIOPS CR\u00c9ATURE \u00c9PROUVETTE &#8211; 12 UNIT\u00c9S,<\/b><span style=\"font-weight: 400;\"> dans un pr\u00e9sentoir.<\/span><\/p>\n<p><span style=\"font-weight: 400;\">Les incroyables TRIOPS datent du temps des dinosaures. L&#8217;ensemble contient des oeufs de triops, de la nourriture, une loupe et une r\u00e9glette, un thermom\u00e8tre. Les \u0153ufs de triops se trouvent dans un \u00e9tat d&#8217;hibernation et peuvent rester sous cette forme pendant des ann\u00e9es. Ils \u00e9closent en dedans de 48 heures et grandissent tr\u00e8s vite. L&#8217;ensemble scientifique TRIOPS est un outil p\u00e9dagogique puissant pour favoriser le d\u00e9veloppement des comp\u00e9tences en sciences : formuler des observations, \u00e9mettre des hypoth\u00e8ses, utiliser l&#8217;esprit critique, etc. L&#8217;exp\u00e9rience avec les triops est unique, excitante et bien vivante que vous n&#8217;oublierez jamais, ni vos \u00e9l\u00e8ves!<\/span><\/p>\n<p>&nbsp;<\/p>\n<p><span style=\"font-weight: 400;\">Les personnes qui recherchent des cadeaux surprenants, palpitants, uniques et tr\u00e8s abordables, seront combl\u00e9s par ce petit kit de TRIOPS.\u00a0 Chaque \u00e9prouvette contient tout ce qui est n\u00e9cessaire pour faire l\u2019\u00e9levage de ces animaux pr\u00e9historiques, qui doublent de taille chaque jour, qui font des culbutes acrobatiques, enseignent les sciences et qui sont tr\u00e8s amusants \u00e0 observer.<\/span><\/div>\n<p><!-- .vgblk-rw-wrapper --><\/p>","protected":false},"excerpt":{"rendered":"<p>Age: 6 more<\/p>","protected":false},"featured_media":988679,"comment_status":"closed","ping_status":"closed","template":"","meta":{"nf_dc_page":""},"product_brand":[],"product_cat":[57,59],"product_tag":[],"class_list":{"0":"post-988111","1":"product","2":"type-product","3":"status-publish","4":"has-post-thumbnail","6":"product_cat-geographie-dinosaures","7":"product_cat-sciences","9":"first","10":"instock","11":"shipping-taxable","12":"purchasable","13":"product-type-simple"},"_links":{"self":[{"href":"https:\/\/intellikid.com\/en\/wp-json\/wp\/v2\/product\/988111","targetHints":{"allow":["GET"]}}],"collection":[{"href":"https:\/\/intellikid.com\/en\/wp-json\/wp\/v2\/product"}],"about":[{"href":"https:\/\/intellikid.com\/en\/wp-json\/wp\/v2\/types\/product"}],"replies":[{"embeddable":true,"href":"https:\/\/intellikid.com\/en\/wp-json\/wp\/v2\/comments?post=988111"}],"version-history":[{"count":3,"href":"https:\/\/intellikid.com\/en\/wp-json\/wp\/v2\/product\/988111\/revisions"}],"predecessor-version":[{"id":989087,"href":"https:\/\/intellikid.com\/en\/wp-json\/wp\/v2\/product\/988111\/revisions\/989087"}],"wp:featuredmedia":[{"embeddable":true,"href":"https:\/\/intellikid.com\/en\/wp-json\/wp\/v2\/media\/988679"}],"wp:attachment":[{"href":"https:\/\/intellikid.com\/en\/wp-json\/wp\/v2\/media?parent=988111"}],"wp:term":[{"taxonomy":"product_brand","embeddable":true,"href":"https:\/\/intellikid.com\/en\/wp-json\/wp\/v2\/product_brand?post=988111"},{"taxonomy":"product_cat","embeddable":true,"href":"https:\/\/intellikid.com\/en\/wp-json\/wp\/v2\/product_cat?post=988111"},{"taxonomy":"product_tag","embeddable":true,"href":"https:\/\/intellikid.com\/en\/wp-json\/wp\/v2\/product_tag?post=988111"}],"curies":[{"name":"wp","href":"https:\/\/api.w.org\/{rel}","templated":true}]}}