{"id":988128,"date":"2022-02-26T15:06:30","date_gmt":"2022-02-26T15:06:30","guid":{"rendered":"https:\/\/whatthefont.net\/?post_type=product&#038;p=988128"},"modified":"2022-05-21T13:55:37","modified_gmt":"2022-05-21T13:55:37","slug":"optical-illusion-cards-series-1","status":"publish","type":"product","link":"https:\/\/intellikid.com\/en\/product\/optical-illusion-cards-series-1\/","title":{"rendered":"&#8220;CARTES \u00c0 JOUER&#8221; AVEC ILLUSIONS D&#8217;OPTIQUE."},"content":{"rendered":"<div class=\"vgblk-rw-wrapper limit-wrapper\">Jeu de 52 cartes \u00e0 jouer : Pouvez-vous en croire vos yeux ? Il s&#8217;agit d&#8217;un ensemble de cartes \u00e0 jouer, chacune comportant 52 illustrations d&#8217;illusion d&#8217;optique diff\u00e9rentes dans diff\u00e9rentes cat\u00e9gories.<\/p>\n<p>Avec ce magnifique jeu de 52 cartes illustr\u00e9es, les joueurs peuvent exp\u00e9rimenter la r\u00e9alit\u00e9 de la perception, qu&#8217;ils peuvent transposer dans leur vie r\u00e9elle.<br \/>\nLa perception est souvent une notion abstraite, surtout pour les enfants. A travers ces images, ils apprendront \u00e0 mieux comprendre et \u00e0 se rendre compte que plusieurs perceptions diff\u00e9rentes d&#8217;une m\u00eame r\u00e9alit\u00e9 peuvent exister, et qu&#8217;elles doivent \u00eatre v\u00e9rifi\u00e9es et valid\u00e9es afin d&#8217;\u00e9viter les malentendus.<br \/>\nChaque illustration offre la possibilit\u00e9 de percevoir plus d&#8217;une image, mais vous ne pouvez voir qu&#8217;une seule image \u00e0 la fois. Ces exemples concrets peuvent inspirer les \u00e9l\u00e8ves et l&#8217;enseignant dans la pr\u00e9paration de sc\u00e9narios sur la r\u00e9solution de conflits ou de malentendus.<br \/>\nChaque type d&#8217;illusion est scientifiquement expliqu\u00e9. Bien s\u00fbr, les cartes peuvent \u00e9galement \u00eatre utilis\u00e9es pour jouer \u00e0 des jeux classiques, comme avec les cartes \u00e0 jouer ordinaires.<\/p><\/div>\n<p><!-- .vgblk-rw-wrapper --><\/p>","protected":false},"excerpt":{"rendered":"<p>Age: 7+<\/p>","protected":false},"featured_media":988710,"comment_status":"closed","ping_status":"closed","template":"","meta":{"nf_dc_page":""},"product_brand":[],"product_cat":[62],"product_tag":[],"class_list":{"0":"post-988128","1":"product","2":"type-product","3":"status-publish","4":"has-post-thumbnail","6":"product_cat-divers","8":"first","9":"instock","10":"shipping-taxable","11":"purchasable","12":"product-type-simple"},"_links":{"self":[{"href":"https:\/\/intellikid.com\/en\/wp-json\/wp\/v2\/product\/988128","targetHints":{"allow":["GET"]}}],"collection":[{"href":"https:\/\/intellikid.com\/en\/wp-json\/wp\/v2\/product"}],"about":[{"href":"https:\/\/intellikid.com\/en\/wp-json\/wp\/v2\/types\/product"}],"replies":[{"embeddable":true,"href":"https:\/\/intellikid.com\/en\/wp-json\/wp\/v2\/comments?post=988128"}],"version-history":[{"count":4,"href":"https:\/\/intellikid.com\/en\/wp-json\/wp\/v2\/product\/988128\/revisions"}],"predecessor-version":[{"id":988709,"href":"https:\/\/intellikid.com\/en\/wp-json\/wp\/v2\/product\/988128\/revisions\/988709"}],"wp:featuredmedia":[{"embeddable":true,"href":"https:\/\/intellikid.com\/en\/wp-json\/wp\/v2\/media\/988710"}],"wp:attachment":[{"href":"https:\/\/intellikid.com\/en\/wp-json\/wp\/v2\/media?parent=988128"}],"wp:term":[{"taxonomy":"product_brand","embeddable":true,"href":"https:\/\/intellikid.com\/en\/wp-json\/wp\/v2\/product_brand?post=988128"},{"taxonomy":"product_cat","embeddable":true,"href":"https:\/\/intellikid.com\/en\/wp-json\/wp\/v2\/product_cat?post=988128"},{"taxonomy":"product_tag","embeddable":true,"href":"https:\/\/intellikid.com\/en\/wp-json\/wp\/v2\/product_tag?post=988128"}],"curies":[{"name":"wp","href":"https:\/\/api.w.org\/{rel}","templated":true}]}}