{"id":988921,"date":"2022-04-05T11:13:25","date_gmt":"2022-04-05T11:13:25","guid":{"rendered":"https:\/\/test.pakistanscholars.com\/?post_type=product&#038;p=988921"},"modified":"2022-05-27T15:44:33","modified_gmt":"2022-05-27T15:44:33","slug":"set-of-three-3-basic-wheels-two-themed-one-metal","status":"publish","type":"product","link":"https:\/\/intellikid.com\/en\/product\/set-of-three-3-basic-wheels-two-themed-one-metal\/","title":{"rendered":"3 WHEELS (BASIC KIT"},"content":{"rendered":"<div class=\"vgblk-rw-wrapper limit-wrapper\"><span style=\"font-weight: 400;\">ENSEMBLE DE BASE DE 3 ROUES MOYENNES comprend deux roues th\u00e9matiques (au choix) et une roue en m\u00e9tal (bleu ou une autre couleur), un tr\u00e9pied, le noyau central, le claqueur, et un grand sac. Sur l&#8217;image ci-contre, vous avez deux roues blanches que vous pouvez remplacer par deux roues th\u00e9matiques \u00e0 votre choix, parmi celles qui sont disponibles.\u00a0<\/span><\/p>\n<p>&nbsp;<\/p>\n<p><span style=\"font-weight: 400;\">Les roues th\u00e9matiques disponibles sont les suivantes : ENVIRONNEMENT (ENVIRO-QUIZ), recyclage (3RV), BIODIVERSIT\u00c9, SAINES HABITUDES DE VIE, S\u00c9CURIT\u00c9, DIVERSIT\u00c9 CULTURELLE, FOR\u00caT EN JEU, et ROUE DE LA CHANCE, En plus de ces deux roues th\u00e9matiques incluses dans l\u2019ensemble de base, il est possible de vous procurer des roues suppl\u00e9mentaires.<\/span><\/div>\n<p><!-- .vgblk-rw-wrapper --><\/p>","protected":false},"excerpt":{"rendered":"<p>7+<\/p>","protected":false},"featured_media":988961,"comment_status":"closed","ping_status":"closed","template":"","meta":{"nf_dc_page":""},"product_brand":[],"product_cat":[61],"product_tag":[],"class_list":{"0":"post-988921","1":"product","2":"type-product","3":"status-publish","4":"has-post-thumbnail","6":"product_cat-roues-de-quiz","8":"first","9":"instock","10":"shipping-taxable","11":"purchasable","12":"product-type-simple"},"_links":{"self":[{"href":"https:\/\/intellikid.com\/en\/wp-json\/wp\/v2\/product\/988921","targetHints":{"allow":["GET"]}}],"collection":[{"href":"https:\/\/intellikid.com\/en\/wp-json\/wp\/v2\/product"}],"about":[{"href":"https:\/\/intellikid.com\/en\/wp-json\/wp\/v2\/types\/product"}],"replies":[{"embeddable":true,"href":"https:\/\/intellikid.com\/en\/wp-json\/wp\/v2\/comments?post=988921"}],"version-history":[{"count":3,"href":"https:\/\/intellikid.com\/en\/wp-json\/wp\/v2\/product\/988921\/revisions"}],"predecessor-version":[{"id":989166,"href":"https:\/\/intellikid.com\/en\/wp-json\/wp\/v2\/product\/988921\/revisions\/989166"}],"wp:featuredmedia":[{"embeddable":true,"href":"https:\/\/intellikid.com\/en\/wp-json\/wp\/v2\/media\/988961"}],"wp:attachment":[{"href":"https:\/\/intellikid.com\/en\/wp-json\/wp\/v2\/media?parent=988921"}],"wp:term":[{"taxonomy":"product_brand","embeddable":true,"href":"https:\/\/intellikid.com\/en\/wp-json\/wp\/v2\/product_brand?post=988921"},{"taxonomy":"product_cat","embeddable":true,"href":"https:\/\/intellikid.com\/en\/wp-json\/wp\/v2\/product_cat?post=988921"},{"taxonomy":"product_tag","embeddable":true,"href":"https:\/\/intellikid.com\/en\/wp-json\/wp\/v2\/product_tag?post=988921"}],"curies":[{"name":"wp","href":"https:\/\/api.w.org\/{rel}","templated":true}]}}